{"id":34145,"date":"2025-05-06T09:32:19","date_gmt":"2025-05-06T07:32:19","guid":{"rendered":"https:\/\/www.dvc.video\/proizvod\/Bez%20kategorije\/dvn-sp-2\/"},"modified":"2026-04-04T05:09:48","modified_gmt":"2026-04-04T03:09:48","slug":"dvn-sp-2","status":"publish","type":"product","link":"https:\/\/www.dvc.video\/sr\/proizvod\/interfoni-i-videointerfoni-sr\/dodaci-za-spoljne-jedinice\/dvn-sp-2\/","title":{"rendered":"DVN-SP"},"content":{"rendered":"","protected":false},"excerpt":{"rendered":"<p>Zvono za vrata. Mo\u017ee se upariti sa DVN-F2230CWL, vi\u0161e opcija za instalaciju, Mo\u017ee podesiti ja\u010dinu zvuka i melodiju zvona, Napaja se pomoc\u00b4u 2kom AA baterije. Podsetnik za nisku bateriju<\/p>\n","protected":false},"featured_media":34455,"template":"","meta":{"_et_pb_use_builder":"","_et_pb_old_content":"","_et_gb_content_width":""},"product_brand":[],"product_cat":[198,192],"product_tag":[],"class_list":{"0":"post-34145","1":"product","2":"type-product","3":"status-publish","4":"has-post-thumbnail","6":"product_cat-dodaci-za-spoljne-jedinice","7":"product_cat-interfoni-i-videointerfoni-sr","9":"first","10":"instock","11":"shipping-taxable","12":"product-type-simple"},"_links":{"self":[{"href":"https:\/\/www.dvc.video\/sr\/wp-json\/wp\/v2\/product\/34145","targetHints":{"allow":["GET"]}}],"collection":[{"href":"https:\/\/www.dvc.video\/sr\/wp-json\/wp\/v2\/product"}],"about":[{"href":"https:\/\/www.dvc.video\/sr\/wp-json\/wp\/v2\/types\/product"}],"wp:featuredmedia":[{"embeddable":true,"href":"https:\/\/www.dvc.video\/sr\/wp-json\/wp\/v2\/media\/34455"}],"wp:attachment":[{"href":"https:\/\/www.dvc.video\/sr\/wp-json\/wp\/v2\/media?parent=34145"}],"wp:term":[{"taxonomy":"product_brand","embeddable":true,"href":"https:\/\/www.dvc.video\/sr\/wp-json\/wp\/v2\/product_brand?post=34145"},{"taxonomy":"product_cat","embeddable":true,"href":"https:\/\/www.dvc.video\/sr\/wp-json\/wp\/v2\/product_cat?post=34145"},{"taxonomy":"product_tag","embeddable":true,"href":"https:\/\/www.dvc.video\/sr\/wp-json\/wp\/v2\/product_tag?post=34145"}],"curies":[{"name":"wp","href":"https:\/\/api.w.org\/{rel}","templated":true}]}}