{"id":34144,"date":"2025-05-06T09:32:20","date_gmt":"2025-05-06T07:32:20","guid":{"rendered":"https:\/\/www.dvc.video\/proizvod\/Bez%20kategorije\/dvn-m27w-2\/"},"modified":"2026-04-04T05:09:30","modified_gmt":"2026-04-04T03:09:30","slug":"dvn-m27w-2","status":"publish","type":"product","link":"https:\/\/www.dvc.video\/sr\/proizvod\/interfoni-i-videointerfoni-sr\/unutrasnje-jedinice-sr\/dvn-m27w-2\/","title":{"rendered":"DVN-M27W"},"content":{"rendered":"","protected":false},"excerpt":{"rendered":"<p>Monitor 7\u201d osetljiv na dodir, mogu\u0107nost dodavanja do 6 monitora po adresi, Mo\u017ee da vidi pozivne table na vratima i IP kamere (do 16IPC), Mo\u017ee da pravi snimke, NE MO\u017dE da preusmeri pozive na aplikaciju. 8 alarmnih zona, Korisnici mogu postaviti\/promeniti PIN sa monitora, Quad view, 12VDC\/PoE.<br \/>\nEthernet\/WiFi<\/p>\n","protected":false},"featured_media":34654,"template":"","meta":{"_et_pb_use_builder":"","_et_pb_old_content":"","_et_gb_content_width":""},"product_brand":[],"product_cat":[192,208],"product_tag":[],"class_list":{"0":"post-34144","1":"product","2":"type-product","3":"status-publish","4":"has-post-thumbnail","6":"product_cat-interfoni-i-videointerfoni-sr","7":"product_cat-unutrasnje-jedinice-sr","9":"first","10":"instock","11":"shipping-taxable","12":"product-type-simple"},"_links":{"self":[{"href":"https:\/\/www.dvc.video\/sr\/wp-json\/wp\/v2\/product\/34144","targetHints":{"allow":["GET"]}}],"collection":[{"href":"https:\/\/www.dvc.video\/sr\/wp-json\/wp\/v2\/product"}],"about":[{"href":"https:\/\/www.dvc.video\/sr\/wp-json\/wp\/v2\/types\/product"}],"wp:featuredmedia":[{"embeddable":true,"href":"https:\/\/www.dvc.video\/sr\/wp-json\/wp\/v2\/media\/34654"}],"wp:attachment":[{"href":"https:\/\/www.dvc.video\/sr\/wp-json\/wp\/v2\/media?parent=34144"}],"wp:term":[{"taxonomy":"product_brand","embeddable":true,"href":"https:\/\/www.dvc.video\/sr\/wp-json\/wp\/v2\/product_brand?post=34144"},{"taxonomy":"product_cat","embeddable":true,"href":"https:\/\/www.dvc.video\/sr\/wp-json\/wp\/v2\/product_cat?post=34144"},{"taxonomy":"product_tag","embeddable":true,"href":"https:\/\/www.dvc.video\/sr\/wp-json\/wp\/v2\/product_tag?post=34144"}],"curies":[{"name":"wp","href":"https:\/\/api.w.org\/{rel}","templated":true}]}}