{"id":28558,"date":"2021-05-18T12:33:34","date_gmt":"2021-05-18T10:33:34","guid":{"rendered":"https:\/\/www.dvc.video\/proizvod\/Bez%20kategorije\/dvc-821-2x1-s-2\/"},"modified":"2026-04-11T05:58:05","modified_gmt":"2026-04-11T03:58:05","slug":"dvc-821-2x1-s-2","status":"publish","type":"product","link":"https:\/\/www.dvc.video\/sr\/proizvod\/interfoni-i-videointerfoni-sr\/okviri-kutije-sr\/dvc-821-2x1-s-2\/","title":{"rendered":"DVC 821\/2X1-S"},"content":{"rendered":"","protected":false},"excerpt":{"rendered":"<p>Okvir serije DVC 821 za sme\u0161taj 2 modula u jednom redu, uklju\u010duje prednji deo od ner\u0111aju\u0107eg \u010delika, kutiju i okvir za za\u0161titu od ki\u0161e, nazidna ugradnja<\/p>\n","protected":false},"featured_media":34506,"template":"","meta":{"_et_pb_use_builder":"","_et_pb_old_content":"","_et_gb_content_width":""},"product_brand":[],"product_cat":[192,206],"product_tag":[],"class_list":{"0":"post-28558","1":"product","2":"type-product","3":"status-publish","4":"has-post-thumbnail","6":"product_cat-interfoni-i-videointerfoni-sr","7":"product_cat-okviri-kutije-sr","9":"first","10":"instock","11":"shipping-taxable","12":"product-type-simple"},"_links":{"self":[{"href":"https:\/\/www.dvc.video\/sr\/wp-json\/wp\/v2\/product\/28558","targetHints":{"allow":["GET"]}}],"collection":[{"href":"https:\/\/www.dvc.video\/sr\/wp-json\/wp\/v2\/product"}],"about":[{"href":"https:\/\/www.dvc.video\/sr\/wp-json\/wp\/v2\/types\/product"}],"wp:featuredmedia":[{"embeddable":true,"href":"https:\/\/www.dvc.video\/sr\/wp-json\/wp\/v2\/media\/34506"}],"wp:attachment":[{"href":"https:\/\/www.dvc.video\/sr\/wp-json\/wp\/v2\/media?parent=28558"}],"wp:term":[{"taxonomy":"product_brand","embeddable":true,"href":"https:\/\/www.dvc.video\/sr\/wp-json\/wp\/v2\/product_brand?post=28558"},{"taxonomy":"product_cat","embeddable":true,"href":"https:\/\/www.dvc.video\/sr\/wp-json\/wp\/v2\/product_cat?post=28558"},{"taxonomy":"product_tag","embeddable":true,"href":"https:\/\/www.dvc.video\/sr\/wp-json\/wp\/v2\/product_tag?post=28558"}],"curies":[{"name":"wp","href":"https:\/\/api.w.org\/{rel}","templated":true}]}}