{"id":28460,"date":"2021-05-18T12:38:14","date_gmt":"2021-05-18T10:38:14","guid":{"rendered":"https:\/\/www.dvc.video\/proizvod\/Bez%20kategorije\/dvc-dt607-fe-id-s3-rh-2\/"},"modified":"2026-04-11T05:55:48","modified_gmt":"2026-04-11T03:55:48","slug":"dvc-dt607-fe-id-s3-rh-2","status":"publish","type":"product","link":"https:\/\/www.dvc.video\/sr\/proizvod\/interfoni-i-videointerfoni-sr\/spoljne-jedinice\/dvc-dt607-fe-id-s3-rh-2\/","title":{"rendered":"DVC DT607\/FE\/ID\/S3\/RH"},"content":{"rendered":"","protected":false},"excerpt":{"rendered":"<p>Spolja\u0161nja pozivna jedinica sa Fisheye kamerom u boji (170\u00b0) i 3 pozivna tastera. Izra\u0111ena od ner\u0111aju\u0107eg \u010delika. IP54 za\u0161tita. Ugra\u0111en RFID \u010dita\u010d (125 kHz). Nazidna ugradnja.  Napajanje 24 VDC. U kompletu dolazi 7 kom RFID privezaka.Nazidna ugradnja.<\/p>\n","protected":false},"featured_media":5154,"template":"","meta":{"_et_pb_use_builder":"","_et_pb_old_content":"","_et_gb_content_width":""},"product_brand":[],"product_cat":[192,210],"product_tag":[],"class_list":{"0":"post-28460","1":"product","2":"type-product","3":"status-publish","4":"has-post-thumbnail","6":"product_cat-interfoni-i-videointerfoni-sr","7":"product_cat-spoljne-jedinice","9":"first","10":"instock","11":"shipping-taxable","12":"product-type-simple"},"_links":{"self":[{"href":"https:\/\/www.dvc.video\/sr\/wp-json\/wp\/v2\/product\/28460","targetHints":{"allow":["GET"]}}],"collection":[{"href":"https:\/\/www.dvc.video\/sr\/wp-json\/wp\/v2\/product"}],"about":[{"href":"https:\/\/www.dvc.video\/sr\/wp-json\/wp\/v2\/types\/product"}],"wp:featuredmedia":[{"embeddable":true,"href":"https:\/\/www.dvc.video\/sr\/wp-json\/wp\/v2\/media\/5154"}],"wp:attachment":[{"href":"https:\/\/www.dvc.video\/sr\/wp-json\/wp\/v2\/media?parent=28460"}],"wp:term":[{"taxonomy":"product_brand","embeddable":true,"href":"https:\/\/www.dvc.video\/sr\/wp-json\/wp\/v2\/product_brand?post=28460"},{"taxonomy":"product_cat","embeddable":true,"href":"https:\/\/www.dvc.video\/sr\/wp-json\/wp\/v2\/product_cat?post=28460"},{"taxonomy":"product_tag","embeddable":true,"href":"https:\/\/www.dvc.video\/sr\/wp-json\/wp\/v2\/product_tag?post=28460"}],"curies":[{"name":"wp","href":"https:\/\/api.w.org\/{rel}","templated":true}]}}