{"id":28446,"date":"2021-05-18T12:38:47","date_gmt":"2021-05-18T10:38:47","guid":{"rendered":"https:\/\/www.dvc.video\/proizvod\/Bez%20kategorije\/dvc-dt607c-s1-rh-2\/"},"modified":"2026-04-04T05:37:50","modified_gmt":"2026-04-04T03:37:50","slug":"dvc-dt607c-s1-rh-2","status":"publish","type":"product","link":"https:\/\/www.dvc.video\/sr\/proizvod\/interfoni-i-videointerfoni-sr\/spoljne-jedinice\/dvc-dt607c-s1-rh-2\/","title":{"rendered":"DVC DT607C\/S1\/RH"},"content":{"rendered":"","protected":false},"excerpt":{"rendered":"<p>Spolja\u0161nja pozivna jedinica sa \u0161irokougaonom kamerom u boji i 1 pozivnim tasterom. Izra\u0111ena od ner\u0111aju\u0107eg \u010delika. IP54 za\u0161tita. Nazidna ugradnja. Napajanje 24 VDC.<\/p>\n","protected":false},"featured_media":5158,"template":"","meta":{"_et_pb_use_builder":"","_et_pb_old_content":"","_et_gb_content_width":""},"product_brand":[],"product_cat":[192,210],"product_tag":[],"class_list":{"0":"post-28446","1":"product","2":"type-product","3":"status-publish","4":"has-post-thumbnail","6":"product_cat-interfoni-i-videointerfoni-sr","7":"product_cat-spoljne-jedinice","9":"first","10":"instock","11":"shipping-taxable","12":"product-type-simple"},"_links":{"self":[{"href":"https:\/\/www.dvc.video\/sr\/wp-json\/wp\/v2\/product\/28446","targetHints":{"allow":["GET"]}}],"collection":[{"href":"https:\/\/www.dvc.video\/sr\/wp-json\/wp\/v2\/product"}],"about":[{"href":"https:\/\/www.dvc.video\/sr\/wp-json\/wp\/v2\/types\/product"}],"wp:featuredmedia":[{"embeddable":true,"href":"https:\/\/www.dvc.video\/sr\/wp-json\/wp\/v2\/media\/5158"}],"wp:attachment":[{"href":"https:\/\/www.dvc.video\/sr\/wp-json\/wp\/v2\/media?parent=28446"}],"wp:term":[{"taxonomy":"product_brand","embeddable":true,"href":"https:\/\/www.dvc.video\/sr\/wp-json\/wp\/v2\/product_brand?post=28446"},{"taxonomy":"product_cat","embeddable":true,"href":"https:\/\/www.dvc.video\/sr\/wp-json\/wp\/v2\/product_cat?post=28446"},{"taxonomy":"product_tag","embeddable":true,"href":"https:\/\/www.dvc.video\/sr\/wp-json\/wp\/v2\/product_tag?post=28446"}],"curies":[{"name":"wp","href":"https:\/\/api.w.org\/{rel}","templated":true}]}}