{"id":28425,"date":"2021-05-18T12:40:05","date_gmt":"2021-05-18T10:40:05","guid":{"rendered":"https:\/\/www.dvc.video\/proizvod\/Bez%20kategorije\/dvc-dt611-mk-2\/"},"modified":"2026-04-11T05:54:54","modified_gmt":"2026-04-11T03:54:54","slug":"dvc-dt611-mk-2","status":"publish","type":"product","link":"https:\/\/www.dvc.video\/sr\/proizvod\/interfoni-i-videointerfoni-sr\/spoljne-jedinice\/dvc-dt611-mk-2\/","title":{"rendered":"DVC DT611\/MK"},"content":{"rendered":"","protected":false},"excerpt":{"rendered":"<p>Spolja\u0161nja pozivna jedinica s fish-eye kamerom u boji i 1 pozivnim tasterom. Izra\u0111ena od ner\u0111aju\u0107eg \u010delika. IP54 za\u0161tita. Ugra\u0111ena mehani\u010dka tastatura za kontrolu pristupa. Nazidna ugradnja (kutija u kompletu).<\/p>\n","protected":false},"featured_media":5168,"template":"","meta":{"_et_pb_use_builder":"","_et_pb_old_content":"","_et_gb_content_width":""},"product_brand":[],"product_cat":[192,210],"product_tag":[],"class_list":{"0":"post-28425","1":"product","2":"type-product","3":"status-publish","4":"has-post-thumbnail","6":"product_cat-interfoni-i-videointerfoni-sr","7":"product_cat-spoljne-jedinice","9":"first","10":"instock","11":"shipping-taxable","12":"product-type-simple"},"_links":{"self":[{"href":"https:\/\/www.dvc.video\/sr\/wp-json\/wp\/v2\/product\/28425","targetHints":{"allow":["GET"]}}],"collection":[{"href":"https:\/\/www.dvc.video\/sr\/wp-json\/wp\/v2\/product"}],"about":[{"href":"https:\/\/www.dvc.video\/sr\/wp-json\/wp\/v2\/types\/product"}],"wp:featuredmedia":[{"embeddable":true,"href":"https:\/\/www.dvc.video\/sr\/wp-json\/wp\/v2\/media\/5168"}],"wp:attachment":[{"href":"https:\/\/www.dvc.video\/sr\/wp-json\/wp\/v2\/media?parent=28425"}],"wp:term":[{"taxonomy":"product_brand","embeddable":true,"href":"https:\/\/www.dvc.video\/sr\/wp-json\/wp\/v2\/product_brand?post=28425"},{"taxonomy":"product_cat","embeddable":true,"href":"https:\/\/www.dvc.video\/sr\/wp-json\/wp\/v2\/product_cat?post=28425"},{"taxonomy":"product_tag","embeddable":true,"href":"https:\/\/www.dvc.video\/sr\/wp-json\/wp\/v2\/product_tag?post=28425"}],"curies":[{"name":"wp","href":"https:\/\/api.w.org\/{rel}","templated":true}]}}