{"id":5905,"date":"2021-03-04T14:02:51","date_gmt":"2021-03-04T13:02:51","guid":{"rendered":"https:\/\/www.dvc.video\/pravila-privatnosti\/"},"modified":"2021-07-06T12:25:30","modified_gmt":"2021-07-06T10:25:30","slug":"pravila-privatnosti","status":"publish","type":"page","link":"https:\/\/www.dvc.video\/sr\/pravila-privatnosti\/","title":{"rendered":"Pravila privatnosti"},"content":{"rendered":"<p>[et_pb_section fb_built=&#8220;1&#8243; _builder_version=&#8220;4.9.2&#8243; _module_preset=&#8220;default&#8220; background_enable_color=&#8220;off&#8220; background_image=&#8220;https:\/\/www.dvc.video\/wp-content\/uploads\/2021\/03\/bcg-red-triangle.jpg&#8220; height=&#8220;150px&#8220; height_last_edited=&#8220;off|desktop&#8220; custom_padding=&#8220;0px||0px||true|false&#8220; global_module=&#8220;793&#8243;][et_pb_row _builder_version=&#8220;4.9.2&#8243; _module_preset=&#8220;default&#8220;][et_pb_column type=&#8220;4_4&#8243; _builder_version=&#8220;4.9.2&#8243; _module_preset=&#8220;default&#8220;][et_pb_text _builder_version=&#8220;4.9.7&#8243; _dynamic_attributes=&#8220;content&#8220; _module_preset=&#8220;default&#8220; header_text_color=&#8220;#FFFFFF&#8220; header_line_height=&#8220;1.3em&#8220; header_font_size_tablet=&#8220;&#8220; header_font_size_phone=&#8220;&#8220; header_font_size_last_edited=&#8220;on|desktop&#8220;]@ET-DC@eyJkeW5hbWljIjp0cnVlLCJjb250ZW50IjoicG9zdF90aXRsZSIsInNldHRpbmdzIjp7ImJlZm9yZSI6IjxoMT4iLCJhZnRlciI6IjxcL2gxPiJ9fQ==@[\/et_pb_text][\/et_pb_column][\/et_pb_row][\/et_pb_section][et_pb_section fb_built=&#8220;1&#8243; _builder_version=&#8220;4.9.4&#8243; _module_preset=&#8220;default&#8220;][et_pb_row _builder_version=&#8220;4.9.4&#8243; _module_preset=&#8220;default&#8220;][et_pb_column type=&#8220;4_4&#8243; _builder_version=&#8220;4.9.4&#8243; _module_preset=&#8220;default&#8220;][et_pb_text _builder_version=&#8220;4.9.4&#8243; _module_preset=&#8220;default&#8220; header_2_font_size=&#8220;30px&#8220; header_2_line_height=&#8220;1.3em&#8220;]<\/p>\n<h2>Obaveza na povjerljivost podataka<\/h2>\n<p>Kompaniji Alarm automatika d.o.o. je va\u017ena za\u0161tita sigurnosti i privatnosti li\u010dnih podataka; stoga svoje poslovanje vodi u skladu s va\u017ee\u0107im zakonima o za\u0161titi i sigurnosti podataka.<\/p>\n<p>U nastavku navodimo koje podatke Alarm automatika d.o.o. mo\u017ee prikupljati, kako upotrebljava i \u010duva te podatke i kome ih mo\u017ee ustupati.<\/p>\n<h2>Li\u010dni podaci<\/h2>\n<p>Alarm automatika d.o.o. ne\u0107e prikupljati nikakve li\u010dne podatke putem svojih mre\u017enih stranica (npr. va\u0161e ime, adresu, telefonski broj ili elektronsku adresu), osim ako ih dobrovoljno date (npr. prijavom, anketom), ako date svoju saglasnost ili ako tako dopu\u0161taju va\u017ee\u0107i zakoni i propisi za za\u0161titu li\u010dnih podataka.<\/p>\n<h2>Svrha<\/h2>\n<p>Ustupanjem svojih li\u010dnih podataka saglasni ste da ih upotrebljavamo za odgovor na va\u0161 upit, obradu porud\u017ebine ili ustupanje pristupa posebnim informacijama ili ponudama. Nadalje, kako bismo uspostavili odnos s vama kao korisnikom:<\/p>\n<ul>\n<li>mo\u017eemo skladi\u0161titi i obra\u0111ivati li\u010dne podatke za bolje razumijevanje va\u0161ih poslovnih potreba i pronala\u017eenje na\u010dina za unapre\u0111enje na\u0161ih proizvoda i usluga;<\/li>\n<li>mo\u017eemo upotrebljavati li\u010dne podatke kako bismo vam se obratili u vezi s ponudom Alarm automatika d.o.o. radi pru\u017eanja podr\u0161ke va\u0161im poslovnim potrebama ili<\/li>\n<li>za sprovo\u0111enje online ankete koja bi nam pomogla u boljem razumevanju potreba kupaca.<\/li>\n<\/ul>\n<p>Ako ne \u017eelite da se va\u0161i li\u010dni podaci upotrebljavaju za podr\u0161ku odnosa s kupcima (naro\u010dito za direktni marketing ili istra\u017eivanje tr\u017ei\u0161ta), va\u0161 izbor \u0107e biti po\u0161tovan. Va\u0161e li\u010dne podatke ne prodajemo i ne plasiramo na tr\u017ei\u0161te tre\u0107im osobama.<\/p>\n<h2>Ograni\u010denje svrhe<\/h2>\n<p>Alarm automatika d.o.o. \u0107e skupljati, upotrebljavati ili objavljivati li\u010dne podatke koje date samo za potrebe s kojima ste vi upoznati, osim ako je ta objava:<\/p>\n<ul>\n<li>upotreba li\u010dnih podataka u drugu svrhu koja je direktno vezana uz izvornu svrhu za koju su osobni podaci i prikupljani,<\/li>\n<li>potrebna za pripremu, pregovaranje i ispunjavanje ugovora s vama,<\/li>\n<li>obavezna prema zakonu ili ako tako zahtevaju merodavna dr\u017eavna ili pravosudna tela,<\/li>\n<li>potrebna za vo\u0111enje sudskog ili drugog postupka<\/li>\n<li>potrebna za spre\u010davanje prevare ili drugih nelegalnih radnji na informaciono-tehnolo\u0161ki sistem Alarm automatike d.o.o.<\/li>\n<\/ul>\n<h2>Podaci o komunikaciji ili podaci o upotrebi<\/h2>\n<p>Upotrebom telekomunikacijskih usluga za pristup mre\u017enim stranicama va\u0161i podaci o komunikaciji (npr. IP adresa) ili podaci o upotrebi (npr. informacije o po\u010detku, kraju i opsegu svakog pristupa i informacije o telekomunikacijskim uslugama kojima ste pristupili) tehni\u010dki su generisani i mogli bi se potencijalno odnositi na li\u010dne podatke. Ako postoji neophodna potreba, va\u0161i podaci o komunikaciji ili upotrebi skupljat \u0107e se, obra\u0111ivati i koristiti u skladu s va\u017ee\u0107im pravnim okvirom vezano uz za\u0161titu i sigurnost podataka.<\/p>\n<h2>Op\u0161ti podaci koji se prikupljaju automatski<\/h2>\n<p>Kada pristupite na\u0161im mre\u017enim stranicama, mi automatski mo\u017eemo (tj. ne putem prijave) prikupiti op\u0161te podatke (npr. vrstu internet pretra\u017eiva\u010da i operativnog sistema kojim se slu\u017eite, naziv domena mre\u017enih stranica s kojih pristupate, broj poseta, prose\u010dno vreme provedeno na stranicama, pregledane stranice). Te podatke mo\u017eemo upotrebljavati i razmenjivati kako bismo pratili pose\u0107enost svojih mre\u017enih stranica i unapredili njihov rad ili sadr\u017eaj.<\/p>\n<h2>Cookies tzv. kola\u010di\u0107i \u2013 informacije koje se automatski skladi\u0161te na va\u0161 ra\u010dunar<\/h2>\n<p>Kada pogledate neku na\u0161u mre\u017enu stranicu, mi mo\u017eemo skladi\u0161titi neke podatke na va\u0161 ra\u010dunar u obliku kola\u010di\u0107a kako bismo automatski prepoznali va\u0161 ra\u010dunar kod slede\u0107e posete. Kola\u010di\u0107i nam mogu pomo\u0107i na razne na\u010dine, naprimer da mre\u017ene stranice bolje prilagodimo va\u0161im interesima ili da skladi\u0161timo va\u0161u lozinku kako je ne biste trebali svaki put unositi. Ako ne \u017eelite primati kola\u010di\u0107e, u postavkama svog internet pretra\u017eiva\u010da trebate namestiti brisanje kola\u010di\u0107a s hard diska ra\u010dunara, blokadu svih kola\u010di\u0107a ili primanje upozorenja pre skladi\u0161tenja kola\u010di\u0107a.<\/p>\n<h2>Sigurnost<\/h2>\n<p>Za za\u0161titu li\u010dnih podataka od slu\u010dajnog ili nezakonitog uni\u0161tenja, gubitka, izmena ili od neovla\u0161\u0107enog otkrivanja ili pristupa kompanija Alarm automatika d.o.o. preduzima tehni\u010dke i organizacijske mere sigurnosti.<\/p>\n<h2>Linkovi na druge mre\u017ene stranice<\/h2>\n<p>Alarm automatika d.o.o. mre\u017ene stranice sadr\u017ee linkove na druge mre\u017ene stranice i nije odgovorna za praksu vezanu uz privatnost ili sadr\u017eaj drugih mre\u017enih stranica.<\/p>\n<h2>Pitanja i komentari<\/h2>\n<p>Alarm automatika d.o.o. \u0107e odgovoriti na razumne zahteve za pregled li\u010dnih podataka i za ispravku, dopunu ili brisanje neta\u010dnih podataka. Redovno proveravajte ovu stranicu kako biste imali sve a\u017eurne informacije.<\/p>\n<h2>Registracija korisnika<\/h2>\n<p>Registracijom, korisnik daje li\u010dnu saglasnost za prikupljanje, kori\u0161\u0107enje, obradu i preno\u0161enje svojih li\u010dnih podataka. Registrovati se mo\u017ee samo punoletna osoba.<\/p>\n<h2>Saglasnost<\/h2>\n<p>Korisnik odabirom opcije \u201eSaglasan sam s pravilima kori\u0161\u0107enja\u201c prilikom registracije daje li\u010dnu saglasnost za prikupljanje, kori\u0161\u0107enje, obradu i preno\u0161enje svojih li\u010dnih podataka potrebnih za kori\u0161\u0107enje web stranica, uklju\u010duju\u0107i (ali bez ograni\u010davanja na):<\/p>\n<ul>\n<li>saglasnost da Alarm automatika d.o.o. mo\u017ee shodno odredbama propisa koje ure\u0111uju za\u0161titu li\u010dnih podataka, obra\u0111ivati date li\u010dne podatke za potrebe vlastitih evidencija i statistike, za potrebe stvaranja baze podataka o kupcima, obavje\u0161tavanja o proizvodima i uslugama, za potrebe informacija o isporuci, za potrebe dostave promotivnih materijala, unapre\u0111enje odnosa sa Kupcima kao i unapre\u0111enja usluga. Alarm automatika d.o.o. navedene podatke mo\u017ee davati tre\u0107im licima u svrhu izvr\u0161avanja usluge, za\u0161tite interesa korisnika i Alarm automatike d.o.o. kao i sprje\u010davanja eventualnih zloupotreba;<\/li>\n<li>potrebe \u0161to boljeg uvida i razumevanja pojedina\u010dnih potreba i zahteva korisnika kao i razvijanja mogu\u0107nosti \u0161to kvalitetnijeg pru\u017eanja svih usluga Alarm automatike d.o.o. koji za rezultat imaju pove\u0107anje zadovoljstva korisnika; saglasnost da mu se Alarm automatika d.o.o. mo\u017ee obra\u0107ati pismenim putem, telefonski, SMS-om i\/ili elektronskom po\u0161tom, te mu na ku\u0107nu adresu dostavljati materijale kojima \u0107e ga obave\u0161tavati o pogodnostima i novinama u svojoj ponudi; davanje podataka tre\u0107im osobama potrebnim za izvr\u0161enje gore navedenih svrha.<\/li>\n<\/ul>\n<p>Menad\u017eer zbirke Va\u0161ih li\u010dnih podataka je kompanija Alarm automatika d.o.o. na adresi Dra\u017eice 123c (Zamet), Rijeka.<\/p>\n<p>Prema \u010dlanu 7. Op\u0161te uredbe o za\u0161titi podataka Ispitanik ima pravo u svakom trenutku povu\u0107i svoj pristanak. Povla\u010denje pristanka ne uti\u010de na zakonitost obrade na temelju pristanka pre njegovog povla\u010denja. Pre davanja pristanka, ispitanik se o tome obave\u0161tava. Povla\u010denje pristanka mora biti jednako jednostavno kao i njegovo davanje.<\/p>\n<p>Opoziv mo\u017eete podneti li\u010dno u kancelarijama kompanije Alarm automatika d.o.o., po\u0161tom na gore navedenu adresu ili e-po\u0161tom na adresu <a href=\"mailto:gdpr@alarmautomatika.com\">gdpr@alarmautomatika.com<\/a>.<\/p>\n<p>Nakon pa\u017eljivog \u010ditanja i razumevanja informacija u ovoj Izjavi, dopu\u0161tate da Alarm automatika d.o.o., kao Menad\u017eer zbirke li\u010dnih podataka i korisnik, obra\u0111uje i koristi va\u0161e li\u010dne podatke prikupljene na ovim web stranicama radi omogu\u0107ivanja pristupa i inicijativama koje se nude putem njih, radi istra\u017eivanja tr\u017ei\u0161ta, slanja informacija, ponuda i reklamnih materijala o novim uslugama i\/ili proizvodima dostupnima u Alarm automatici d.o.o.<\/p>\n<p>Ovim putem izri\u010dito izjavljujete da imate vi\u0161e od 18 godina i da zakonski mo\u017eete dati svoj pristanak, \u010dime ujedno potvr\u0111ujete prihvatanje Pravnih uslova kori\u0161\u0107enja sadr\u017eaja internet stranica Alarm automatike d.o.o. i Pravila privatnosti na internet stranicama Alarm automatike d.o.o. sa \u010dijim ste sadr\u017eajem upoznati.[\/et_pb_text][\/et_pb_column][\/et_pb_row][\/et_pb_section]<\/p>\n","protected":false},"excerpt":{"rendered":"<p>Obaveza na povjerljivost podataka Kompaniji Alarm automatika d.o.o. je va\u017ena za\u0161tita sigurnosti i privatnosti li\u010dnih podataka; stoga svoje poslovanje vodi u skladu s va\u017ee\u0107im zakonima o za\u0161titi i sigurnosti podataka. U nastavku navodimo koje podatke Alarm automatika d.o.o. mo\u017ee prikupljati, kako upotrebljava i \u010duva te podatke i kome ih mo\u017ee ustupati. Li\u010dni podaci Alarm automatika [&hellip;]<\/p>\n","protected":false},"author":9,"featured_media":0,"parent":0,"menu_order":0,"comment_status":"closed","ping_status":"closed","template":"","meta":{"_et_pb_use_builder":"on","_et_pb_old_content":"","_et_gb_content_width":"","footnotes":""},"class_list":["post-5905","page","type-page","status-publish","hentry"],"_links":{"self":[{"href":"https:\/\/www.dvc.video\/sr\/wp-json\/wp\/v2\/pages\/5905","targetHints":{"allow":["GET"]}}],"collection":[{"href":"https:\/\/www.dvc.video\/sr\/wp-json\/wp\/v2\/pages"}],"about":[{"href":"https:\/\/www.dvc.video\/sr\/wp-json\/wp\/v2\/types\/page"}],"author":[{"embeddable":true,"href":"https:\/\/www.dvc.video\/sr\/wp-json\/wp\/v2\/users\/9"}],"replies":[{"embeddable":true,"href":"https:\/\/www.dvc.video\/sr\/wp-json\/wp\/v2\/comments?post=5905"}],"version-history":[{"count":0,"href":"https:\/\/www.dvc.video\/sr\/wp-json\/wp\/v2\/pages\/5905\/revisions"}],"wp:attachment":[{"href":"https:\/\/www.dvc.video\/sr\/wp-json\/wp\/v2\/media?parent=5905"}],"curies":[{"name":"wp","href":"https:\/\/api.w.org\/{rel}","templated":true}]}}