{"id":4544,"date":"2021-03-09T11:23:32","date_gmt":"2021-03-09T10:23:32","guid":{"rendered":"https:\/\/www.dvc.video\/videointerfoni\/"},"modified":"2023-04-11T15:11:48","modified_gmt":"2023-04-11T13:11:48","slug":"videointerfoni","status":"publish","type":"page","link":"https:\/\/www.dvc.video\/sr\/videointerfoni\/","title":{"rendered":"Videointerfoni"},"content":{"rendered":"<p>[et_pb_section fb_built=&#8220;1&#8243; _builder_version=&#8220;4.20.2&#8243; _module_preset=&#8220;default&#8220; background_enable_color=&#8220;off&#8220; background_image=&#8220;https:\/\/www.dvc.video\/wp-content\/uploads\/2021\/03\/bcg-red-triangle.jpg&#8220; height=&#8220;150px&#8220; height_last_edited=&#8220;off|desktop&#8220; custom_padding=&#8220;34px||34px||true|false&#8220; global_module=&#8220;793&#8243; saved_tabs=&#8220;all&#8220; global_colors_info=&#8220;{}&#8220;][et_pb_row _builder_version=&#8220;4.16&#8243; _module_preset=&#8220;default&#8220; global_colors_info=&#8220;{}&#8220;][et_pb_column type=&#8220;4_4&#8243; _builder_version=&#8220;4.16&#8243; _module_preset=&#8220;default&#8220; global_colors_info=&#8220;{}&#8220;][et_pb_text _builder_version=&#8220;4.20.0&#8243; _dynamic_attributes=&#8220;content&#8220; _module_preset=&#8220;default&#8220; header_text_color=&#8220;#FFFFFF&#8220; header_line_height=&#8220;1.3em&#8220; header_font_size_tablet=&#8220;&#8220; header_font_size_phone=&#8220;&#8220; header_font_size_last_edited=&#8220;on|desktop&#8220; global_colors_info=&#8220;{}&#8220;]@ET-DC@eyJkeW5hbWljIjp0cnVlLCJjb250ZW50IjoicG9zdF90aXRsZSIsInNldHRpbmdzIjp7ImJlZm9yZSI6IjxoMT4iLCJhZnRlciI6IjxcL2gxPiJ9fQ==@[\/et_pb_text][\/et_pb_column][\/et_pb_row][\/et_pb_section][et_pb_section fb_built=&#8220;1&#8243; _builder_version=&#8220;4.16&#8243; _module_preset=&#8220;default&#8220; global_colors_info=&#8220;{}&#8220;][et_pb_row _builder_version=&#8220;4.16&#8243; _module_preset=&#8220;default&#8220; global_colors_info=&#8220;{}&#8220;][et_pb_column type=&#8220;4_4&#8243; _builder_version=&#8220;4.16&#8243; _module_preset=&#8220;default&#8220; global_colors_info=&#8220;{}&#8220;][et_pb_text _builder_version=&#8220;4.20.2&#8243; _module_preset=&#8220;default&#8220; hover_enabled=&#8220;0&#8243; global_colors_info=&#8220;{}&#8220; sticky_enabled=&#8220;0&#8243;]<\/p>\n<p>DVC linija video interfona nudi sveobuhvatan asortiman proizvoda koji \u0107e korisniku omogu\u0107iti prakti\u010dnu i jednostavnu dvosmernu audio i video komunikaciju. Odaberite izme\u0111u na\u0161e visoko efikasne IP ili 2-wire linije proizvoda video interfona, koja \u0107e se prilagoditi svakoj aplikaciji.  <\/p>\n<p>[\/et_pb_text][et_pb_text _builder_version=&#8220;4.20.2&#8243; _module_preset=&#8220;default&#8220; hover_enabled=&#8220;0&#8243; global_colors_info=&#8220;{}&#8220; sticky_enabled=&#8220;0&#8243;]<\/p>\n<h2>IP videointerfonski sistemi<\/h2>\n<p>DVC IP videointerfonski sistem je stabilan, prilagodljiv, ekonomi\u010dan i jednostavan za instalaciju i kori\u0161\u0107enje. <\/p>\n<ul>\n<li>Povezivanje putem wifi-a<\/li>\n<li>Pregled IP kamera<\/li>\n<li>Integracija s kamerama gotovo svih proizvo\u0111a\u010da<\/li>\n<li>Quad view i slika u slici<\/li>\n<li>Preusmjeravanje poziva na aplikaciju<\/li>\n<\/ul>\n<p>IP videointerfonski sistem pogodan je za male, srednje i velike instalacije, od ku\u0107e i vile, do zgrade sa vi\u0161e ulaza ili kompleksnog sistema.<\/p>\n<p>[\/et_pb_text][et_pb_text _builder_version=&#8220;4.20.2&#8243; _module_preset=&#8220;default&#8220; hover_enabled=&#8220;0&#8243; global_colors_info=&#8220;{}&#8220; sticky_enabled=&#8220;0&#8243;]<\/p>\n<h2>2-wire videointerfonski sistemi<\/h2>\n<p>Jednostavnost o\u017ei\u010denja i fleksibilnost \u010dine DVC 2-Wire videointerfonski sistem kvalitetnim odabirom kako za instalatera, tako i za krajnjeg korisnika. Najve\u0107a prednost instalateru ovog sistema \u010dini mogu\u0107nost kori\u0161\u0107enja ve\u0107 postoje\u0107e, stare instalacije ili jednostavnost provla\u010denja nove, \u0161to zna\u010di manji tro\u0161ak za krajnjeg korisnika. <\/p>\n<ul>\n<li>Kapacitet sistema do 256 stanova<\/li>\n<li>Jednostavna konfiguracija i automatska detekcija elemenata u sistemu<\/li>\n<li>Povezivanje putem Wifi-a<\/li>\n<li>Quad view i slika u slici<\/li>\n<li>Preusmjeravanje poziva na aplikaciju<\/li>\n<\/ul>\n<p>[\/et_pb_text][et_pb_text _builder_version=&#8220;4.20.2&#8243; _module_preset=&#8220;default&#8220; hover_enabled=&#8220;0&#8243; global_colors_info=&#8220;{}&#8220; sticky_enabled=&#8220;0&#8243;]<\/p>\n<h2>Modularnost sistema<\/h2>\n<p>Modularnost DVC videointerfonskih sistema omogu\u0107uje prilago\u0111avanje specifi\u010dnim \u017eeljama i finansijskim mogu\u0107nostima korisnika kao i jednostavnijim pro\u0161irenjima u slu\u010daju potrebe.[\/et_pb_text][et_pb_text _builder_version=&#8220;4.20.2&#8243; _module_preset=&#8220;default&#8220; hover_enabled=&#8220;0&#8243; global_colors_info=&#8220;{}&#8220; sticky_enabled=&#8220;0&#8243;]<\/p>\n<h2>Kvalitet slike<\/h2>\n<p>Ve\u0107ina DVC videointerfonskih spolja\u0161njih jedinica opremljena je \u0161irokougaonom (FishEye) kamerom u boji koja pokriva ugao gledanja od 170\u02da (horizontalno) i 130\u02da (vertikalno). Te karakteristike omogu\u0107avaju korisniku znatno lak\u0161u identifikaciju osoba i bolje uo\u010davanje detalja.<\/p>\n<p>[\/et_pb_text][et_pb_text _builder_version=&#8220;4.20.2&#8243; _module_preset=&#8220;default&#8220; hover_enabled=&#8220;0&#8243; global_colors_info=&#8220;{}&#8220; sticky_enabled=&#8220;0&#8243;]<\/p>\n<h2>VDP Connect aplikacija <\/h2>\n<p>VDP aplikacija omogu\u0107i\u0107e korisniku jednostavno upravljanje DVC video interfonskim sistemom. Pomo\u0107u aplikacije korisnik mo\u017ee da odgovori na poziv sa spolja\u0161nje jedinice, da razgovara sa posetiocima putem mobilnog ure\u0111aja i da kontroli\u0161e otklju\u010davanje.<\/p>\n<p>[\/et_pb_text][\/et_pb_column][\/et_pb_row][\/et_pb_section]<\/p>\n","protected":false},"excerpt":{"rendered":"<p>DVC linija video interfona nudi sveobuhvatan asortiman proizvoda koji \u0107e korisniku omogu\u0107iti prakti\u010dnu i jednostavnu dvosmernu audio i video komunikaciju. Odaberite izme\u0111u na\u0161e visoko efikasne IP ili 2-wire linije proizvoda video interfona, koja \u0107e se prilagoditi svakoj aplikaciji. IP videointerfonski sistemi DVC IP videointerfonski sistem je stabilan, prilagodljiv, ekonomi\u010dan i jednostavan za instalaciju i kori\u0161\u0107enje. [&hellip;]<\/p>\n","protected":false},"author":9,"featured_media":0,"parent":0,"menu_order":0,"comment_status":"closed","ping_status":"closed","template":"","meta":{"_et_pb_use_builder":"on","_et_pb_old_content":"","_et_gb_content_width":"","footnotes":""},"class_list":["post-4544","page","type-page","status-publish","hentry"],"_links":{"self":[{"href":"https:\/\/www.dvc.video\/sr\/wp-json\/wp\/v2\/pages\/4544","targetHints":{"allow":["GET"]}}],"collection":[{"href":"https:\/\/www.dvc.video\/sr\/wp-json\/wp\/v2\/pages"}],"about":[{"href":"https:\/\/www.dvc.video\/sr\/wp-json\/wp\/v2\/types\/page"}],"author":[{"embeddable":true,"href":"https:\/\/www.dvc.video\/sr\/wp-json\/wp\/v2\/users\/9"}],"replies":[{"embeddable":true,"href":"https:\/\/www.dvc.video\/sr\/wp-json\/wp\/v2\/comments?post=4544"}],"version-history":[{"count":0,"href":"https:\/\/www.dvc.video\/sr\/wp-json\/wp\/v2\/pages\/4544\/revisions"}],"wp:attachment":[{"href":"https:\/\/www.dvc.video\/sr\/wp-json\/wp\/v2\/media?parent=4544"}],"curies":[{"name":"wp","href":"https:\/\/api.w.org\/{rel}","templated":true}]}}