{"id":4523,"date":"2021-03-09T11:17:17","date_gmt":"2021-03-09T10:17:17","guid":{"rendered":"https:\/\/www.dvc.video\/stanovi-i-poslovni-prostori\/"},"modified":"2024-10-31T09:33:13","modified_gmt":"2024-10-31T08:33:13","slug":"stanovi-i-poslovni-prostori","status":"publish","type":"page","link":"https:\/\/www.dvc.video\/sr\/stanovi-i-poslovni-prostori\/","title":{"rendered":"Stanovi i poslovni prostori"},"content":{"rendered":"<p>[et_pb_section fb_built=&#8220;1&#8243; _builder_version=&#8220;4.9.2&#8243; _module_preset=&#8220;default&#8220; background_enable_color=&#8220;off&#8220; background_image=&#8220;https:\/\/www.dvc.video\/wp-content\/uploads\/2021\/03\/bcg-red-triangle.jpg&#8220; height_last_edited=&#8220;off|desktop&#8220; global_module=&#8220;793&#8243;][et_pb_row _builder_version=&#8220;4.9.2&#8243; _module_preset=&#8220;default&#8220;][et_pb_column type=&#8220;4_4&#8243; _builder_version=&#8220;4.9.2&#8243; _module_preset=&#8220;default&#8220;][et_pb_text _builder_version=&#8220;4.9.7&#8243; _dynamic_attributes=&#8220;content&#8220; _module_preset=&#8220;default&#8220; header_text_color=&#8220;#FFFFFF&#8220; header_line_height=&#8220;1.3em&#8220; header_font_size_tablet=&#8220;&#8220; header_font_size_phone=&#8220;&#8220; header_font_size_last_edited=&#8220;on|desktop&#8220;]@ET-DC@eyJkeW5hbWljIjp0cnVlLCJjb250ZW50IjoicG9zdF90aXRsZSIsInNldHRpbmdzIjp7ImJlZm9yZSI6IjxoMT4iLCJhZnRlciI6IjxcL2gxPiJ9fQ==@[\/et_pb_text][\/et_pb_column][\/et_pb_row][\/et_pb_section][et_pb_section fb_built=&#8220;1&#8243; _builder_version=&#8220;4.9.10&#8243; _module_preset=&#8220;default&#8220; hover_enabled=&#8220;0&#8243; custom_padding=&#8220;||0px||false|false&#8220; sticky_enabled=&#8220;0&#8243;][et_pb_row _builder_version=&#8220;4.9.4&#8243; _module_preset=&#8220;default&#8220;][et_pb_column type=&#8220;4_4&#8243; _builder_version=&#8220;4.9.4&#8243; _module_preset=&#8220;default&#8220;][et_pb_text _builder_version=&#8220;4.9.2&#8243; _module_preset=&#8220;default&#8220;]<\/p>\n<h2>Smart home re\u0161enja<\/h2>\n<p>Potpuno nevidljiva re\u0161enja videonadzora uklopljena u svakodnevni \u017eivot i integrisana sa smart sistemima unutar ku\u0107e ili stana, podi\u017eu nivo sigurnosti, a tako i kvaliteta \u017eivota. Videonadzor do 16 kamera i videointerfonski sistem do 32 adrese, prikladni su za ve\u0107inu stanova, ku\u0107a, vikendica, vila, kao i za male firme sme\u0161tene u stambene prostore poput stomatolo\u0161kih ordinacija, menja\u010dnica, kladionica, razli\u010ditih malih trgovina i sl.[\/et_pb_text][\/et_pb_column][\/et_pb_row][et_pb_row _builder_version=&#8220;4.9.4&#8243; _module_preset=&#8220;default&#8220;][et_pb_column type=&#8220;4_4&#8243; _builder_version=&#8220;4.9.4&#8243; _module_preset=&#8220;default&#8220;][et_pb_text _builder_version=&#8220;4.9.2&#8243; _module_preset=&#8220;default&#8220;]<\/p>\n<h2>Wi-Fi nadzorne kamere<\/h2>\n<p>Wi-Fi IP kamere jednostavno se postavljaju, imaju veliki domet i koriste se i u ku\u0107nim i u poslovnim aplikacijama. Dostupni su modeli sa snimanjem po rasporedu ili po detekciji pokreta, za spoljnu i unutra\u0161nju ugradnju. Omogu\u0107avaju rezoluciju snimanja do 5 MP, dvosmernu audio komunikaciju, no\u0107no snimanje i arhiviranje video zapisa na SD karticu ili snima\u010d. Prostor se mo\u017ee nadgledati i daljinski putem mobilnog telefona.[\/et_pb_text][\/et_pb_column][\/et_pb_row][et_pb_row _builder_version=&#8220;4.9.4&#8243; _module_preset=&#8220;default&#8220;][et_pb_column type=&#8220;4_4&#8243; _builder_version=&#8220;4.9.4&#8243; _module_preset=&#8220;default&#8220;][et_pb_text _builder_version=&#8220;4.9.2&#8243; _module_preset=&#8220;default&#8220;]<\/p>\n<h2>Sigurnost i kada vas nema<\/h2>\n<p>Dom je \u010dovekova sigurna luka. Iz udobnosti vlastitog doma pro\u017eivljavaju se najlep\u0161i i najopu\u0161teniji trenuci. Osigurati sigurnost onom najdragocenijem \u0161to imamo od imovine, kao \u0161to su stan, gara\u017ea, vikendica ili poslovni prostor, neizmerno je va\u017eno.<\/p>\n<p>Kako bi se najefikasnije pove\u0107ao nivo za\u0161tite i sigurnosti, a istovremeno ote\u017eala mogu\u0107nost kra\u0111e ili provale, u skladu sa individualnim potrebama mogu\u0107e je odabrati najpogodniji komplet videonadzora.[\/et_pb_text][\/et_pb_column][\/et_pb_row][et_pb_row _builder_version=&#8220;4.9.4&#8243; _module_preset=&#8220;default&#8220;][et_pb_column type=&#8220;4_4&#8243; _builder_version=&#8220;4.9.4&#8243; _module_preset=&#8220;default&#8220;][et_pb_text _builder_version=&#8220;4.9.2&#8243; _module_preset=&#8220;default&#8220;]<\/p>\n<h2>Jednostavna i profesionalna instalacija<\/h2>\n<p>Kako bi odabrani sistem videonadzora , \u0161ti\u0107eni prostor \u010dinio maksimalno sigurnim, od velike je va\u017enosti pravilno rasporediti i postaviti ure\u0111aje unutar i izvan prostora. Danas, kada je vremena sve manje idealni su sistemi za\u0161tite, oni jednostavni za instalaciju i upravljanje.[\/et_pb_text][\/et_pb_column][\/et_pb_row][et_pb_row _builder_version=&#8220;4.9.4&#8243; _module_preset=&#8220;default&#8220;][et_pb_column type=&#8220;4_4&#8243; _builder_version=&#8220;4.9.4&#8243; _module_preset=&#8220;default&#8220;][et_pb_text _builder_version=&#8220;4.9.2&#8243; _module_preset=&#8220;default&#8220;]<\/p>\n<h2>Pregled kamera u realnom vremenu<\/h2>\n<p>Pametne sigurnosne kamere za stambene aplikacije, moraju da imaju mogu\u0107nost da prepoznaju posetioce, kao i da \u0161alju upozorenja kako bi dom bio siguran i kad je ku\u0107a prazna. Za pristup kameri bilo kada i bilo gde, pobrinu\u0107e se besplatna DVC Connect aplikacija za iOS i Android.<\/p>\n<p>Odgovaraju\u0107i videonadzor \u010duva\u0107e i kontrolisa\u0107e sva kriti\u010dna mesta \u0161ti\u0107enog prostora &#8211; magacine, ulaze, prilaze, koji se u realnom vremenu mogu daljinski nadzirati putem mobilnog telefona. Mogu\u0107e je i lokalno snimanje na SD karticu mobilnog telefona i pregled snimka sa SD kartice, kao i alarmiranje korisnika o doga\u0111ajima iniciranim detekcijom kretanja ili samim alarmnim ulazima na snima\u010du.[\/et_pb_text][\/et_pb_column][\/et_pb_row][\/et_pb_section][et_pb_section fb_built=&#8220;1&#8243; _builder_version=&#8220;4.9.10&#8243; _module_preset=&#8220;default&#8220; hover_enabled=&#8220;0&#8243; saved_tabs=&#8220;all&#8220; global_module=&#8220;721&#8243; custom_padding=&#8220;0px||||false|false&#8220; sticky_enabled=&#8220;0&#8243;][et_pb_row column_structure=&#8220;1_2,1_2&#8243; use_custom_gutter=&#8220;on&#8220; gutter_width=&#8220;1&#8243; make_equal=&#8220;on&#8220; _builder_version=&#8220;4.9.4&#8243; _module_preset=&#8220;default&#8220;][et_pb_column type=&#8220;1_2&#8243; _builder_version=&#8220;4.9.1&#8243; _module_preset=&#8220;default&#8220;][et_pb_blurb title=&#8220;DVC Connect&#8220; image=&#8220;https:\/\/www.dvc.video\/wp-content\/uploads\/2021\/03\/dvc-connect.jpg&#8220; alt=&#8220;DVC Connect&#8220; _builder_version=&#8220;4.9.10&#8243; _module_preset=&#8220;default&#8220; header_font=&#8220;|700|||||||&#8220; body_font_size=&#8220;14px&#8220; custom_padding_tablet=&#8220;||50px||false|false&#8220; custom_padding_phone=&#8220;&#8220; custom_padding_last_edited=&#8220;on|tablet&#8220; animation=&#8220;off&#8220; border_width_right=&#8220;1px&#8220; border_color_right=&#8220;#e7e7e7&#8243; border_width_right_tablet=&#8220;0px&#8220; border_width_right_phone=&#8220;&#8220; border_width_right_last_edited=&#8220;on|tablet&#8220; border_width_bottom_tablet=&#8220;&#8220; border_width_bottom_phone=&#8220;&#8220; border_width_bottom_last_edited=&#8220;on|desktop&#8220;]<\/p>\n<p>Pregled kamera sa snima\u010da u\u017eivo, lokalno snimanje na SD karticu mobilnog telefona i pregled snimljene snimke, kao i alarmiranje korisnika o doga\u0111ajima iniciranima detekcijom kretanja ili samim alarmnim ulazima na snima\u010du.<\/p>\n<p><a href=\"https:\/\/play.google.com\/store\/apps\/details?id=video.dvc.connect\" target=\"_blank\" rel=\"noopener\"><img decoding=\"async\" class=\"app_store_badge\" src=\"https:\/\/www.dvc.video\/wp-content\/uploads\/2021\/03\/google-play-badge.svg\" \/><\/a>\u00a0<a href=\"https:\/\/apps.apple.com\/hr\/app\/dvc-connect\/id1453670318?l=hr\" target=\"_blank\" rel=\"noopener\"><img decoding=\"async\" class=\"app_store_badge\" src=\"https:\/\/www.dvc.video\/wp-content\/uploads\/2021\/03\/download-on-the-app-store-badge.svg\" \/><\/a><\/p>\n<p>[\/et_pb_blurb][\/et_pb_column][et_pb_column type=&#8220;1_2&#8243; _builder_version=&#8220;4.9.1&#8243; _module_preset=&#8220;default&#8220;][et_pb_blurb title=&#8220;VDP Connect&#8220; image=&#8220;https:\/\/www.dvc.video\/wp-content\/uploads\/2021\/03\/vdp-connect.jpg&#8220; alt=&#8220;VDP Connect&#8220; _builder_version=&#8220;4.9.10&#8243; _module_preset=&#8220;default&#8220; header_font=&#8220;|700|||||||&#8220; body_font_size=&#8220;14px&#8220; animation=&#8220;off&#8220;]<\/p>\n<p>Aplikacija predstavlja veliku pomo\u0107 svim korisnicima DVC\u00a0videointerfonskog sistema. Pomo\u0107u aplikacije korisnik mo\u017ee odgovoriti na poziv sa spoljne jedinice, razgovarati s posetiteljima putem mobilnog ure\u0111aja i kontrolisati otklju\u010davanje.<\/p>\n<p><a href=\"https:\/\/play.google.com\/store\/apps\/details?id=com.vdpconnect.vdp\" target=\"_blank\" rel=\"noopener\"><img decoding=\"async\" class=\"app_store_badge\" src=\"https:\/\/www.dvc.video\/wp-content\/uploads\/2021\/03\/google-play-badge.svg\" \/><\/a>\u00a0<a href=\"https:\/\/apps.apple.com\/sa\/app\/vdpconnect\/id1537340769\" target=\"_blank\" rel=\"noopener\"><img decoding=\"async\" class=\"app_store_badge\" src=\"https:\/\/www.dvc.video\/wp-content\/uploads\/2021\/03\/download-on-the-app-store-badge.svg\" \/><\/a><\/p>\n<p>[\/et_pb_blurb][\/et_pb_column][\/et_pb_row][\/et_pb_section]<\/p>\n","protected":false},"excerpt":{"rendered":"<p>Smart home re\u0161enja Potpuno nevidljiva re\u0161enja videonadzora uklopljena u svakodnevni \u017eivot i integrisana sa smart sistemima unutar ku\u0107e ili stana, podi\u017eu nivo sigurnosti, a tako i kvaliteta \u017eivota. Videonadzor do 16 kamera i videointerfonski sistem do 32 adrese, prikladni su za ve\u0107inu stanova, ku\u0107a, vikendica, vila, kao i za male firme sme\u0161tene u stambene prostore [&hellip;]<\/p>\n","protected":false},"author":9,"featured_media":0,"parent":0,"menu_order":0,"comment_status":"closed","ping_status":"closed","template":"","meta":{"_et_pb_use_builder":"on","_et_pb_old_content":"","_et_gb_content_width":"","footnotes":""},"class_list":["post-4523","page","type-page","status-publish","hentry"],"_links":{"self":[{"href":"https:\/\/www.dvc.video\/sr\/wp-json\/wp\/v2\/pages\/4523","targetHints":{"allow":["GET"]}}],"collection":[{"href":"https:\/\/www.dvc.video\/sr\/wp-json\/wp\/v2\/pages"}],"about":[{"href":"https:\/\/www.dvc.video\/sr\/wp-json\/wp\/v2\/types\/page"}],"author":[{"embeddable":true,"href":"https:\/\/www.dvc.video\/sr\/wp-json\/wp\/v2\/users\/9"}],"replies":[{"embeddable":true,"href":"https:\/\/www.dvc.video\/sr\/wp-json\/wp\/v2\/comments?post=4523"}],"version-history":[{"count":1,"href":"https:\/\/www.dvc.video\/sr\/wp-json\/wp\/v2\/pages\/4523\/revisions"}],"predecessor-version":[{"id":32157,"href":"https:\/\/www.dvc.video\/sr\/wp-json\/wp\/v2\/pages\/4523\/revisions\/32157"}],"wp:attachment":[{"href":"https:\/\/www.dvc.video\/sr\/wp-json\/wp\/v2\/media?parent=4523"}],"curies":[{"name":"wp","href":"https:\/\/api.w.org\/{rel}","templated":true}]}}