{"id":4517,"date":"2021-03-09T11:21:14","date_gmt":"2021-03-09T10:21:14","guid":{"rendered":"https:\/\/www.dvc.video\/srednje-velika-poduzeca\/"},"modified":"2021-07-07T10:14:10","modified_gmt":"2021-07-07T08:14:10","slug":"srednje-velika-poduzeca","status":"publish","type":"page","link":"https:\/\/www.dvc.video\/sr\/srednje-velika-poduzeca\/","title":{"rendered":"Srednje velika poduze\u0107a"},"content":{"rendered":"<p>[et_pb_section fb_built=&#8220;1&#8243; _builder_version=&#8220;4.9.2&#8243; _module_preset=&#8220;default&#8220; background_enable_color=&#8220;off&#8220; background_image=&#8220;https:\/\/www.dvc.video\/wp-content\/uploads\/2021\/03\/bcg-red-triangle.jpg&#8220; height=&#8220;150px&#8220; height_last_edited=&#8220;off|desktop&#8220; custom_padding=&#8220;0px||0px||true|false&#8220; global_module=&#8220;793&#8243;][et_pb_row _builder_version=&#8220;4.9.2&#8243; _module_preset=&#8220;default&#8220;][et_pb_column type=&#8220;4_4&#8243; _builder_version=&#8220;4.9.2&#8243; _module_preset=&#8220;default&#8220;][et_pb_text _builder_version=&#8220;4.9.7&#8243; _dynamic_attributes=&#8220;content&#8220; _module_preset=&#8220;default&#8220; header_text_color=&#8220;#FFFFFF&#8220; header_line_height=&#8220;1.3em&#8220; header_font_size_tablet=&#8220;&#8220; header_font_size_phone=&#8220;&#8220; header_font_size_last_edited=&#8220;on|desktop&#8220;]@ET-DC@eyJkeW5hbWljIjp0cnVlLCJjb250ZW50IjoicG9zdF90aXRsZSIsInNldHRpbmdzIjp7ImJlZm9yZSI6IjxoMT4iLCJhZnRlciI6IjxcL2gxPiJ9fQ==@[\/et_pb_text][\/et_pb_column][\/et_pb_row][\/et_pb_section][et_pb_section fb_built=&#8220;1&#8243; _builder_version=&#8220;4.9.2&#8243; _module_preset=&#8220;default&#8220;][et_pb_row _builder_version=&#8220;4.9.2&#8243; _module_preset=&#8220;default&#8220;][et_pb_column type=&#8220;4_4&#8243; _builder_version=&#8220;4.9.2&#8243; _module_preset=&#8220;default&#8220;][et_pb_text _builder_version=&#8220;4.9.2&#8243; _module_preset=&#8220;default&#8220;]S rastom poslovanja, raste i potreba za profesionalnijim re\u0161enjem za\u0161tite.[\/et_pb_text][\/et_pb_column][\/et_pb_row][et_pb_row _builder_version=&#8220;4.9.4&#8243; _module_preset=&#8220;default&#8220;][et_pb_column type=&#8220;4_4&#8243; _builder_version=&#8220;4.9.4&#8243; _module_preset=&#8220;default&#8220;][et_pb_text _builder_version=&#8220;4.9.2&#8243; _module_preset=&#8220;default&#8220;]<\/p>\n<h2>Fleksibilnost<\/h2>\n<p>Sigurnosni sistem mo\u017ee \u010diniti sve od instalacije videonadzora, do kombinacije kamera i ostalih sigurnosnih ure\u0111aja poput alarmnog sistema, kontrole pristupa ili evidencije radnog vremena zaposlenih. A \u0161ta ako se potrebe korisnika promene? DVC celovita re\u0161enja lako se prilago\u0111avaju rastu\u0107em poslovanju i promenljivim potrebama.[\/et_pb_text][\/et_pb_column][\/et_pb_row][et_pb_row _builder_version=&#8220;4.9.4&#8243; _module_preset=&#8220;default&#8220;][et_pb_column type=&#8220;4_4&#8243; _builder_version=&#8220;4.9.4&#8243; _module_preset=&#8220;default&#8220;][et_pb_text _builder_version=&#8220;4.9.2&#8243; _module_preset=&#8220;default&#8220;]<\/p>\n<h2>Inteligentna videoanalitika<\/h2>\n<p>DVC videoanalitika omogu\u0107ava reakciju na doga\u0111aj u realnom vremenu , kao i snimanje samo alarmnog doga\u0111aja \u0161to \u0161tedi prostor za arhivu podataka. Za\u0161titu perimetra i pra\u0107enje objekata u sceni omogu\u0107avaju AI videoanaliti\u010dke funkcije. U zavisnosti od tipa kamere mogu\u0107e su funkcije pra\u0107enja objekata u sceni, detekcije prelaza preko linije detekcije, detekcije upada u prostor, brojanja osoba, prepoznavanja osoba i vozila, detekcije lica ili registarskih oznaka.[\/et_pb_text][\/et_pb_column][\/et_pb_row][et_pb_row _builder_version=&#8220;4.9.4&#8243; _module_preset=&#8220;default&#8220;][et_pb_column type=&#8220;4_4&#8243; _builder_version=&#8220;4.9.4&#8243; _module_preset=&#8220;default&#8220;][et_pb_text _builder_version=&#8220;4.9.2&#8243; _module_preset=&#8220;default&#8220;]<\/p>\n<h2>IP tehnologija<\/h2>\n<p>\u0160irok raspon IP kamera omogu\u0107ava izbor one koja je adekvatna za za\u0161titu konkretnog prostora. Od visoke do ultra visoke rezolucije, \u017ei\u010dane i be\u017ei\u010dne instalacije, bullet ili dome ku\u0107i\u0161ta, uz fiksni ili motorizovani objektiv.<\/p>\n<p>DVC IP kamere klasifikovane su u pet razli\u010ditih kategorija i linija \u2013 Special, Supreme, Smart, Start i Speed i mogu odgovoriti na sve zahteve korisnika po kriterijumima cene, kvaliteta i karakteristika.<\/p>\n<p>U Special klasi izdvaja se panoramska kamera sa Starlight tehnologijom koja sadr\u017ei \u010detiri kamere \u010diji se snimci spajaju u jednu sliku zahvaljuju\u0107i posebnom softveru. Starlight senzor omogu\u0107ava no\u0107ni rad u boji sa odli\u010dnom slikom i pri vrlo slabom osvetljenju.[\/et_pb_text][\/et_pb_column][\/et_pb_row][\/et_pb_section]<\/p>\n","protected":false},"excerpt":{"rendered":"<p>S rastom poslovanja, raste i potreba za profesionalnijim re\u0161enjem za\u0161tite.Fleksibilnost Sigurnosni sistem mo\u017ee \u010diniti sve od instalacije videonadzora, do kombinacije kamera i ostalih sigurnosnih ure\u0111aja poput alarmnog sistema, kontrole pristupa ili evidencije radnog vremena zaposlenih. A \u0161ta ako se potrebe korisnika promene? DVC celovita re\u0161enja lako se prilago\u0111avaju rastu\u0107em poslovanju i promenljivim potrebama.Inteligentna videoanalitika DVC [&hellip;]<\/p>\n","protected":false},"author":9,"featured_media":0,"parent":0,"menu_order":0,"comment_status":"closed","ping_status":"closed","template":"","meta":{"_et_pb_use_builder":"on","_et_pb_old_content":"","_et_gb_content_width":"","footnotes":""},"class_list":["post-4517","page","type-page","status-publish","hentry"],"_links":{"self":[{"href":"https:\/\/www.dvc.video\/sr\/wp-json\/wp\/v2\/pages\/4517","targetHints":{"allow":["GET"]}}],"collection":[{"href":"https:\/\/www.dvc.video\/sr\/wp-json\/wp\/v2\/pages"}],"about":[{"href":"https:\/\/www.dvc.video\/sr\/wp-json\/wp\/v2\/types\/page"}],"author":[{"embeddable":true,"href":"https:\/\/www.dvc.video\/sr\/wp-json\/wp\/v2\/users\/9"}],"replies":[{"embeddable":true,"href":"https:\/\/www.dvc.video\/sr\/wp-json\/wp\/v2\/comments?post=4517"}],"version-history":[{"count":0,"href":"https:\/\/www.dvc.video\/sr\/wp-json\/wp\/v2\/pages\/4517\/revisions"}],"wp:attachment":[{"href":"https:\/\/www.dvc.video\/sr\/wp-json\/wp\/v2\/media?parent=4517"}],"curies":[{"name":"wp","href":"https:\/\/api.w.org\/{rel}","templated":true}]}}