{"id":4511,"date":"2021-03-09T11:26:05","date_gmt":"2021-03-09T10:26:05","guid":{"rendered":"https:\/\/www.dvc.video\/lpr-prepoznavanje-registarskih-oznaka\/"},"modified":"2021-07-07T10:10:28","modified_gmt":"2021-07-07T08:10:28","slug":"prepoznavanje-registarskih-tablica","status":"publish","type":"page","link":"https:\/\/www.dvc.video\/sr\/prepoznavanje-registarskih-tablica\/","title":{"rendered":"Prepoznavanje registarskih tablica"},"content":{"rendered":"<p>[et_pb_section fb_built=&#8220;1&#8243; _builder_version=&#8220;4.9.2&#8243; _module_preset=&#8220;default&#8220; background_enable_color=&#8220;off&#8220; background_image=&#8220;https:\/\/www.dvc.video\/wp-content\/uploads\/2021\/03\/bcg-red-triangle.jpg&#8220; height=&#8220;150px&#8220; height_last_edited=&#8220;off|desktop&#8220; custom_padding=&#8220;0px||0px||true|false&#8220; global_module=&#8220;793&#8243;][et_pb_row _builder_version=&#8220;4.9.2&#8243; _module_preset=&#8220;default&#8220;][et_pb_column type=&#8220;4_4&#8243; _builder_version=&#8220;4.9.2&#8243; _module_preset=&#8220;default&#8220;][et_pb_text _builder_version=&#8220;4.9.7&#8243; _dynamic_attributes=&#8220;content&#8220; _module_preset=&#8220;default&#8220; header_text_color=&#8220;#FFFFFF&#8220; header_line_height=&#8220;1.3em&#8220; header_font_size_tablet=&#8220;&#8220; header_font_size_phone=&#8220;&#8220; header_font_size_last_edited=&#8220;on|desktop&#8220;]@ET-DC@eyJkeW5hbWljIjp0cnVlLCJjb250ZW50IjoicG9zdF90aXRsZSIsInNldHRpbmdzIjp7ImJlZm9yZSI6IjxoMT4iLCJhZnRlciI6IjxcL2gxPiJ9fQ==@[\/et_pb_text][\/et_pb_column][\/et_pb_row][\/et_pb_section][et_pb_section fb_built=&#8220;1&#8243; _builder_version=&#8220;4.9.2&#8243; _module_preset=&#8220;default&#8220;][et_pb_row _builder_version=&#8220;4.9.2&#8243; _module_preset=&#8220;default&#8220;][et_pb_column type=&#8220;4_4&#8243; _builder_version=&#8220;4.9.2&#8243; _module_preset=&#8220;default&#8220;][et_pb_text _builder_version=&#8220;4.9.2&#8243; _module_preset=&#8220;default&#8220;]DVC LPR (License Plate Recognition \u2013 prepoznavanje registarskih oznaka) kamere su deo DVC Special IP serije kamera. LPR kamere automatski prepoznaju registarske tablice i idealne su za kori\u0161\u0107enje na \u0161ti\u0107enim ili privatnim parkinzima, prilikom ulaska u akademsku ustanovu, kao i na benzinskim pumpama.<\/p>\n<p>Kako bi LPR kamera ispravno radila, od velike je va\u017enosti profesionalna i precizna instalacija i monta\u017ea. Bez obzira na kvalitet same kamere i odgovaraju\u0107eg softvera, kvalitet prepoznavanja tablica i obrade podataka u velikij meri zavisi od lokacije, polo\u017eaja i postavljanja LPR kamere.[\/et_pb_text][et_pb_video src=&#8220;https:\/\/youtu.be\/Vvs2c6yEN6Q&#8220; _builder_version=&#8220;4.9.4&#8243; _module_preset=&#8220;default&#8220; width=&#8220;50%&#8220; width_tablet=&#8220;100%&#8220; width_phone=&#8220;&#8220; width_last_edited=&#8220;on|desktop&#8220; module_alignment=&#8220;center&#8220;][\/et_pb_video][et_pb_text _builder_version=&#8220;4.9.2&#8243; _module_preset=&#8220;default&#8220;]<\/p>\n<h2>Tehni\u010dke karakteristike<\/h2>\n<p>LPR Bullet IP video kamera, rezolucija 2Mpx\/25fps, objektiv 7 &#8211; 22 mm, 0.0026Lux@F1.2, SMART H.265, IR LED dometa 50-70m, True WDR 120dB, 12VDC\/PoE, Onvif, IP67 za\u0161tita.[\/et_pb_text][et_pb_text _builder_version=&#8220;4.9.2&#8243; _module_preset=&#8220;default&#8220;]<\/p>\n<h2>Instalacija DVC LPR kamere<\/h2>\n<p>[\/et_pb_text][et_pb_video src=&#8220;https:\/\/youtu.be\/afy-Q-HIpT0&#8243; image_src=&#8220;\/\/i.ytimg.com\/vi\/afy-Q-HIpT0\/hqdefault.jpg&#8220; _builder_version=&#8220;4.9.4&#8243; _module_preset=&#8220;default&#8220; width=&#8220;50%&#8220; width_tablet=&#8220;100%&#8220; width_phone=&#8220;&#8220; width_last_edited=&#8220;on|tablet&#8220; module_alignment=&#8220;center&#8220;][\/et_pb_video][\/et_pb_column][\/et_pb_row][\/et_pb_section]<\/p>\n","protected":false},"excerpt":{"rendered":"<p>DVC LPR (License Plate Recognition \u2013 prepoznavanje registarskih oznaka) kamere su deo DVC Special IP serije kamera. LPR kamere automatski prepoznaju registarske tablice i idealne su za kori\u0161\u0107enje na \u0161ti\u0107enim ili privatnim parkinzima, prilikom ulaska u akademsku ustanovu, kao i na benzinskim pumpama. Kako bi LPR kamera ispravno radila, od velike je va\u017enosti profesionalna i [&hellip;]<\/p>\n","protected":false},"author":9,"featured_media":0,"parent":0,"menu_order":0,"comment_status":"closed","ping_status":"closed","template":"","meta":{"_et_pb_use_builder":"on","_et_pb_old_content":"","_et_gb_content_width":"","footnotes":""},"class_list":["post-4511","page","type-page","status-publish","hentry"],"_links":{"self":[{"href":"https:\/\/www.dvc.video\/sr\/wp-json\/wp\/v2\/pages\/4511","targetHints":{"allow":["GET"]}}],"collection":[{"href":"https:\/\/www.dvc.video\/sr\/wp-json\/wp\/v2\/pages"}],"about":[{"href":"https:\/\/www.dvc.video\/sr\/wp-json\/wp\/v2\/types\/page"}],"author":[{"embeddable":true,"href":"https:\/\/www.dvc.video\/sr\/wp-json\/wp\/v2\/users\/9"}],"replies":[{"embeddable":true,"href":"https:\/\/www.dvc.video\/sr\/wp-json\/wp\/v2\/comments?post=4511"}],"version-history":[{"count":0,"href":"https:\/\/www.dvc.video\/sr\/wp-json\/wp\/v2\/pages\/4511\/revisions"}],"wp:attachment":[{"href":"https:\/\/www.dvc.video\/sr\/wp-json\/wp\/v2\/media?parent=4511"}],"curies":[{"name":"wp","href":"https:\/\/api.w.org\/{rel}","templated":true}]}}