{"id":4502,"date":"2021-03-09T11:24:43","date_gmt":"2021-03-09T10:24:43","guid":{"rendered":"https:\/\/www.dvc.video\/prepoznavanje-lica\/"},"modified":"2021-07-07T10:09:28","modified_gmt":"2021-07-07T08:09:28","slug":"prepoznavanje-lica","status":"publish","type":"page","link":"https:\/\/www.dvc.video\/sr\/prepoznavanje-lica\/","title":{"rendered":"Prepoznavanje lica"},"content":{"rendered":"<p>[et_pb_section fb_built=&#8220;1&#8243; _builder_version=&#8220;4.9.2&#8243; _module_preset=&#8220;default&#8220; background_enable_color=&#8220;off&#8220; background_image=&#8220;https:\/\/www.dvc.video\/wp-content\/uploads\/2021\/03\/bcg-red-triangle.jpg&#8220; height=&#8220;150px&#8220; height_last_edited=&#8220;off|desktop&#8220; custom_padding=&#8220;0px||0px||true|false&#8220; global_module=&#8220;793&#8243;][et_pb_row _builder_version=&#8220;4.9.2&#8243; _module_preset=&#8220;default&#8220;][et_pb_column type=&#8220;4_4&#8243; _builder_version=&#8220;4.9.2&#8243; _module_preset=&#8220;default&#8220;][et_pb_text _builder_version=&#8220;4.9.7&#8243; _dynamic_attributes=&#8220;content&#8220; _module_preset=&#8220;default&#8220; header_text_color=&#8220;#FFFFFF&#8220; header_line_height=&#8220;1.3em&#8220; header_font_size_tablet=&#8220;&#8220; header_font_size_phone=&#8220;&#8220; header_font_size_last_edited=&#8220;on|desktop&#8220;]@ET-DC@eyJkeW5hbWljIjp0cnVlLCJjb250ZW50IjoicG9zdF90aXRsZSIsInNldHRpbmdzIjp7ImJlZm9yZSI6IjxoMT4iLCJhZnRlciI6IjxcL2gxPiJ9fQ==@[\/et_pb_text][\/et_pb_column][\/et_pb_row][\/et_pb_section][et_pb_section fb_built=&#8220;1&#8243; _builder_version=&#8220;4.9.2&#8243; _module_preset=&#8220;default&#8220;][et_pb_row _builder_version=&#8220;4.9.2&#8243; _module_preset=&#8220;default&#8220;][et_pb_column type=&#8220;4_4&#8243; _builder_version=&#8220;4.9.2&#8243; _module_preset=&#8220;default&#8220;][et_pb_text _builder_version=&#8220;4.9.2&#8243; _module_preset=&#8220;default&#8220;]DVC IP Face Recognition kamere deo su Special IP serije DVC linije videonadzora i slu\u017ee za detekciju i prepoznavanje lica iz baze podataka u stvarnom vremenu. Kamere sa funkcijom prepoznavanja lica naj\u010de\u0161\u0107e se postavljaju na ulasku u prostor radi identifikacije zaposlenih i posetilaca. Na taj na\u010din vr\u0161i se kontrola pristupa u \u0161ti\u0107eni prostor. Ova linija kamera preporu\u010dljiva je za kori\u0161\u0107enje u prodavnicama, tr\u017enim centrima, restoranima ili kockarnicama, odnosno gde god je potrebna identifikacija osobe putem lica.[\/et_pb_text][et_pb_video src=&#8220;https:\/\/youtu.be\/FO4nKSC4vp0&#8243; _builder_version=&#8220;4.9.4&#8243; _module_preset=&#8220;default&#8220; width=&#8220;50%&#8220; width_tablet=&#8220;100%&#8220; width_phone=&#8220;&#8220; width_last_edited=&#8220;on|phone&#8220; module_alignment=&#8220;center&#8220; width__hover_enabled=&#8220;off|desktop&#8220;][\/et_pb_video][et_pb_text _builder_version=&#8220;4.9.2&#8243; _module_preset=&#8220;default&#8220;]<\/p>\n<h2>Tehni\u010dke karakteristike<\/h2>\n<p>IP Face Recognition kamere mogu se koristiti kao samostoje\u0107e, bez snima\u010da, uz mogu\u0107nost arhive baze podataka na lokalnu SD karticu, Sony Starlight tehnologiju, White light view distance osvetljenjem, True WDR 120dB i moto-zoom objektivom 7-22 mm.[\/et_pb_text][et_pb_text _builder_version=&#8220;4.9.2&#8243; _module_preset=&#8220;default&#8220;]<\/p>\n<h2>NVMS 2.0<\/h2>\n<p>NVMS 2.0 je platforma za upravljanje i nadzor DVC video sistemima. Podr\u017eani su pregled u stvarnom vremenu, arhiva, reprodukcija i preuzimanje zapisa, dekodiranje na TV zidu, upravljanje tastaturom, upravljanje alarminim ulazima i izlazima, kao i pametna videoanalitika. Zato NVMS 2.0 mo\u017ee udovoljiti zahtevima klijenta za centralizovanim upravljanjem videom i mo\u017ee se \u0161iroko koristiti u video nadzoru industrijskog parka, obrazovanja, bankarstva, lanca trgovina i zgrada.[\/et_pb_text][\/et_pb_column][\/et_pb_row][\/et_pb_section]<\/p>\n","protected":false},"excerpt":{"rendered":"<p>DVC IP Face Recognition kamere deo su Special IP serije DVC linije videonadzora i slu\u017ee za detekciju i prepoznavanje lica iz baze podataka u stvarnom vremenu. Kamere sa funkcijom prepoznavanja lica naj\u010de\u0161\u0107e se postavljaju na ulasku u prostor radi identifikacije zaposlenih i posetilaca. Na taj na\u010din vr\u0161i se kontrola pristupa u \u0161ti\u0107eni prostor. Ova linija [&hellip;]<\/p>\n","protected":false},"author":9,"featured_media":0,"parent":0,"menu_order":0,"comment_status":"closed","ping_status":"closed","template":"","meta":{"_et_pb_use_builder":"on","_et_pb_old_content":"","_et_gb_content_width":"","footnotes":""},"class_list":["post-4502","page","type-page","status-publish","hentry"],"_links":{"self":[{"href":"https:\/\/www.dvc.video\/sr\/wp-json\/wp\/v2\/pages\/4502","targetHints":{"allow":["GET"]}}],"collection":[{"href":"https:\/\/www.dvc.video\/sr\/wp-json\/wp\/v2\/pages"}],"about":[{"href":"https:\/\/www.dvc.video\/sr\/wp-json\/wp\/v2\/types\/page"}],"author":[{"embeddable":true,"href":"https:\/\/www.dvc.video\/sr\/wp-json\/wp\/v2\/users\/9"}],"replies":[{"embeddable":true,"href":"https:\/\/www.dvc.video\/sr\/wp-json\/wp\/v2\/comments?post=4502"}],"version-history":[{"count":0,"href":"https:\/\/www.dvc.video\/sr\/wp-json\/wp\/v2\/pages\/4502\/revisions"}],"wp:attachment":[{"href":"https:\/\/www.dvc.video\/sr\/wp-json\/wp\/v2\/media?parent=4502"}],"curies":[{"name":"wp","href":"https:\/\/api.w.org\/{rel}","templated":true}]}}