{"id":4493,"date":"2021-03-09T11:26:44","date_gmt":"2021-03-09T10:26:44","guid":{"rendered":"https:\/\/www.dvc.video\/o-dvc-u\/"},"modified":"2023-04-11T13:31:32","modified_gmt":"2023-04-11T11:31:32","slug":"o-dvc-u","status":"publish","type":"page","link":"https:\/\/www.dvc.video\/sr\/o-dvc-u\/","title":{"rendered":"O DVC-u"},"content":{"rendered":"<p>[et_pb_section fb_built=&#8220;1&#8243; _builder_version=&#8220;4.20.2&#8243; _module_preset=&#8220;default&#8220; background_enable_color=&#8220;off&#8220; background_image=&#8220;https:\/\/www.dvc.video\/wp-content\/uploads\/2021\/03\/bcg-red-triangle.jpg&#8220; height=&#8220;150px&#8220; height_last_edited=&#8220;off|desktop&#8220; custom_padding=&#8220;34px||34px||true|false&#8220; global_module=&#8220;793&#8243; saved_tabs=&#8220;all&#8220; global_colors_info=&#8220;{}&#8220;][et_pb_row _builder_version=&#8220;4.16&#8243; _module_preset=&#8220;default&#8220; global_colors_info=&#8220;{}&#8220;][et_pb_column type=&#8220;4_4&#8243; _builder_version=&#8220;4.16&#8243; _module_preset=&#8220;default&#8220; global_colors_info=&#8220;{}&#8220;][et_pb_text _builder_version=&#8220;4.20.0&#8243; _dynamic_attributes=&#8220;content&#8220; _module_preset=&#8220;default&#8220; header_text_color=&#8220;#FFFFFF&#8220; header_line_height=&#8220;1.3em&#8220; header_font_size_tablet=&#8220;&#8220; header_font_size_phone=&#8220;&#8220; header_font_size_last_edited=&#8220;on|desktop&#8220; global_colors_info=&#8220;{}&#8220;]@ET-DC@eyJkeW5hbWljIjp0cnVlLCJjb250ZW50IjoicG9zdF90aXRsZSIsInNldHRpbmdzIjp7ImJlZm9yZSI6IjxoMT4iLCJhZnRlciI6IjxcL2gxPiJ9fQ==@[\/et_pb_text][\/et_pb_column][\/et_pb_row][\/et_pb_section][et_pb_section fb_built=&#8220;1&#8243; _builder_version=&#8220;4.16&#8243; _module_preset=&#8220;default&#8220; global_colors_info=&#8220;{}&#8220;][et_pb_row _builder_version=&#8220;4.16&#8243; _module_preset=&#8220;default&#8220; global_colors_info=&#8220;{}&#8220;][et_pb_column type=&#8220;4_4&#8243; _builder_version=&#8220;4.16&#8243; _module_preset=&#8220;default&#8220; global_colors_info=&#8220;{}&#8220;][et_pb_text _builder_version=&#8220;4.20.2&#8243; _module_preset=&#8220;default&#8220; hover_enabled=&#8220;0&#8243; global_colors_info=&#8220;{}&#8220; sticky_enabled=&#8220;0&#8243;]<\/p>\n<h2>Pametna tehnologija koja vredi vi\u0161e!<\/h2>\n<p>DVC Digital Video Communication je jedini regionalni brend u videonadzoru i videointerfoniji kojeg firma Alarm automatika razvija punih 20 godina. Prvi DVC sistem je prodat 13. Maja 2003. godine, a do danas je prodato vi\u0161e od pola miliona DVC ure\u0111aja i opreme. <\/p>\n<p>[\/et_pb_text][et_pb_text _builder_version=&#8220;4.20.2&#8243; _module_preset=&#8220;default&#8220; hover_enabled=&#8220;0&#8243; global_colors_info=&#8220;{}&#8220; sticky_enabled=&#8220;0&#8243;]<\/p>\n<h3>Pouzdanost i poverenje<\/h3>\n<p>Od prvog pojavljivanja na tr\u017ei\u0161tu 2003. Godine, DVC je postao regionalni brend koji danas kupcima nudi sve prednosti najnovijih tehnologija; analognu HD (od 2Mpx analogni HD 2.0 do 8Mpx analogni HD 4.0) i IP tehnologiju videonadzora (ranije H.263 do dana\u0161nje najnovije Smart H.265 video kompresije), kao i 2- wire i IP hibridna (be\u017ei\u010dno ili ethernet) re\u0161enja video interfona.<\/p>\n<p>[\/et_pb_text][et_pb_text _builder_version=&#8220;4.20.2&#8243; _module_preset=&#8220;default&#8220; hover_enabled=&#8220;0&#8243; global_colors_info=&#8220;{}&#8220; sticky_enabled=&#8220;0&#8243;]<\/p>\n<h3>Najnaprednije tehnologije<\/h3>\n<p>Prilikom razvoja i odabira ure\u0111aja, birane su najpouzdanije komponente vode\u0107ih svetskih proizvo\u0111a\u010da kao \u0161to su Sony CMOS senzori, Nextchip i Techpoint digitalni procesori signala u analog HD-u ili HiSilicon u IP tehnologiji videonadzora.<\/p>\n<p>[\/et_pb_text][et_pb_text _builder_version=&#8220;4.20.2&#8243; _module_preset=&#8220;default&#8220; hover_enabled=&#8220;0&#8243; global_colors_info=&#8220;{}&#8220; sticky_enabled=&#8220;0&#8243;]<\/p>\n<h3>Vrednost za ulo\u017een novac<\/h3>\n<p>Sve je to rezultiralo da danas DVC re\u0161enja nude najnaprednije performanse kao \u0161to su 8Mpx rezolucija, Ultra Low Light, WDR, moto- zoom objektivi ili Smart-IR domet do 80 m za kamere ili 8Mpx rezolucija u stvarnom vremenu (RealTime), Multi &#8211; streaming video snimanje (sa tri toka), videoanaliti\u010dke funkcije, kao i AI funkcije, poput prepoznavanja lica ili prepoznavanja registarskih tablica.<\/p>\n<p>[\/et_pb_text][\/et_pb_column][\/et_pb_row][\/et_pb_section][et_pb_section fb_built=&#8220;1&#8243; fullwidth=&#8220;on&#8220; _builder_version=&#8220;4.10.8&#8243; _module_preset=&#8220;default&#8220; global_module=&#8220;722&#8243; saved_tabs=&#8220;all&#8220; global_colors_info=&#8220;{}&#8220;][et_pb_fullwidth_header title=&#8220;\u017delite postati DVC partner?&#8220; subhead=&#8220;Postanite dio regionalne zajednice instalatera i distributera DVC re\u0161enja videonadzora i videointerfona!&#8220; button_one_text=&#8220;Kontaktirajte nas&#8220; button_one_url=&#8220;@ET-DC@eyJkeW5hbWljIjp0cnVlLCJjb250ZW50IjoicG9zdF9saW5rX3VybF9wYWdlIiwic2V0dGluZ3MiOnsicG9zdF9pZCI6IjMwIn19@&#8220; button_two_text=&#8220;Gde kupiti?&#8220; button_two_url=&#8220;@ET-DC@eyJkeW5hbWljIjp0cnVlLCJjb250ZW50IjoicG9zdF9saW5rX3VybF9wYWdlIiwic2V0dGluZ3MiOnsicG9zdF9pZCI6IjIzNiJ9fQ==@&#8220; header_image_url=&#8220;https:\/\/www.dvc.video\/wp-content\/uploads\/2021\/04\/instalater.png&#8220; image_orientation=&#8220;bottom&#8220; _builder_version=&#8220;4.16&#8243; _dynamic_attributes=&#8220;button_one_url,button_two_url&#8220; _module_preset=&#8220;default&#8220; title_level=&#8220;h2&#8243; title_font_size=&#8220;42px&#8220; title_line_height=&#8220;1.3em&#8220; content_font_size=&#8220;15px&#8220; subhead_font=&#8220;|700|||||||&#8220; subhead_font_size=&#8220;17px&#8220; background_enable_color=&#8220;off&#8220; background_image=&#8220;https:\/\/www.dvc.video\/wp-content\/uploads\/2021\/03\/bcg-red-triangle.jpg&#8220; custom_button_one=&#8220;on&#8220; button_one_text_color=&#8220;#242424&#8243; button_one_bg_color=&#8220;#FFFFFF&#8220; button_one_font=&#8220;|600|||||||&#8220; button_one_use_icon=&#8220;off&#8220; button_one_custom_padding=&#8220;18px|48px|18px|48px|true|true&#8220; custom_button_two=&#8220;on&#8220; button_two_bg_color=&#8220;#FBB040&#8243; button_two_font=&#8220;|600|||||||&#8220; button_two_use_icon=&#8220;off&#8220; button_two_custom_padding=&#8220;18px|48px|18px|48px|true|true&#8220; custom_padding=&#8220;||0px||false|false&#8220; custom_css_logo=&#8220;width: 200px;||padding-bottom: 20px;&#8220; custom_css_title=&#8220;padding-bottom: 20px;&#8220; custom_css_subtitle=&#8220;padding-bottom: 15px;&#8220; global_colors_info=&#8220;{}&#8220; button_one_text_color__hover_enabled=&#8220;on|desktop&#8220; button_one_text_color__hover=&#8220;#FFFFFF&#8220; button_one_bg_color__hover_enabled=&#8220;on|desktop&#8220; button_one_bg_color__hover=&#8220;#9E0B0F&#8220; button_one_bg_enable_color__hover=&#8220;on&#8220; button_two_text_color__hover_enabled=&#8220;on|hover&#8220; button_two_bg_color__hover_enabled=&#8220;on|desktop&#8220; button_two_bg_color__hover=&#8220;#9E0B0F&#8220; button_two_bg_enable_color__hover=&#8220;on&#8220;]DVC proizvodi se baziraju na najmodernijim tehologijama, pouzdanim komponentama i omogu\u0107avaju najvi\u0161e performanse, prikladni za primjenu u objektima razli\u010dite veli\u010dine i namjene.[\/et_pb_fullwidth_header][\/et_pb_section]<\/p>\n","protected":false},"excerpt":{"rendered":"<p>Pametna tehnologija koja vredi vi\u0161e! DVC Digital Video Communication je jedini regionalni brend u videonadzoru i videointerfoniji kojeg firma Alarm automatika razvija punih 20 godina. Prvi DVC sistem je prodat 13. Maja 2003. godine, a do danas je prodato vi\u0161e od pola miliona DVC ure\u0111aja i opreme. Pouzdanost i poverenje Od prvog pojavljivanja na tr\u017ei\u0161tu [&hellip;]<\/p>\n","protected":false},"author":9,"featured_media":0,"parent":0,"menu_order":0,"comment_status":"closed","ping_status":"closed","template":"","meta":{"_et_pb_use_builder":"on","_et_pb_old_content":"","_et_gb_content_width":"","footnotes":""},"class_list":["post-4493","page","type-page","status-publish","hentry"],"_links":{"self":[{"href":"https:\/\/www.dvc.video\/sr\/wp-json\/wp\/v2\/pages\/4493","targetHints":{"allow":["GET"]}}],"collection":[{"href":"https:\/\/www.dvc.video\/sr\/wp-json\/wp\/v2\/pages"}],"about":[{"href":"https:\/\/www.dvc.video\/sr\/wp-json\/wp\/v2\/types\/page"}],"author":[{"embeddable":true,"href":"https:\/\/www.dvc.video\/sr\/wp-json\/wp\/v2\/users\/9"}],"replies":[{"embeddable":true,"href":"https:\/\/www.dvc.video\/sr\/wp-json\/wp\/v2\/comments?post=4493"}],"version-history":[{"count":0,"href":"https:\/\/www.dvc.video\/sr\/wp-json\/wp\/v2\/pages\/4493\/revisions"}],"wp:attachment":[{"href":"https:\/\/www.dvc.video\/sr\/wp-json\/wp\/v2\/media?parent=4493"}],"curies":[{"name":"wp","href":"https:\/\/api.w.org\/{rel}","templated":true}]}}