{"id":4448,"date":"2021-03-09T11:25:07","date_gmt":"2021-03-09T10:25:07","guid":{"rendered":"https:\/\/www.dvc.video\/brojanje-posetilaca\/"},"modified":"2021-07-07T09:31:21","modified_gmt":"2021-07-07T07:31:21","slug":"brojanje-posetilaca","status":"publish","type":"page","link":"https:\/\/www.dvc.video\/sr\/brojanje-posetilaca\/","title":{"rendered":"Brojanje posetilaca"},"content":{"rendered":"<p>[et_pb_section fb_built=&#8220;1&#8243; _builder_version=&#8220;4.9.2&#8243; _module_preset=&#8220;default&#8220; background_enable_color=&#8220;off&#8220; background_image=&#8220;https:\/\/www.dvc.video\/wp-content\/uploads\/2021\/03\/bcg-red-triangle.jpg&#8220; height=&#8220;150px&#8220; height_last_edited=&#8220;off|desktop&#8220; custom_padding=&#8220;0px||0px||true|false&#8220; global_module=&#8220;793&#8243;][et_pb_row _builder_version=&#8220;4.9.2&#8243; _module_preset=&#8220;default&#8220;][et_pb_column type=&#8220;4_4&#8243; _builder_version=&#8220;4.9.2&#8243; _module_preset=&#8220;default&#8220;][et_pb_text _builder_version=&#8220;4.9.7&#8243; _dynamic_attributes=&#8220;content&#8220; _module_preset=&#8220;default&#8220; header_text_color=&#8220;#FFFFFF&#8220; header_line_height=&#8220;1.3em&#8220; header_font_size_tablet=&#8220;&#8220; header_font_size_phone=&#8220;&#8220; header_font_size_last_edited=&#8220;on|desktop&#8220;]@ET-DC@eyJkeW5hbWljIjp0cnVlLCJjb250ZW50IjoicG9zdF90aXRsZSIsInNldHRpbmdzIjp7ImJlZm9yZSI6IjxoMT4iLCJhZnRlciI6IjxcL2gxPiJ9fQ==@[\/et_pb_text][\/et_pb_column][\/et_pb_row][\/et_pb_section][et_pb_section fb_built=&#8220;1&#8243; _builder_version=&#8220;4.9.2&#8243; _module_preset=&#8220;default&#8220;][et_pb_row _builder_version=&#8220;4.9.2&#8243; _module_preset=&#8220;default&#8220;][et_pb_column type=&#8220;4_4&#8243; _builder_version=&#8220;4.9.2&#8243; _module_preset=&#8220;default&#8220;][et_pb_text _builder_version=&#8220;4.9.4&#8243; _module_preset=&#8220;default&#8220;]Zahvaljuju\u0107i naprednoj videoanalitici, DVC Special i Supreme IP serije kamera omogu\u0107avaju brojanje osoba. Mogu\u0107e je brojanje ulaza, izlaza i izra\u010dunavanje ukupnog broja osoba u prostoru. Kamere sa mogu\u0107nosti brojanja posetilaca najvi\u0161e se postavljaju na ulaze u trgovine, kongresne ili sportske centre.<\/p>\n<p>Ova inteligentna re\u0161enja omogu\u0107i\u0107e preciznu analizu iskori\u0161\u0107enosti prodajnog centra ili prodavnice i bolju organizaciju zaposlenih i prodaje u celini.<\/p>\n<p>Dok je broj osoba u prodavnici manji od maksimalnog pode\u0161enog broja- ulazak je slobodan. Kada broj osoba dostigne definisani maksimum, ulaz nije slobodan i tek kada prva osoba iza\u0111e, odnosno kada broj padne ispod maksimalnog dozvoljenog broja osoba unutar prodavnice, ponovo je ulaz slobodan.<\/p>\n<ul>\n<li>Samostoje\u0107e re\u0161enje za brojanje ljudi u prodavnici putem DVC kamere<\/li>\n<li>Definisanje dozvoljenog broja osoba direktno na kameri preko lokalnog ra\u010dunara<\/li>\n<li>Mogu\u0107nost zaklju\u010davanja \/ otklju\u010davanja vrata preko relejnog alarmnog izlaza snima\u010da<\/li>\n<li>Mogu\u0107nost signalizovanja stanja ulaza<\/li>\n<\/ul>\n<p>[\/et_pb_text][et_pb_video src=&#8220;https:\/\/youtu.be\/2MqlieADuSI&#8220; _builder_version=&#8220;4.9.4&#8243; _module_preset=&#8220;default&#8220; width=&#8220;50%&#8220; width_tablet=&#8220;100%&#8220; width_phone=&#8220;&#8220; width_last_edited=&#8220;on|phone&#8220; module_alignment=&#8220;center&#8220;][\/et_pb_video][\/et_pb_column][\/et_pb_row][\/et_pb_section]<\/p>\n","protected":false},"excerpt":{"rendered":"<p>Zahvaljuju\u0107i naprednoj videoanalitici, DVC Special i Supreme IP serije kamera omogu\u0107avaju brojanje osoba. Mogu\u0107e je brojanje ulaza, izlaza i izra\u010dunavanje ukupnog broja osoba u prostoru. Kamere sa mogu\u0107nosti brojanja posetilaca najvi\u0161e se postavljaju na ulaze u trgovine, kongresne ili sportske centre. Ova inteligentna re\u0161enja omogu\u0107i\u0107e preciznu analizu iskori\u0161\u0107enosti prodajnog centra ili prodavnice i bolju organizaciju [&hellip;]<\/p>\n","protected":false},"author":9,"featured_media":0,"parent":0,"menu_order":0,"comment_status":"closed","ping_status":"closed","template":"","meta":{"_et_pb_use_builder":"on","_et_pb_old_content":"","_et_gb_content_width":"","footnotes":""},"class_list":["post-4448","page","type-page","status-publish","hentry"],"_links":{"self":[{"href":"https:\/\/www.dvc.video\/sr\/wp-json\/wp\/v2\/pages\/4448","targetHints":{"allow":["GET"]}}],"collection":[{"href":"https:\/\/www.dvc.video\/sr\/wp-json\/wp\/v2\/pages"}],"about":[{"href":"https:\/\/www.dvc.video\/sr\/wp-json\/wp\/v2\/types\/page"}],"author":[{"embeddable":true,"href":"https:\/\/www.dvc.video\/sr\/wp-json\/wp\/v2\/users\/9"}],"replies":[{"embeddable":true,"href":"https:\/\/www.dvc.video\/sr\/wp-json\/wp\/v2\/comments?post=4448"}],"version-history":[{"count":0,"href":"https:\/\/www.dvc.video\/sr\/wp-json\/wp\/v2\/pages\/4448\/revisions"}],"wp:attachment":[{"href":"https:\/\/www.dvc.video\/sr\/wp-json\/wp\/v2\/media?parent=4448"}],"curies":[{"name":"wp","href":"https:\/\/api.w.org\/{rel}","templated":true}]}}