{"id":4442,"date":"2021-03-09T11:23:17","date_gmt":"2021-03-09T10:23:17","guid":{"rendered":"https:\/\/www.dvc.video\/analogni-hd-videonadzor\/"},"modified":"2023-04-24T08:12:33","modified_gmt":"2023-04-24T06:12:33","slug":"analogni-hd-videonadzor","status":"publish","type":"page","link":"https:\/\/www.dvc.video\/sr\/analogni-hd-videonadzor\/","title":{"rendered":"Analogni HD videonadzor"},"content":{"rendered":"<p>[et_pb_section fb_built=&#8220;1&#8243; _builder_version=&#8220;4.20.2&#8243; _module_preset=&#8220;default&#8220; background_enable_color=&#8220;off&#8220; background_image=&#8220;https:\/\/www.dvc.video\/wp-content\/uploads\/2021\/03\/bcg-red-triangle.jpg&#8220; height=&#8220;150px&#8220; height_last_edited=&#8220;off|desktop&#8220; custom_padding=&#8220;34px||34px||true|false&#8220; global_module=&#8220;793&#8243; saved_tabs=&#8220;all&#8220; global_colors_info=&#8220;{}&#8220;][et_pb_row _builder_version=&#8220;4.16&#8243; _module_preset=&#8220;default&#8220; global_colors_info=&#8220;{}&#8220;][et_pb_column type=&#8220;4_4&#8243; _builder_version=&#8220;4.16&#8243; _module_preset=&#8220;default&#8220; global_colors_info=&#8220;{}&#8220;][et_pb_text _builder_version=&#8220;4.20.0&#8243; _dynamic_attributes=&#8220;content&#8220; _module_preset=&#8220;default&#8220; header_text_color=&#8220;#FFFFFF&#8220; header_line_height=&#8220;1.3em&#8220; header_font_size_tablet=&#8220;&#8220; header_font_size_phone=&#8220;&#8220; header_font_size_last_edited=&#8220;on|desktop&#8220; global_colors_info=&#8220;{}&#8220;]@ET-DC@eyJkeW5hbWljIjp0cnVlLCJjb250ZW50IjoicG9zdF90aXRsZSIsInNldHRpbmdzIjp7ImJlZm9yZSI6IjxoMT4iLCJhZnRlciI6IjxcL2gxPiJ9fQ==@[\/et_pb_text][\/et_pb_column][\/et_pb_row][\/et_pb_section][et_pb_section fb_built=&#8220;1&#8243; _builder_version=&#8220;4.16&#8243; _module_preset=&#8220;default&#8220; global_colors_info=&#8220;{}&#8220;][et_pb_row _builder_version=&#8220;4.16&#8243; _module_preset=&#8220;default&#8220; global_colors_info=&#8220;{}&#8220;][et_pb_column type=&#8220;4_4&#8243; _builder_version=&#8220;4.16&#8243; _module_preset=&#8220;default&#8220; global_colors_info=&#8220;{}&#8220;][et_pb_text _builder_version=&#8220;4.16&#8243; _module_preset=&#8220;default&#8220; global_colors_info=&#8220;{}&#8220;]DVC AHD sistemi videonadzora naj\u010de\u0161\u0107e se primenjuju za za\u0161titu stambenih i poslovnih objekata onih korisnika koji \u017eele da unaprede ve\u0107 postoje\u0107i analogni sistem , a da pri tome ne zadiru u postoje\u0107u instalaciju izvedenu putem koaksijalnih kablova.<\/p>\n<p>Koriste\u0107i analogni prenos video signala kroz koaksijalni kabl na udaljenost do 500 m, analognom HD tehnologijom osmi\u0161ljava se sistem videonadzora kojim je mogu\u0107e pokriti veliko podru\u010dje uz slike megapikselne rezolucije.[\/et_pb_text][et_pb_text _builder_version=&#8220;4.20.4&#8243; _module_preset=&#8220;default&#8220; hover_enabled=&#8220;0&#8243; global_colors_info=&#8220;{}&#8220; sticky_enabled=&#8220;0&#8243;]<\/p>\n<h2>Rezolucija do 8Mpx kroz koaksijalni kabl<\/h2>\n<p>8Mpx rezolucijom, analogna HD tehnologija pribli\u017eila se IP videu. Upotrebom analognog prenosa video signala kroz koaksijalni kabl, analognom HD tehnologijom mogu\u0107e je kreirati sistem videonadzora koji mo\u017ee pokriti veliko podru\u010dje, uz odli\u010dni kvalitet slike uz rezoluciju 8Mpx, 5Mpx, 4Mpx, 2Mpx ili 1Mpx.[\/et_pb_text][et_pb_text _builder_version=&#8220;4.20.4&#8243; _module_preset=&#8220;default&#8220; hover_enabled=&#8220;0&#8243; global_colors_info=&#8220;{}&#8220; sticky_enabled=&#8220;0&#8243;]<\/p>\n<h2>Pentabridni DVC Analogni HD snima\u010di<\/h2>\n<p>Na DVC analogne HD snima\u010de, osim HD (AHD, CVI i TVI) i analognih kamera, mogu\u0107e je priklju\u010divanje od 1 do 8 dodatnih DVC IP kamera. Na ovaj na\u010din, osim dodatnih video kanala na snima\u010du, omogu\u0107ena je fleksibilnost i upotreba IP tehnologije kod HD analognih sistema. Rezolucije DVC IP kamera koje je mogu\u0107e priklju\u010diti na pentabridne DVC Analogne HD snima\u010de su 8Mpx, 5Mpx, 4Mpx, 3Mpx i 2Mpx uz H.265+ i H.264+ kompresiju. Ovo mo\u017ee biti od pomo\u0107i u slu\u010daju kada \u017eelimo unapre\u0111enje sistema, tako da se nekoliko postoje\u0107ih analognih kamera nadopuni Analognim HD i IP kamerama uz upotrebu pentabridnih DVC analognih HD snima\u010da.[\/et_pb_text][et_pb_text _builder_version=&#8220;4.16&#8243; _module_preset=&#8220;default&#8220; global_colors_info=&#8220;{}&#8220;]<\/p>\n<h2>4-u-1 tehnologija<\/h2>\n<p>4-u-1 tehnologija omogu\u0107ava svim DVC analognim HD kamerama da rade u jednom od 4 na\u010dina rada. To zna\u010di da su ove HD kamere kompatibilne sa svim HD analognim snima\u010dima: AHD, HD-TVI, HD CVI, kao i starim analognim snima\u010dima.[\/et_pb_text][et_pb_text _builder_version=&#8220;4.16&#8243; _module_preset=&#8220;default&#8220; global_colors_info=&#8220;{}&#8220;]<\/p>\n<h2>Snimanje u mraku<\/h2>\n<p>Za snimanje u potpunom mraku koriste se IR LED diode (Infra Red Light Emitting Diode) koje emituju infracrveno svetlo. Takvo osvetljenje je nevidljivo ljudskom oku, ali su kamere koje ga koriste osetljive na njega. DVC spoljne IR kamere pored uobi\u010dajenih, koriste i razli\u010dite vrste novih IR LED dioda poput Array LED ( ima manje od 10 LED, du\u017ei radni vek, daju jasnu sliku velike \u010disto\u0107e i manjih su dimenzija ) ili Black Glass LED ( kompozitni materijal koji propu\u0161ta infracrveni spektar rasvete , ali vidljiva svetlost ne prolazi kroz njega).[\/et_pb_text][et_pb_text _builder_version=&#8220;4.16&#8243; _module_preset=&#8220;default&#8220; global_colors_info=&#8220;{}&#8220;]<\/p>\n<h2>COC (Control Over Coax)<\/h2>\n<p>Upravljanje DVC analognim HD kamerama putem koaksijalnog kabla omogu\u0107ava pristup OSD meniju sa samog snima\u010da. Isto tako, kori\u0161\u0107enjem samo koaksijalnog kabla mogu\u0107e je upravljanje DVC Analognim HD PTZ kamerama bez potrebe za dodatnom komunikacijom upravlja\u010dkim tastaturama kroz dvo\u017eilni kabl kori\u0161\u0107enjem RS485 protokola. Ovakav na\u010din upravljanja kamerama je jednostavniji, jer nije potrebno fizi\u010dki pristupati kamerama, a i jeftiniji, jer za PTZ kamere nije potrebno provla\u010diti dodatni kabl.[\/et_pb_text][\/et_pb_column][\/et_pb_row][\/et_pb_section]<\/p>\n","protected":false},"excerpt":{"rendered":"<p>DVC AHD sistemi videonadzora naj\u010de\u0161\u0107e se primenjuju za za\u0161titu stambenih i poslovnih objekata onih korisnika koji \u017eele da unaprede ve\u0107 postoje\u0107i analogni sistem , a da pri tome ne zadiru u postoje\u0107u instalaciju izvedenu putem koaksijalnih kablova. Koriste\u0107i analogni prenos video signala kroz koaksijalni kabl na udaljenost do 500 m, analognom HD tehnologijom osmi\u0161ljava se [&hellip;]<\/p>\n","protected":false},"author":9,"featured_media":0,"parent":0,"menu_order":0,"comment_status":"closed","ping_status":"closed","template":"","meta":{"_et_pb_use_builder":"on","_et_pb_old_content":"","_et_gb_content_width":"","footnotes":""},"class_list":["post-4442","page","type-page","status-publish","hentry"],"_links":{"self":[{"href":"https:\/\/www.dvc.video\/sr\/wp-json\/wp\/v2\/pages\/4442","targetHints":{"allow":["GET"]}}],"collection":[{"href":"https:\/\/www.dvc.video\/sr\/wp-json\/wp\/v2\/pages"}],"about":[{"href":"https:\/\/www.dvc.video\/sr\/wp-json\/wp\/v2\/types\/page"}],"author":[{"embeddable":true,"href":"https:\/\/www.dvc.video\/sr\/wp-json\/wp\/v2\/users\/9"}],"replies":[{"embeddable":true,"href":"https:\/\/www.dvc.video\/sr\/wp-json\/wp\/v2\/comments?post=4442"}],"version-history":[{"count":0,"href":"https:\/\/www.dvc.video\/sr\/wp-json\/wp\/v2\/pages\/4442\/revisions"}],"wp:attachment":[{"href":"https:\/\/www.dvc.video\/sr\/wp-json\/wp\/v2\/media?parent=4442"}],"curies":[{"name":"wp","href":"https:\/\/api.w.org\/{rel}","templated":true}]}}