{"id":34119,"date":"2025-05-06T09:32:18","date_gmt":"2025-05-06T07:32:18","guid":{"rendered":"https:\/\/www.dvc.video\/proizvod\/Bez%20kategorije\/in-hdr-15-24-2\/"},"modified":"2026-04-04T05:10:03","modified_gmt":"2026-04-04T03:10:03","slug":"in-hdr-15-24-2","status":"publish","type":"product","link":"https:\/\/www.dvc.video\/sl\/produkt\/domofoni-in-video-domofoni\/napajanja-sl\/in-hdr-15-24-2\/","title":{"rendered":"IN-HDR-15-24"},"content":{"rendered":"","protected":false},"excerpt":{"rendered":"<p>Napajalnik, vhodna napetost 85\u2013264 V AC, izhodna napetost 24 V DC. Monta\u017ea na DIN-LETVICO, 15 W. Vgrajena za\u0161\u010dita pred kratkim stikom, preobremenitvijo in prenapetostjo. Namenjeno za AVDIO sisteme, komplet NE vklju\u010duje DVC DT-DPS V2.<\/p>\n","protected":false},"featured_media":34487,"template":"","meta":{"_et_pb_use_builder":"","_et_pb_old_content":"","_et_gb_content_width":""},"product_brand":[],"product_cat":[6289,6294],"product_tag":[],"class_list":{"0":"post-34119","1":"product","2":"type-product","3":"status-publish","4":"has-post-thumbnail","6":"product_cat-domofoni-in-video-domofoni","7":"product_cat-napajanja-sl","9":"first","10":"instock","11":"shipping-taxable","12":"product-type-simple"},"_links":{"self":[{"href":"https:\/\/www.dvc.video\/sl\/wp-json\/wp\/v2\/product\/34119","targetHints":{"allow":["GET"]}}],"collection":[{"href":"https:\/\/www.dvc.video\/sl\/wp-json\/wp\/v2\/product"}],"about":[{"href":"https:\/\/www.dvc.video\/sl\/wp-json\/wp\/v2\/types\/product"}],"wp:featuredmedia":[{"embeddable":true,"href":"https:\/\/www.dvc.video\/sl\/wp-json\/wp\/v2\/media\/34487"}],"wp:attachment":[{"href":"https:\/\/www.dvc.video\/sl\/wp-json\/wp\/v2\/media?parent=34119"}],"wp:term":[{"taxonomy":"product_brand","embeddable":true,"href":"https:\/\/www.dvc.video\/sl\/wp-json\/wp\/v2\/product_brand?post=34119"},{"taxonomy":"product_cat","embeddable":true,"href":"https:\/\/www.dvc.video\/sl\/wp-json\/wp\/v2\/product_cat?post=34119"},{"taxonomy":"product_tag","embeddable":true,"href":"https:\/\/www.dvc.video\/sl\/wp-json\/wp\/v2\/product_tag?post=34119"}],"curies":[{"name":"wp","href":"https:\/\/api.w.org\/{rel}","templated":true}]}}