{"id":34117,"date":"2025-05-06T09:32:20","date_gmt":"2025-05-06T07:32:20","guid":{"rendered":"https:\/\/www.dvc.video\/proizvod\/Bez%20kategorije\/dvn-m27w-2\/"},"modified":"2026-04-04T05:09:29","modified_gmt":"2026-04-04T03:09:29","slug":"dvn-m27w-2","status":"publish","type":"product","link":"https:\/\/www.dvc.video\/sl\/produkt\/domofoni-in-video-domofoni\/notranje-enote\/dvn-m27w-2\/","title":{"rendered":"DVN-M27W"},"content":{"rendered":"","protected":false},"excerpt":{"rendered":"<p>Notranja enota video domofonskega sistema, 7&#8221; zaslon na dotik. V istem sistemu je lahko name\u0161\u010denih najve\u010d 6 notranjih enot. Podprt predogled v \u017eivo za povezane DVC IP kamere. Podpora za posnetek pri klicu prek zunanje enote (potrebna je kartica micro SD). Podpira funkcijo uti\u0161anja obvestil.<br \/>\nUporabite napredno tehnologijo du\u0161enja hrupa in odpravljanja odmeva, da zagotovite visoko kakovost zvoka. Podpira 2.4G WIFI. Podpira 1CH 12V200mA izhodno mo\u010d za napajanje senzorja.<\/p>\n","protected":false},"featured_media":34656,"template":"","meta":{"_et_pb_use_builder":"","_et_pb_old_content":"","_et_gb_content_width":""},"product_brand":[],"product_cat":[6289,6296],"product_tag":[],"class_list":{"0":"post-34117","1":"product","2":"type-product","3":"status-publish","4":"has-post-thumbnail","6":"product_cat-domofoni-in-video-domofoni","7":"product_cat-notranje-enote","9":"first","10":"instock","11":"shipping-taxable","12":"product-type-simple"},"_links":{"self":[{"href":"https:\/\/www.dvc.video\/sl\/wp-json\/wp\/v2\/product\/34117","targetHints":{"allow":["GET"]}}],"collection":[{"href":"https:\/\/www.dvc.video\/sl\/wp-json\/wp\/v2\/product"}],"about":[{"href":"https:\/\/www.dvc.video\/sl\/wp-json\/wp\/v2\/types\/product"}],"wp:featuredmedia":[{"embeddable":true,"href":"https:\/\/www.dvc.video\/sl\/wp-json\/wp\/v2\/media\/34656"}],"wp:attachment":[{"href":"https:\/\/www.dvc.video\/sl\/wp-json\/wp\/v2\/media?parent=34117"}],"wp:term":[{"taxonomy":"product_brand","embeddable":true,"href":"https:\/\/www.dvc.video\/sl\/wp-json\/wp\/v2\/product_brand?post=34117"},{"taxonomy":"product_cat","embeddable":true,"href":"https:\/\/www.dvc.video\/sl\/wp-json\/wp\/v2\/product_cat?post=34117"},{"taxonomy":"product_tag","embeddable":true,"href":"https:\/\/www.dvc.video\/sl\/wp-json\/wp\/v2\/product_tag?post=34117"}],"curies":[{"name":"wp","href":"https:\/\/api.w.org\/{rel}","templated":true}]}}