{"id":34107,"date":"2025-05-06T09:32:25","date_gmt":"2025-05-06T07:32:25","guid":{"rendered":"https:\/\/www.dvc.video\/proizvod\/Bez%20kategorije\/dvc-dt-rl1-2\/"},"modified":"2026-04-18T05:09:12","modified_gmt":"2026-04-18T03:09:12","slug":"dvc-dt-rl1-2","status":"publish","type":"product","link":"https:\/\/www.dvc.video\/sl\/produkt\/domofoni-in-video-domofoni\/komponente-sistema-sl\/dvc-dt-rl1-2\/","title":{"rendered":"DVC DT-RL1"},"content":{"rendered":"","protected":false},"excerpt":{"rendered":"<p>Relejni modul (raz\u0161iritev) za dodatno elektri\u010dno klju\u010davnico za DVC video domofonske sisteme ali za vklop razsvetljave. Napajanje 24V. \u010cas odpiranja 1-30s, tovarni\u0161ko nastavljeno 1s. Odpiranje preko relejnega izhoda, tipke za izhod. Mo\u017enost priklopa do dve relejni enoti na eno zunanjo enoto.Nadome\u0161\u010da artikel DVC DT-RLC.<\/p>\n","protected":false},"featured_media":34347,"template":"","meta":{"_et_pb_use_builder":"","_et_pb_old_content":"","_et_gb_content_width":""},"product_brand":[],"product_cat":[6289,6292],"product_tag":[],"class_list":{"0":"post-34107","1":"product","2":"type-product","3":"status-publish","4":"has-post-thumbnail","6":"product_cat-domofoni-in-video-domofoni","7":"product_cat-komponente-sistema-sl","9":"first","10":"instock","11":"shipping-taxable","12":"product-type-simple"},"_links":{"self":[{"href":"https:\/\/www.dvc.video\/sl\/wp-json\/wp\/v2\/product\/34107","targetHints":{"allow":["GET"]}}],"collection":[{"href":"https:\/\/www.dvc.video\/sl\/wp-json\/wp\/v2\/product"}],"about":[{"href":"https:\/\/www.dvc.video\/sl\/wp-json\/wp\/v2\/types\/product"}],"wp:featuredmedia":[{"embeddable":true,"href":"https:\/\/www.dvc.video\/sl\/wp-json\/wp\/v2\/media\/34347"}],"wp:attachment":[{"href":"https:\/\/www.dvc.video\/sl\/wp-json\/wp\/v2\/media?parent=34107"}],"wp:term":[{"taxonomy":"product_brand","embeddable":true,"href":"https:\/\/www.dvc.video\/sl\/wp-json\/wp\/v2\/product_brand?post=34107"},{"taxonomy":"product_cat","embeddable":true,"href":"https:\/\/www.dvc.video\/sl\/wp-json\/wp\/v2\/product_cat?post=34107"},{"taxonomy":"product_tag","embeddable":true,"href":"https:\/\/www.dvc.video\/sl\/wp-json\/wp\/v2\/product_tag?post=34107"}],"curies":[{"name":"wp","href":"https:\/\/api.w.org\/{rel}","templated":true}]}}