{"id":34095,"date":"2025-05-06T09:32:25","date_gmt":"2025-05-06T07:32:25","guid":{"rendered":"https:\/\/www.dvc.video\/proizvod\/Bez%20kategorije\/drn-32164r-2\/"},"modified":"2026-04-18T05:09:19","modified_gmt":"2026-04-18T03:09:19","slug":"drn-32164r-2","status":"publish","type":"product","link":"https:\/\/www.dvc.video\/sl\/produkt\/video-nadzor\/snemalniki\/drn-32164r-2\/","title":{"rendered":"DRN-32164R"},"content":{"rendered":"<p><a href=\"https:\/\/b2b.alarmautomatika.com\/documentation\/Video_nadzor\/7_IP_video_nadzor\/Korisni\u010dke_upute_i_softwari_za_panteon\/DVC data sheets\/DRN-32164R.pdf?utm_source=dvc&amp;utm_medium=web&amp;utm_campaign=datasheet&amp;utm_term=DRN-32164R\" target=\"_blank\" class=\"button-datasheet\" rel=\"noopener\">Datasheet<\/a><\/p>\n","protected":false},"excerpt":{"rendered":"<p>Samostojni 32-kanalni NVR, podpira 16Mpx\/8Mpx\/6Mpx\/4Mpx\/1080p DVC IP kamere, 4 x HDD (max. 4 x 10TB), quadplex, kompresija H.264\/H.265\/H.265+\/H.265S,vhodni bandwith 320Mbps izhodni bandwith 256Mbps,hitrost snemanja 16Mpx,8Mpx,6Mpx,4Mpx,1080p@25fps na kanal,2 x RJ 45, 1x  VGA video izhod, 16 alarmnih vhodov, 4 alarmni izhodi, 2x LAN Giga Ethernet, P2P, DHCP, DDNS, spletni vmesnik, mobilni klient, dvojni video pretok, napajanje 230 VAC., Onvif kompatibilen, FULL VCA AI video analitika: Pre\u010dkanje linije (\u010dlovek ali vozilo), vdor (\u010dlovek ali vozilo), odstranitev predmeta, \u0161tetje vozil , \u0161tetje ljudi, sledenje osebi, zaznava zameglitve slike, zaznava spremembe kadra, zaznava pokritja kamere, prepoznava in zajem obrazov, prepoznava gne\u010de oseb (umetna inteligenca), dewarping za fisheye, prepoznava obraza, branje in prepoznava avto registrskih tablic (LPR), 2U rack ohi\u0161je, brez vgrajenih diskov, 3 leta garancije.<\/p>\n","protected":false},"featured_media":34237,"template":"","meta":{"_et_pb_use_builder":"","_et_pb_old_content":"","_et_gb_content_width":""},"product_brand":[],"product_cat":[6310,6298],"product_tag":[],"class_list":{"0":"post-34095","1":"product","2":"type-product","3":"status-publish","4":"has-post-thumbnail","6":"product_cat-snemalniki","7":"product_cat-video-nadzor","9":"first","10":"instock","11":"shipping-taxable","12":"product-type-simple"},"_links":{"self":[{"href":"https:\/\/www.dvc.video\/sl\/wp-json\/wp\/v2\/product\/34095","targetHints":{"allow":["GET"]}}],"collection":[{"href":"https:\/\/www.dvc.video\/sl\/wp-json\/wp\/v2\/product"}],"about":[{"href":"https:\/\/www.dvc.video\/sl\/wp-json\/wp\/v2\/types\/product"}],"wp:featuredmedia":[{"embeddable":true,"href":"https:\/\/www.dvc.video\/sl\/wp-json\/wp\/v2\/media\/34237"}],"wp:attachment":[{"href":"https:\/\/www.dvc.video\/sl\/wp-json\/wp\/v2\/media?parent=34095"}],"wp:term":[{"taxonomy":"product_brand","embeddable":true,"href":"https:\/\/www.dvc.video\/sl\/wp-json\/wp\/v2\/product_brand?post=34095"},{"taxonomy":"product_cat","embeddable":true,"href":"https:\/\/www.dvc.video\/sl\/wp-json\/wp\/v2\/product_cat?post=34095"},{"taxonomy":"product_tag","embeddable":true,"href":"https:\/\/www.dvc.video\/sl\/wp-json\/wp\/v2\/product_tag?post=34095"}],"curies":[{"name":"wp","href":"https:\/\/api.w.org\/{rel}","templated":true}]}}