{"id":33402,"date":"2025-01-27T09:08:40","date_gmt":"2025-01-27T08:08:40","guid":{"rendered":"https:\/\/www.dvc.video\/proizvod\/Bez%20kategorije\/dcn-bm43210lprv2-2\/"},"modified":"2026-04-18T05:11:49","modified_gmt":"2026-04-18T03:11:49","slug":"dcn-bm43210lprv2-2","status":"publish","type":"product","link":"https:\/\/www.dvc.video\/sl\/produkt\/video-nadzor\/kamere-sl\/dcn-bm43210lprv2-2\/","title":{"rendered":"DCN-BM43210LPRV2"},"content":{"rendered":"<p><a href=\"https:\/\/b2b.alarmautomatika.com\/documentation\/Video_nadzor\/7_IP_video_nadzor\/Korisni\u010dke_upute_i_softwari_za_panteon\/DVC data sheets\/DCN-BM43210LPRV2.pdf?utm_source=dvc&amp;utm_medium=web&amp;utm_campaign=datasheet&amp;utm_term=DCN-BM43210LPRV2\" target=\"_blank\" class=\"button-datasheet\" rel=\"noopener\">Datasheet<\/a><\/p>\n","protected":false},"excerpt":{"rendered":"<p>4 MP LPR Bullet IP video kamera, lo\u010dljivost 4Mpx\/25fps, objektiv 8 &#8211; 32 mm, 0.001Lux@F1.6, H.265+, IR LED domet 70-100m, za hitrosti do 120km\/h, True WDR 120dB, 12VDC\/ PoE, Onvif, za\u0161\u010dita IP67. 3 leta garancije.Ustrezno univerzalno instalacijsko ohi\u0161je-podno\u017eje za DVC IP kamere, z oznako podno\u017eja H1 in H13.(DAJ-41)<\/p>\n","protected":false},"featured_media":33449,"template":"","meta":{"_et_pb_use_builder":"","_et_pb_old_content":"","_et_gb_content_width":""},"product_brand":[],"product_cat":[6301,6298],"product_tag":[],"class_list":{"0":"post-33402","1":"product","2":"type-product","3":"status-publish","4":"has-post-thumbnail","6":"product_cat-kamere-sl","7":"product_cat-video-nadzor","9":"first","10":"instock","11":"shipping-taxable","12":"product-type-simple"},"_links":{"self":[{"href":"https:\/\/www.dvc.video\/sl\/wp-json\/wp\/v2\/product\/33402","targetHints":{"allow":["GET"]}}],"collection":[{"href":"https:\/\/www.dvc.video\/sl\/wp-json\/wp\/v2\/product"}],"about":[{"href":"https:\/\/www.dvc.video\/sl\/wp-json\/wp\/v2\/types\/product"}],"wp:featuredmedia":[{"embeddable":true,"href":"https:\/\/www.dvc.video\/sl\/wp-json\/wp\/v2\/media\/33449"}],"wp:attachment":[{"href":"https:\/\/www.dvc.video\/sl\/wp-json\/wp\/v2\/media?parent=33402"}],"wp:term":[{"taxonomy":"product_brand","embeddable":true,"href":"https:\/\/www.dvc.video\/sl\/wp-json\/wp\/v2\/product_brand?post=33402"},{"taxonomy":"product_cat","embeddable":true,"href":"https:\/\/www.dvc.video\/sl\/wp-json\/wp\/v2\/product_cat?post=33402"},{"taxonomy":"product_tag","embeddable":true,"href":"https:\/\/www.dvc.video\/sl\/wp-json\/wp\/v2\/product_tag?post=33402"}],"curies":[{"name":"wp","href":"https:\/\/api.w.org\/{rel}","templated":true}]}}