{"id":32814,"date":"2025-01-21T14:31:20","date_gmt":"2025-01-21T13:31:20","guid":{"rendered":"https:\/\/www.dvc.video\/proizvod\/Bez kategorije\/dtc-bf5073v2-2\/"},"modified":"2026-04-25T05:16:10","modified_gmt":"2026-04-25T03:16:10","slug":"dtc-bf5073v2-2","status":"publish","type":"product","link":"https:\/\/www.dvc.video\/sl\/produkt\/video-nadzor\/kamere-sl\/dtc-bf5073v2-2\/","title":{"rendered":"DTC-BF5073V2"},"content":{"rendered":"","protected":false},"excerpt":{"rendered":"<p>5 MP Termalna Bullet IP video kamera, termalna lo\u010dljivost 256&#215;192 termalna le\u010da 7mm@F1.0, merilna razdalja 1,1 m, natan\u010dnost \u00b18\u00b0C, opti\u010dna lo\u010dljivost 5Mpx\/30fps, le\u010da 7 mm, H.265, IR 20-30 m, True WDR 120dB, 12VDC\/PoE, SD kartica, avdio vhod+zvo\u010dnik, bela svetloba.<\/p>\n","protected":false},"featured_media":32947,"template":"","meta":{"_et_pb_use_builder":"","_et_pb_old_content":"","_et_gb_content_width":""},"product_brand":[],"product_cat":[6301,6298],"product_tag":[],"class_list":{"0":"post-32814","1":"product","2":"type-product","3":"status-publish","4":"has-post-thumbnail","6":"product_cat-kamere-sl","7":"product_cat-video-nadzor","9":"first","10":"instock","11":"shipping-taxable","12":"product-type-simple"},"_links":{"self":[{"href":"https:\/\/www.dvc.video\/sl\/wp-json\/wp\/v2\/product\/32814","targetHints":{"allow":["GET"]}}],"collection":[{"href":"https:\/\/www.dvc.video\/sl\/wp-json\/wp\/v2\/product"}],"about":[{"href":"https:\/\/www.dvc.video\/sl\/wp-json\/wp\/v2\/types\/product"}],"wp:featuredmedia":[{"embeddable":true,"href":"https:\/\/www.dvc.video\/sl\/wp-json\/wp\/v2\/media\/32947"}],"wp:attachment":[{"href":"https:\/\/www.dvc.video\/sl\/wp-json\/wp\/v2\/media?parent=32814"}],"wp:term":[{"taxonomy":"product_brand","embeddable":true,"href":"https:\/\/www.dvc.video\/sl\/wp-json\/wp\/v2\/product_brand?post=32814"},{"taxonomy":"product_cat","embeddable":true,"href":"https:\/\/www.dvc.video\/sl\/wp-json\/wp\/v2\/product_cat?post=32814"},{"taxonomy":"product_tag","embeddable":true,"href":"https:\/\/www.dvc.video\/sl\/wp-json\/wp\/v2\/product_tag?post=32814"}],"curies":[{"name":"wp","href":"https:\/\/api.w.org\/{rel}","templated":true}]}}