{"id":32811,"date":"2025-01-21T14:31:06","date_gmt":"2025-01-21T13:31:06","guid":{"rendered":"https:\/\/www.dvc.video\/proizvod\/Bez%20kategorije\/drn-32162r-2\/"},"modified":"2026-04-27T08:31:58","modified_gmt":"2026-04-27T06:31:58","slug":"drn-32162r-2","status":"publish","type":"product","link":"https:\/\/www.dvc.video\/sl\/produkt\/video-nadzor\/snemalniki\/drn-32162r-2\/","title":{"rendered":"DRN-32162R"},"content":{"rendered":"<p><a href=\"https:\/\/b2b.alarmautomatika.com\/documentation\/Video_nadzor\/7_IP_video_nadzor\/Korisni\u010dke_upute_i_softwari_za_panteon\/DVC data sheets\/DRN-32162R.pdf?utm_source=dvc&amp;utm_medium=web&amp;utm_campaign=datasheet&amp;utm_term=DRN-32162R\" target=\"_blank\" class=\"button-datasheet\" rel=\"noopener\">Datasheet<\/a><\/p>\n","protected":false},"excerpt":{"rendered":"<p>Samostojni 32 kanalni NVR, 16Mpx\/12Mpx\/8Mpx\/5Mpx\/4Mpx\/3Mpx\/1080p\/ 25 sli\u010dic po kanalu, DVC IP kamere, 2 x HDD 1 SATA  (2 x 10 TB max.),2 x RJ-45 (1000 Mbps), pasovna \u0161irina vhodna 320 Mbps ,kompresija streama H.264\/H.265, hitrost snemanja 16Mpx, 12Mpx, 8Mpx, 5Mpx, 4Mpx, 3Mpx, 1080p @25fps na kanal, 1x HDMI 4K  in 1x VGA video izhod, Audio , P2P,dual stream recording , 12 VDC napajalnik v kompletu.FULL VCA AI video analitika: Pre\u010dkanje linije (\u010dlovek ali vozilo), vdor (\u010dlovek ali vozilo), odstranitev predmeta, \u0161tetje vozil , \u0161tetje ljudi, sledenje osebi, zaznava zameglitve slike, zaznava spremembe kadra, zaznava pokritja kamere, prepoznava in zajem obrazov, prepoznava gne\u010de oseb (umetna inteligenca), prepoznava obraza, branje in prepoznava avto registrskih tablic (LPR),funkcija poravnave (dewarping) slike FishEye s programsko opremo razli\u010dice 1.4.10. rack ohi\u0161je z mi\u0161ko , brez diskov, 3 leta garancije.<\/p>\n","protected":false},"featured_media":32907,"template":"","meta":{"_et_pb_use_builder":"","_et_pb_old_content":"","_et_gb_content_width":""},"product_brand":[],"product_cat":[6310,6298],"product_tag":[],"class_list":{"0":"post-32811","1":"product","2":"type-product","3":"status-publish","4":"has-post-thumbnail","6":"product_cat-snemalniki","7":"product_cat-video-nadzor","9":"first","10":"instock","11":"shipping-taxable","12":"product-type-simple"},"_links":{"self":[{"href":"https:\/\/www.dvc.video\/sl\/wp-json\/wp\/v2\/product\/32811","targetHints":{"allow":["GET"]}}],"collection":[{"href":"https:\/\/www.dvc.video\/sl\/wp-json\/wp\/v2\/product"}],"about":[{"href":"https:\/\/www.dvc.video\/sl\/wp-json\/wp\/v2\/types\/product"}],"wp:featuredmedia":[{"embeddable":true,"href":"https:\/\/www.dvc.video\/sl\/wp-json\/wp\/v2\/media\/32907"}],"wp:attachment":[{"href":"https:\/\/www.dvc.video\/sl\/wp-json\/wp\/v2\/media?parent=32811"}],"wp:term":[{"taxonomy":"product_brand","embeddable":true,"href":"https:\/\/www.dvc.video\/sl\/wp-json\/wp\/v2\/product_brand?post=32811"},{"taxonomy":"product_cat","embeddable":true,"href":"https:\/\/www.dvc.video\/sl\/wp-json\/wp\/v2\/product_cat?post=32811"},{"taxonomy":"product_tag","embeddable":true,"href":"https:\/\/www.dvc.video\/sl\/wp-json\/wp\/v2\/product_tag?post=32811"}],"curies":[{"name":"wp","href":"https:\/\/api.w.org\/{rel}","templated":true}]}}