{"id":32810,"date":"2025-01-21T14:31:15","date_gmt":"2025-01-21T13:31:15","guid":{"rendered":"https:\/\/www.dvc.video\/proizvod\/Bez%20kategorije\/drn-16162r-2\/"},"modified":"2026-05-09T05:11:07","modified_gmt":"2026-05-09T03:11:07","slug":"drn-16162r-2","status":"publish","type":"product","link":"https:\/\/www.dvc.video\/sl\/produkt\/video-nadzor\/snemalniki\/drn-16162r-2\/","title":{"rendered":"DRN-16162R"},"content":{"rendered":"<p><a href=\"https:\/\/b2b.alarmautomatika.com\/documentation\/Video_nadzor\/7_IP_video_nadzor\/Korisni\u010dke_upute_i_softwari_za_panteon\/DVC data sheets\/DRN-16162R.pdf?utm_source=dvc&amp;utm_medium=web&amp;utm_campaign=datasheet&amp;utm_term=DRN-16162R\" target=\"_blank\" class=\"button-datasheet\" rel=\"noopener\">Datasheet<\/a><\/p>\n","protected":false},"excerpt":{"rendered":"<p>Samostojni 16 kanalni NVR, 16Mpx\/12Mpx\/8Mpx\/5Mpx\/4Mpx\/3Mpx\/1080p DVC IP kamere, 2 x HDD SATA  (2 x 10 TB max.),2 x RJ-45 (1000 Mbps),pasovna \u0161irina vhodna 192 Mbps \/ izhodna 192 Mbps ,stream kompresija H.264\/H.265, hitrost snemanja 16Mpx, 12Mpx, 8Mpx, 5Mpx, 4Mpx, 3Mpx, 1080p @25fps na kanal, 1x HDMI 4K  in 1x VGA video izhod, Alarm 8 x vhod \/4x izhod, Audio vhod\/izhod, P2P,dual stream recording , 12 VDC napajalnik v kompletu.FULL VCA AI video analitika: Pre\u010dkanje linije (\u010dlovek ali vozilo), vdor (\u010dlovek ali vozilo), odstranitev predmeta, \u0161tetje vozil , \u0161tetje ljudi, sledenje osebi, zaznava zameglitve slike, zaznava spremembe kadra, zaznava pokritja kamere, prepoznava in zajem obrazov, prepoznava gne\u010de oseb (umetna inteligenca), dewarping za fisheye, prepoznava obraza, branje in prepoznava avto registrskih tablic (LPR), rack ohi\u0161je z mi\u0161ko in daljincem, brez diskov, 3 leta garancije.<\/p>\n","protected":false},"featured_media":32917,"template":"","meta":{"_et_pb_use_builder":"","_et_pb_old_content":"","_et_gb_content_width":""},"product_brand":[],"product_cat":[6310,6298],"product_tag":[],"class_list":{"0":"post-32810","1":"product","2":"type-product","3":"status-publish","4":"has-post-thumbnail","6":"product_cat-snemalniki","7":"product_cat-video-nadzor","9":"first","10":"instock","11":"shipping-taxable","12":"product-type-simple"},"_links":{"self":[{"href":"https:\/\/www.dvc.video\/sl\/wp-json\/wp\/v2\/product\/32810","targetHints":{"allow":["GET"]}}],"collection":[{"href":"https:\/\/www.dvc.video\/sl\/wp-json\/wp\/v2\/product"}],"about":[{"href":"https:\/\/www.dvc.video\/sl\/wp-json\/wp\/v2\/types\/product"}],"wp:featuredmedia":[{"embeddable":true,"href":"https:\/\/www.dvc.video\/sl\/wp-json\/wp\/v2\/media\/32917"}],"wp:attachment":[{"href":"https:\/\/www.dvc.video\/sl\/wp-json\/wp\/v2\/media?parent=32810"}],"wp:term":[{"taxonomy":"product_brand","embeddable":true,"href":"https:\/\/www.dvc.video\/sl\/wp-json\/wp\/v2\/product_brand?post=32810"},{"taxonomy":"product_cat","embeddable":true,"href":"https:\/\/www.dvc.video\/sl\/wp-json\/wp\/v2\/product_cat?post=32810"},{"taxonomy":"product_tag","embeddable":true,"href":"https:\/\/www.dvc.video\/sl\/wp-json\/wp\/v2\/product_tag?post=32810"}],"curies":[{"name":"wp","href":"https:\/\/api.w.org\/{rel}","templated":true}]}}