{"id":32808,"date":"2025-01-21T14:31:11","date_gmt":"2025-01-21T13:31:11","guid":{"rendered":"https:\/\/www.dvc.video\/proizvod\/Bez%20kategorije\/dosn-77-2\/"},"modified":"2026-05-09T05:11:27","modified_gmt":"2026-05-09T03:11:27","slug":"dosn-77-2","status":"publish","type":"product","link":"https:\/\/www.dvc.video\/sl\/produkt\/video-nadzor\/strezniki-in-oprema\/dosn-77-2\/","title":{"rendered":"DOSN-77"},"content":{"rendered":"<p><a href=\"https:\/\/b2b.alarmautomatika.com\/documentation\/Video_nadzor\/7_IP_video_nadzor\/Korisni\u010dke_upute_i_softwari_za_panteon\/DVC data sheets\/DOSN-77.pdf?utm_source=dvc&amp;utm_medium=web&amp;utm_campaign=datasheet&amp;utm_term=DOSN-77\" target=\"_blank\" class=\"button-datasheet\" rel=\"noopener\">Datasheet<\/a><\/p>\n","protected":false},"excerpt":{"rendered":"<p>DVC VMS stre\u017enik z vgrajenim NVMS2.0 STANDARDOM, podpora za do 256  kanalov, 64 snemalnikov, 64 IP kamer neposredno, 2x HDMI video izhoda, 1 x HDD do 10TB na disk ,ethernet priklju\u010dek 2 x RJ 45 (10M,100M,1000M self adaptive ports), 1 ch audio izhod+ 1 x izhod audio HDMI1, maksimalno \u0161tevilo ogleda \u017eive slike 72 (36+36) ,maksimalno \u0161tevilo ogleda posnetka do 16 kanalov , max.resolucija do 16MP (1x 16MP ali 4x 8MP ali 9x 4MP samo na primarnem HDMI izhodu),mo\u017enost priklopa povezave za do 1 x Storage serverja in 1 x Transfere serverja, vhodna pasovna \u0161irina 512Mbps, izhodna pasovna \u0161irina 128Mbps. Napajanje 12 V \/3A (napajalnik prilo\u017een v kompletu).Garancija 3 leta.<\/p>\n","protected":false},"featured_media":32877,"template":"","meta":{"_et_pb_use_builder":"","_et_pb_old_content":"","_et_gb_content_width":""},"product_brand":[],"product_cat":[6309,6298],"product_tag":[],"class_list":{"0":"post-32808","1":"product","2":"type-product","3":"status-publish","4":"has-post-thumbnail","6":"product_cat-strezniki-in-oprema","7":"product_cat-video-nadzor","9":"first","10":"instock","11":"shipping-taxable","12":"product-type-simple"},"_links":{"self":[{"href":"https:\/\/www.dvc.video\/sl\/wp-json\/wp\/v2\/product\/32808","targetHints":{"allow":["GET"]}}],"collection":[{"href":"https:\/\/www.dvc.video\/sl\/wp-json\/wp\/v2\/product"}],"about":[{"href":"https:\/\/www.dvc.video\/sl\/wp-json\/wp\/v2\/types\/product"}],"wp:featuredmedia":[{"embeddable":true,"href":"https:\/\/www.dvc.video\/sl\/wp-json\/wp\/v2\/media\/32877"}],"wp:attachment":[{"href":"https:\/\/www.dvc.video\/sl\/wp-json\/wp\/v2\/media?parent=32808"}],"wp:term":[{"taxonomy":"product_brand","embeddable":true,"href":"https:\/\/www.dvc.video\/sl\/wp-json\/wp\/v2\/product_brand?post=32808"},{"taxonomy":"product_cat","embeddable":true,"href":"https:\/\/www.dvc.video\/sl\/wp-json\/wp\/v2\/product_cat?post=32808"},{"taxonomy":"product_tag","embeddable":true,"href":"https:\/\/www.dvc.video\/sl\/wp-json\/wp\/v2\/product_tag?post=32808"}],"curies":[{"name":"wp","href":"https:\/\/api.w.org\/{rel}","templated":true}]}}