{"id":32806,"date":"2025-01-21T14:31:19","date_gmt":"2025-01-21T13:31:19","guid":{"rendered":"https:\/\/www.dvc.video\/proizvod\/Bez%20kategorije\/dcn-tm8125ai-dl-2\/"},"modified":"2026-05-09T05:10:09","modified_gmt":"2026-05-09T03:10:09","slug":"dcn-tm8125ai-dl-2","status":"publish","type":"product","link":"https:\/\/www.dvc.video\/sl\/produkt\/video-nadzor\/kamere-sl\/dcn-tm8125ai-dl-2\/","title":{"rendered":"DCN-TM8125AI-DL"},"content":{"rendered":"","protected":false},"excerpt":{"rendered":"<p>8MP Dvojna osvetlitev Vodoodporna Turret omre\u017ena kamera;  lo\u010dljivost 8Mpx\/20fps, objektiv 2.8-12 mm moto-zoom, , True WDR 120dB H.265+ \/ H.265 \/ H.264+ \/ H.264 \/ MJPEG kodiranje; Samodejno preklapljanje dan\/no\u010d; 3D DNR, HWDR, HLC, BLC, Defog, itd.; ROI (Regija interesa) kodiranje; Podpora za pametno dopolnilno osvetlitev 20\u201330 m vidna razdalja z belo svetlobo; 30\u201350 m IR vidna razdalja; Napajanje: DC12V\/PoE; Za\u0161\u010dita pred vdorom: IP67; Podpora za tri tokove; Podpora za oddaljeno spremljanje prek pametnih telefonov in tabli\u010dnih ra\u010dunalnikov s sistemi iOS in Android; Podpora za P2P funkcijo;podpora za SD kartico do 256GB ; Podpora za SMD; Podpora za zaznavanje pre\u010dkanja \u010drte, zaznavanje vdora v obmo\u010dje; zaznavanje zapu\u0161\u010denih\/pogre\u0161anih predmetov, zaznavanje video izjem. 3 leta garancije. NDAA kompatibilen. Ustrezno podno\u017eje H-7 potrebno dodatno naro\u010diti (DAJ-44, L nosilec DAM-32; pogojno tudi DAJ-38).<\/p>\n","protected":false},"featured_media":33167,"template":"","meta":{"_et_pb_use_builder":"","_et_pb_old_content":"","_et_gb_content_width":""},"product_brand":[],"product_cat":[6301,6298],"product_tag":[],"class_list":{"0":"post-32806","1":"product","2":"type-product","3":"status-publish","4":"has-post-thumbnail","6":"product_cat-kamere-sl","7":"product_cat-video-nadzor","9":"first","10":"instock","11":"shipping-taxable","12":"product-type-simple"},"_links":{"self":[{"href":"https:\/\/www.dvc.video\/sl\/wp-json\/wp\/v2\/product\/32806","targetHints":{"allow":["GET"]}}],"collection":[{"href":"https:\/\/www.dvc.video\/sl\/wp-json\/wp\/v2\/product"}],"about":[{"href":"https:\/\/www.dvc.video\/sl\/wp-json\/wp\/v2\/types\/product"}],"wp:featuredmedia":[{"embeddable":true,"href":"https:\/\/www.dvc.video\/sl\/wp-json\/wp\/v2\/media\/33167"}],"wp:attachment":[{"href":"https:\/\/www.dvc.video\/sl\/wp-json\/wp\/v2\/media?parent=32806"}],"wp:term":[{"taxonomy":"product_brand","embeddable":true,"href":"https:\/\/www.dvc.video\/sl\/wp-json\/wp\/v2\/product_brand?post=32806"},{"taxonomy":"product_cat","embeddable":true,"href":"https:\/\/www.dvc.video\/sl\/wp-json\/wp\/v2\/product_cat?post=32806"},{"taxonomy":"product_tag","embeddable":true,"href":"https:\/\/www.dvc.video\/sl\/wp-json\/wp\/v2\/product_tag?post=32806"}],"curies":[{"name":"wp","href":"https:\/\/api.w.org\/{rel}","templated":true}]}}