{"id":32801,"date":"2025-01-21T14:31:05","date_gmt":"2025-01-21T13:31:05","guid":{"rendered":"https:\/\/www.dvc.video\/proizvod\/Bez%20kategorije\/dcn-tf4283ain2-dl-2\/"},"modified":"2026-04-11T05:24:06","modified_gmt":"2026-04-11T03:24:06","slug":"dcn-tf4283ain2-dl-2","status":"publish","type":"product","link":"https:\/\/www.dvc.video\/sl\/produkt\/video-nadzor\/kamere-sl\/dcn-tf4283ain2-dl-2\/","title":{"rendered":"DCN-TF4283AIN2-DL"},"content":{"rendered":"<p><a href=\"https:\/\/b2b.alarmautomatika.com\/documentation\/Video_nadzor\/7_IP_video_nadzor\/Korisni\u010dke_upute_i_softwari_za_panteon\/DVC data sheets\/DCN-TF4283AIN2-DL.pdf?utm_source=dvc&amp;utm_medium=web&amp;utm_campaign=datasheet&amp;utm_term=DCN-TF4283AIN2-DL\" target=\"_blank\" class=\"button-datasheet\" rel=\"noopener\">Datasheet<\/a><\/p>\n","protected":false},"excerpt":{"rendered":"<p>4MPX turret IP video kamera, Dual Light,resolucija 4Mpx\/25fps, fiksni objektiv 2,8 mm, horizontalni vidni kot: 101\u00b0, SMART H.265S\/ H.265+\/H.265\/H.264S\/H.264 +\/H.264, IR LED in BELA LED osvetlitev dometa 20-30 m (barvna slika kamere pri minimalni osvetlitvi), 0.0008Lux@F1.6, AGC ON,True WDR 120dB,vgrajen mikrofon,napajanje: 12VDC\/PoE, 8W, podpora za SD kartico do max.512GB, Onvif, IK10, IP67, podpora P2P za povezave kamere na mobilno aplikacijo DVC Connect,META DATA ANALITIKA &#8211; FULL VCA AI video analitika: Pre\u010dkanje linije (\u010dlovek ali vozilo), vdor (\u010dlovek ali vozilo),zaznavanje nezakonitega parkiranja, zaznavanje zapu\u0161\u010denega manjkajo\u010dega predmeta zaznava zameglitve slike, zaznava spremembe kadra, zaznava pokritja kamere, prepoznava in zajem obrazov, prepoznava gne\u010de oseb (umetna inteligenca), 3 leta garancije. NDAA kompatibilen. Ustrezna podno\u017eja H8 (DAJ-33, DAJ-38, DAJ-40, DAM-32,DAM-34 in DAM-35).<\/p>\n","protected":false},"featured_media":33087,"template":"","meta":{"_et_pb_use_builder":"","_et_pb_old_content":"","_et_gb_content_width":""},"product_brand":[],"product_cat":[6301,6298],"product_tag":[],"class_list":{"0":"post-32801","1":"product","2":"type-product","3":"status-publish","4":"has-post-thumbnail","6":"product_cat-kamere-sl","7":"product_cat-video-nadzor","9":"first","10":"instock","11":"shipping-taxable","12":"product-type-simple"},"_links":{"self":[{"href":"https:\/\/www.dvc.video\/sl\/wp-json\/wp\/v2\/product\/32801","targetHints":{"allow":["GET"]}}],"collection":[{"href":"https:\/\/www.dvc.video\/sl\/wp-json\/wp\/v2\/product"}],"about":[{"href":"https:\/\/www.dvc.video\/sl\/wp-json\/wp\/v2\/types\/product"}],"wp:featuredmedia":[{"embeddable":true,"href":"https:\/\/www.dvc.video\/sl\/wp-json\/wp\/v2\/media\/33087"}],"wp:attachment":[{"href":"https:\/\/www.dvc.video\/sl\/wp-json\/wp\/v2\/media?parent=32801"}],"wp:term":[{"taxonomy":"product_brand","embeddable":true,"href":"https:\/\/www.dvc.video\/sl\/wp-json\/wp\/v2\/product_brand?post=32801"},{"taxonomy":"product_cat","embeddable":true,"href":"https:\/\/www.dvc.video\/sl\/wp-json\/wp\/v2\/product_cat?post=32801"},{"taxonomy":"product_tag","embeddable":true,"href":"https:\/\/www.dvc.video\/sl\/wp-json\/wp\/v2\/product_tag?post=32801"}],"curies":[{"name":"wp","href":"https:\/\/api.w.org\/{rel}","templated":true}]}}