{"id":32800,"date":"2025-01-21T14:31:06","date_gmt":"2025-01-21T13:31:06","guid":{"rendered":"https:\/\/www.dvc.video\/proizvod\/Bez%20kategorije\/dcn-tf4282dv-2\/"},"modified":"2026-04-25T05:21:47","modified_gmt":"2026-04-25T03:21:47","slug":"dcn-tf4282dv-2","status":"publish","type":"product","link":"https:\/\/www.dvc.video\/sl\/produkt\/video-nadzor\/kamere-sl\/dcn-tf4282dv-2\/","title":{"rendered":"DCN-TF4282DV"},"content":{"rendered":"<p><a href=\"https:\/\/b2b.alarmautomatika.com\/documentation\/Video_nadzor\/7_IP_video_nadzor\/Korisni\u010dke_upute_i_softwari_za_panteon\/DVC data sheets\/DCN-TF4282DV.pdf?utm_source=dvc&amp;utm_medium=web&amp;utm_campaign=datasheet&amp;utm_term=DCN-TF4282DV\" target=\"_blank\" class=\"button-datasheet\" rel=\"noopener\">Datasheet<\/a><\/p>\n","protected":false},"excerpt":{"rendered":"<p>4Mpx Turret IP video kamera, resolucije 4Mpx\/25fps,objektiv 2.8mm, 0.0005Lux@F1.0, vidni kot horizontalno 99\u00b0, DarkView tehnologija ,ki zagotavlja brezhibno sliko v popolni temi, podprti kodeki H.265, domet bele LED svetlobe  10-20 m , IP67, 12VDC\/PoE, 6,5W,  &#8211; 30 \u00b0C ~ 60\u00b0C, WDR 120dB, SD slot do 512GB podprt Onvif protokol za povezavo na sisteme drugih proizvajalcev,, IK10 in IP67 za\u0161\u010dita,podpira P2P funkcijo za povezavo kamere  direktno na mobilno aplikacijo DVC Connect, FULL VCA AI video analitika: Pre\u010dkanje linije (\u010dlovek ali vozilo), vdor (\u010dlovek ali vozilo), \u0161tetje ljudi, sledenje osebi, zaznava zameglitve slike, zaznava spremembe kadra, zaznava pokritja kamere, prepoznava in zajem obrazov, prepoznava gne\u010de oseb (umetna inteligenca), vgrajen mikrofon.  3 leta garancije. NDAA kompatibilen. Ustrezna podno\u017eja H3 (DAJ-38,DAJ-40  in DAM-35).<\/p>\n","protected":false},"featured_media":33127,"template":"","meta":{"_et_pb_use_builder":"","_et_pb_old_content":"","_et_gb_content_width":""},"product_brand":[],"product_cat":[6301,6298],"product_tag":[],"class_list":{"0":"post-32800","1":"product","2":"type-product","3":"status-publish","4":"has-post-thumbnail","6":"product_cat-kamere-sl","7":"product_cat-video-nadzor","9":"first","10":"instock","11":"shipping-taxable","12":"product-type-simple"},"_links":{"self":[{"href":"https:\/\/www.dvc.video\/sl\/wp-json\/wp\/v2\/product\/32800","targetHints":{"allow":["GET"]}}],"collection":[{"href":"https:\/\/www.dvc.video\/sl\/wp-json\/wp\/v2\/product"}],"about":[{"href":"https:\/\/www.dvc.video\/sl\/wp-json\/wp\/v2\/types\/product"}],"wp:featuredmedia":[{"embeddable":true,"href":"https:\/\/www.dvc.video\/sl\/wp-json\/wp\/v2\/media\/33127"}],"wp:attachment":[{"href":"https:\/\/www.dvc.video\/sl\/wp-json\/wp\/v2\/media?parent=32800"}],"wp:term":[{"taxonomy":"product_brand","embeddable":true,"href":"https:\/\/www.dvc.video\/sl\/wp-json\/wp\/v2\/product_brand?post=32800"},{"taxonomy":"product_cat","embeddable":true,"href":"https:\/\/www.dvc.video\/sl\/wp-json\/wp\/v2\/product_cat?post=32800"},{"taxonomy":"product_tag","embeddable":true,"href":"https:\/\/www.dvc.video\/sl\/wp-json\/wp\/v2\/product_tag?post=32800"}],"curies":[{"name":"wp","href":"https:\/\/api.w.org\/{rel}","templated":true}]}}