{"id":32794,"date":"2025-01-21T14:31:03","date_gmt":"2025-01-21T13:31:03","guid":{"rendered":"https:\/\/www.dvc.video\/proizvod\/Bez%20kategorije\/dcn-pc4211ai-2\/"},"modified":"2026-04-11T05:25:30","modified_gmt":"2026-04-11T03:25:30","slug":"dcn-pc4211ai-2","status":"publish","type":"product","link":"https:\/\/www.dvc.video\/sl\/produkt\/video-nadzor\/kamere-sl\/dcn-pc4211ai-2\/","title":{"rendered":"DCN-PC4211AI"},"content":{"rendered":"","protected":false},"excerpt":{"rendered":"<p>4 Mpx IP video kamera za \u0161tetje oseb, lo\u010dljivost 4 Mpx\/25 fps, le\u010da 2,1 mm, H.265, 1 x IR LED z dosegom 10 m, True WDR 120 dB, 12 VDC\/PoE, Onvif, za\u0161\u010dita IP66.vgrajen mikrofon in zvo\u010dnik,podpora za SD kartico do 265GB,Podpira \u0161tetje ljudi (vhod\/izhod).3 leta garancije.<\/p>\n","protected":false},"featured_media":32997,"template":"","meta":{"_et_pb_use_builder":"","_et_pb_old_content":"","_et_gb_content_width":""},"product_brand":[],"product_cat":[6301,6298],"product_tag":[],"class_list":{"0":"post-32794","1":"product","2":"type-product","3":"status-publish","4":"has-post-thumbnail","6":"product_cat-kamere-sl","7":"product_cat-video-nadzor","9":"first","10":"instock","11":"shipping-taxable","12":"product-type-simple"},"_links":{"self":[{"href":"https:\/\/www.dvc.video\/sl\/wp-json\/wp\/v2\/product\/32794","targetHints":{"allow":["GET"]}}],"collection":[{"href":"https:\/\/www.dvc.video\/sl\/wp-json\/wp\/v2\/product"}],"about":[{"href":"https:\/\/www.dvc.video\/sl\/wp-json\/wp\/v2\/types\/product"}],"wp:featuredmedia":[{"embeddable":true,"href":"https:\/\/www.dvc.video\/sl\/wp-json\/wp\/v2\/media\/32997"}],"wp:attachment":[{"href":"https:\/\/www.dvc.video\/sl\/wp-json\/wp\/v2\/media?parent=32794"}],"wp:term":[{"taxonomy":"product_brand","embeddable":true,"href":"https:\/\/www.dvc.video\/sl\/wp-json\/wp\/v2\/product_brand?post=32794"},{"taxonomy":"product_cat","embeddable":true,"href":"https:\/\/www.dvc.video\/sl\/wp-json\/wp\/v2\/product_cat?post=32794"},{"taxonomy":"product_tag","embeddable":true,"href":"https:\/\/www.dvc.video\/sl\/wp-json\/wp\/v2\/product_tag?post=32794"}],"curies":[{"name":"wp","href":"https:\/\/api.w.org\/{rel}","templated":true}]}}