{"id":32791,"date":"2025-01-21T14:31:04","date_gmt":"2025-01-21T13:31:04","guid":{"rendered":"https:\/\/www.dvc.video\/proizvod\/Bez%20kategorije\/dcn-bm8125ai-dl-2\/"},"modified":"2026-04-27T08:33:58","modified_gmt":"2026-04-27T06:33:58","slug":"dcn-bm8125ai-dl-2","status":"publish","type":"product","link":"https:\/\/www.dvc.video\/sl\/produkt\/video-nadzor\/kamere-sl\/dcn-bm8125ai-dl-2\/","title":{"rendered":"DCN-BM8125AI-DL"},"content":{"rendered":"<p><a href=\"https:\/\/b2b.alarmautomatika.com\/documentation\/Video_nadzor\/7_IP_video_nadzor\/Korisni\u010dke_upute_i_softwari_za_panteon\/DVC data sheets\/DCN-BF8285AI-DL-BM8125AI-DL.pdf?utm_source=dvc&amp;utm_medium=web&amp;utm_campaign=datasheet&amp;utm_term=DCN-BM8125AI-DL\" target=\"_blank\" class=\"button-datasheet\" rel=\"noopener\">Datasheet<\/a><\/p>\n","protected":false},"excerpt":{"rendered":"<p>8MP Dvojna osvetlitev (DUAL LIGHT) Vodoodporna Bullet omre\u017ena kamera;  lo\u010dljivost 8Mpx\/20fps, objektiv 2.8-12 mm moto-zoom, True WDR 120dB H.265+ \/ H.265 \/ H.264+ \/ H.264 \/ MJPEG kodiranje; Samodejno preklapljanje dan\/no\u010d; 3D DNR, HWDR, HLC, BLC, Defog, itd.; ROI (Regija interesa) kodiranje; Podpora za pametno dopolnilno osvetlitev 20\u201330 m vidna razdalja z belo svetlobo; 30\u201350 m IR vidna razdalja; Napajanje: DC12V\/PoE; Za\u0161\u010dita pred vdorom: IP67; Podpora za tri tokove; Podpora za oddaljeno spremljanje prek pametnih telefonov in tabli\u010dnih ra\u010dunalnikov s sistemi iOS in Android; Podpora za P2P funkcijo; Podpora za SMD; Podpora za zaznavanje pre\u010dkanja \u010drte, zaznavanje vdora v obmo\u010dje; zaznavanje zapu\u0161\u010denih\/pogre\u0161anih predmetov, zaznavanje video izjem. (DAJ-38, DAJ-40,  DAM-35).<\/p>\n","protected":false},"featured_media":33137,"template":"","meta":{"_et_pb_use_builder":"","_et_pb_old_content":"","_et_gb_content_width":""},"product_brand":[],"product_cat":[6301,6298],"product_tag":[],"class_list":{"0":"post-32791","1":"product","2":"type-product","3":"status-publish","4":"has-post-thumbnail","6":"product_cat-kamere-sl","7":"product_cat-video-nadzor","9":"first","10":"instock","11":"shipping-taxable","12":"product-type-simple"},"_links":{"self":[{"href":"https:\/\/www.dvc.video\/sl\/wp-json\/wp\/v2\/product\/32791","targetHints":{"allow":["GET"]}}],"collection":[{"href":"https:\/\/www.dvc.video\/sl\/wp-json\/wp\/v2\/product"}],"about":[{"href":"https:\/\/www.dvc.video\/sl\/wp-json\/wp\/v2\/types\/product"}],"wp:featuredmedia":[{"embeddable":true,"href":"https:\/\/www.dvc.video\/sl\/wp-json\/wp\/v2\/media\/33137"}],"wp:attachment":[{"href":"https:\/\/www.dvc.video\/sl\/wp-json\/wp\/v2\/media?parent=32791"}],"wp:term":[{"taxonomy":"product_brand","embeddable":true,"href":"https:\/\/www.dvc.video\/sl\/wp-json\/wp\/v2\/product_brand?post=32791"},{"taxonomy":"product_cat","embeddable":true,"href":"https:\/\/www.dvc.video\/sl\/wp-json\/wp\/v2\/product_cat?post=32791"},{"taxonomy":"product_tag","embeddable":true,"href":"https:\/\/www.dvc.video\/sl\/wp-json\/wp\/v2\/product_tag?post=32791"}],"curies":[{"name":"wp","href":"https:\/\/api.w.org\/{rel}","templated":true}]}}