{"id":32789,"date":"2025-01-21T14:31:05","date_gmt":"2025-01-21T13:31:05","guid":{"rendered":"https:\/\/www.dvc.video\/proizvod\/Bez%20kategorije\/dcn-bm2220lprv2-2\/"},"modified":"2026-04-11T05:23:49","modified_gmt":"2026-04-11T03:23:49","slug":"dcn-bm2220lprv2-2","status":"publish","type":"product","link":"https:\/\/www.dvc.video\/sl\/produkt\/video-nadzor\/kamere-sl\/dcn-bm2220lprv2-2\/","title":{"rendered":"DCN-BM25010LPRV2"},"content":{"rendered":"","protected":false},"excerpt":{"rendered":"<p>2 MPX LPR bullet IP video kamera za branje in zajem avto registrskih tablic LPR (do 120 km\/h), resolucija 2Mpx\/25FPS, objektiv 5 &#8211; 50 mm , 0.0026Lux@F1.2, H.265, IR LED osvetlitev dometa 70-100 m, True WDR 120dB, 12VDC\/PoE, Onvif, IP67 za\u0161\u010dita. Podno\u017eje H1 (DAJ-35, DAJ-41). 3 leta garancije.<\/p>\n","protected":false},"featured_media":32987,"template":"","meta":{"_et_pb_use_builder":"","_et_pb_old_content":"","_et_gb_content_width":""},"product_brand":[],"product_cat":[6301,6298],"product_tag":[],"class_list":{"0":"post-32789","1":"product","2":"type-product","3":"status-publish","4":"has-post-thumbnail","6":"product_cat-kamere-sl","7":"product_cat-video-nadzor","9":"first","10":"instock","11":"shipping-taxable","12":"product-type-simple"},"_links":{"self":[{"href":"https:\/\/www.dvc.video\/sl\/wp-json\/wp\/v2\/product\/32789","targetHints":{"allow":["GET"]}}],"collection":[{"href":"https:\/\/www.dvc.video\/sl\/wp-json\/wp\/v2\/product"}],"about":[{"href":"https:\/\/www.dvc.video\/sl\/wp-json\/wp\/v2\/types\/product"}],"wp:featuredmedia":[{"embeddable":true,"href":"https:\/\/www.dvc.video\/sl\/wp-json\/wp\/v2\/media\/32987"}],"wp:attachment":[{"href":"https:\/\/www.dvc.video\/sl\/wp-json\/wp\/v2\/media?parent=32789"}],"wp:term":[{"taxonomy":"product_brand","embeddable":true,"href":"https:\/\/www.dvc.video\/sl\/wp-json\/wp\/v2\/product_brand?post=32789"},{"taxonomy":"product_cat","embeddable":true,"href":"https:\/\/www.dvc.video\/sl\/wp-json\/wp\/v2\/product_cat?post=32789"},{"taxonomy":"product_tag","embeddable":true,"href":"https:\/\/www.dvc.video\/sl\/wp-json\/wp\/v2\/product_tag?post=32789"}],"curies":[{"name":"wp","href":"https:\/\/api.w.org\/{rel}","templated":true}]}}