{"id":32774,"date":"2025-01-21T14:31:10","date_gmt":"2025-01-21T13:31:10","guid":{"rendered":"https:\/\/www.dvc.video\/proizvod\/Bez%20kategorije\/dca-bf5283v2-2\/"},"modified":"2026-05-09T05:11:47","modified_gmt":"2026-05-09T03:11:47","slug":"dca-bf5283v2-2","status":"publish","type":"product","link":"https:\/\/www.dvc.video\/sl\/produkt\/video-nadzor\/kamere-sl\/dca-bf5283v2-2\/","title":{"rendered":"DCA-BF5283V2"},"content":{"rendered":"<p><a href=\"https:\/\/b2b.alarmautomatika.com\/documentation\/Video_nadzor\/7_IP_video_nadzor\/Korisni\u010dke_upute_i_softwari_za_panteon\/DVC data sheets\/DCA-BF5283V2.pdf?utm_source=dvc&amp;utm_medium=web&amp;utm_campaign=datasheet&amp;utm_term=DCA-BF5283V2\" target=\"_blank\" class=\"button-datasheet\" rel=\"noopener\">Datasheet<\/a><\/p>\n","protected":false},"excerpt":{"rendered":"<p>5MP  Bullet analogna HD video kamera, lo\u010dljivost 5 Mpx, 1\/2.7&#8243; CMOS, objektiv 2,8 mm, 0,01 lux@F1.2, samo bela Led 20\u201330 m, napajanje 12 V DC, za\u0161\u010dita IP67. (Podno\u017eje H3: DAJ-38, DAJ-40).<\/p>\n","protected":false},"featured_media":33237,"template":"","meta":{"_et_pb_use_builder":"","_et_pb_old_content":"","_et_gb_content_width":""},"product_brand":[],"product_cat":[6301,6298],"product_tag":[],"class_list":{"0":"post-32774","1":"product","2":"type-product","3":"status-publish","4":"has-post-thumbnail","6":"product_cat-kamere-sl","7":"product_cat-video-nadzor","9":"first","10":"instock","11":"shipping-taxable","12":"product-type-simple"},"_links":{"self":[{"href":"https:\/\/www.dvc.video\/sl\/wp-json\/wp\/v2\/product\/32774","targetHints":{"allow":["GET"]}}],"collection":[{"href":"https:\/\/www.dvc.video\/sl\/wp-json\/wp\/v2\/product"}],"about":[{"href":"https:\/\/www.dvc.video\/sl\/wp-json\/wp\/v2\/types\/product"}],"wp:featuredmedia":[{"embeddable":true,"href":"https:\/\/www.dvc.video\/sl\/wp-json\/wp\/v2\/media\/33237"}],"wp:attachment":[{"href":"https:\/\/www.dvc.video\/sl\/wp-json\/wp\/v2\/media?parent=32774"}],"wp:term":[{"taxonomy":"product_brand","embeddable":true,"href":"https:\/\/www.dvc.video\/sl\/wp-json\/wp\/v2\/product_brand?post=32774"},{"taxonomy":"product_cat","embeddable":true,"href":"https:\/\/www.dvc.video\/sl\/wp-json\/wp\/v2\/product_cat?post=32774"},{"taxonomy":"product_tag","embeddable":true,"href":"https:\/\/www.dvc.video\/sl\/wp-json\/wp\/v2\/product_tag?post=32774"}],"curies":[{"name":"wp","href":"https:\/\/api.w.org\/{rel}","templated":true}]}}