{"id":28550,"date":"2021-05-18T12:33:50","date_gmt":"2021-05-18T10:33:50","guid":{"rendered":"https:\/\/www.dvc.video\/proizvod\/Bez%20kategorije\/dvc-821-2x2-s-2\/"},"modified":"2026-04-27T09:02:29","modified_gmt":"2026-04-27T07:02:29","slug":"dvc-821-2x2-s-2","status":"publish","type":"product","link":"https:\/\/www.dvc.video\/sl\/produkt\/domofoni-in-video-domofoni\/okvirji-ohisja\/dvc-821-2x2-s-2\/","title":{"rendered":"DVC 821\/2X2-S"},"content":{"rendered":"","protected":false},"excerpt":{"rendered":"<p>Okvir serije DVC 821 za namestitev 4 modulov v dveh stolpcih, sprednji del iz nerjave\u010dega jekla, ohi\u0161je in okvir za za\u0161\u010dito pred de\u017ejem, nadometna vgradnja.<br \/>\nVelikost \u0160\/V\/G: 26,1 cm\/23,5 cm\/od 6,5 cm (strehica) do 4,6 cm.<\/p>\n","protected":false},"featured_media":34518,"template":"","meta":{"_et_pb_use_builder":"","_et_pb_old_content":"","_et_gb_content_width":""},"product_brand":[],"product_cat":[6289,6295],"product_tag":[],"class_list":{"0":"post-28550","1":"product","2":"type-product","3":"status-publish","4":"has-post-thumbnail","6":"product_cat-domofoni-in-video-domofoni","7":"product_cat-okvirji-ohisja","9":"first","10":"instock","11":"shipping-taxable","12":"product-type-simple"},"_links":{"self":[{"href":"https:\/\/www.dvc.video\/sl\/wp-json\/wp\/v2\/product\/28550","targetHints":{"allow":["GET"]}}],"collection":[{"href":"https:\/\/www.dvc.video\/sl\/wp-json\/wp\/v2\/product"}],"about":[{"href":"https:\/\/www.dvc.video\/sl\/wp-json\/wp\/v2\/types\/product"}],"wp:featuredmedia":[{"embeddable":true,"href":"https:\/\/www.dvc.video\/sl\/wp-json\/wp\/v2\/media\/34518"}],"wp:attachment":[{"href":"https:\/\/www.dvc.video\/sl\/wp-json\/wp\/v2\/media?parent=28550"}],"wp:term":[{"taxonomy":"product_brand","embeddable":true,"href":"https:\/\/www.dvc.video\/sl\/wp-json\/wp\/v2\/product_brand?post=28550"},{"taxonomy":"product_cat","embeddable":true,"href":"https:\/\/www.dvc.video\/sl\/wp-json\/wp\/v2\/product_cat?post=28550"},{"taxonomy":"product_tag","embeddable":true,"href":"https:\/\/www.dvc.video\/sl\/wp-json\/wp\/v2\/product_tag?post=28550"}],"curies":[{"name":"wp","href":"https:\/\/api.w.org\/{rel}","templated":true}]}}