{"id":28515,"date":"2021-05-18T12:34:48","date_gmt":"2021-05-18T10:34:48","guid":{"rendered":"https:\/\/www.dvc.video\/proizvod\/Bez%20kategorije\/dvc-821f-3x1-2\/"},"modified":"2026-04-27T09:01:56","modified_gmt":"2026-04-27T07:01:56","slug":"dvc-821f-3x1-2","status":"publish","type":"product","link":"https:\/\/www.dvc.video\/sl\/produkt\/domofoni-in-video-domofoni\/okvirji-ohisja\/dvc-821f-3x1-2\/","title":{"rendered":"DVC 821\/3X1-F"},"content":{"rendered":"","protected":false},"excerpt":{"rendered":"<p>Okvir serije DVC 821 za namestitev 3 modulov enem stolpcu, sprednji del iz nerjave\u010dega jekla, ohi\u0161je in okvir za za\u0161\u010dito pred de\u017ejem, podometna vgradnja.<br \/>\nMere podometne doze: DOZA \u0160\/V\/G: 11,5 cm\/28,6 cm\/5cm. DOZA Z OKVIRJEM \u0160\/V\/G: 13,3 cm\/31,6 cm\/5,2 cm<\/p>\n","protected":false},"featured_media":10964,"template":"","meta":{"_et_pb_use_builder":"","_et_pb_old_content":"","_et_gb_content_width":""},"product_brand":[],"product_cat":[6289,6295],"product_tag":[],"class_list":{"0":"post-28515","1":"product","2":"type-product","3":"status-publish","4":"has-post-thumbnail","6":"product_cat-domofoni-in-video-domofoni","7":"product_cat-okvirji-ohisja","9":"first","10":"instock","11":"shipping-taxable","12":"product-type-simple"},"_links":{"self":[{"href":"https:\/\/www.dvc.video\/sl\/wp-json\/wp\/v2\/product\/28515","targetHints":{"allow":["GET"]}}],"collection":[{"href":"https:\/\/www.dvc.video\/sl\/wp-json\/wp\/v2\/product"}],"about":[{"href":"https:\/\/www.dvc.video\/sl\/wp-json\/wp\/v2\/types\/product"}],"wp:featuredmedia":[{"embeddable":true,"href":"https:\/\/www.dvc.video\/sl\/wp-json\/wp\/v2\/media\/10964"}],"wp:attachment":[{"href":"https:\/\/www.dvc.video\/sl\/wp-json\/wp\/v2\/media?parent=28515"}],"wp:term":[{"taxonomy":"product_brand","embeddable":true,"href":"https:\/\/www.dvc.video\/sl\/wp-json\/wp\/v2\/product_brand?post=28515"},{"taxonomy":"product_cat","embeddable":true,"href":"https:\/\/www.dvc.video\/sl\/wp-json\/wp\/v2\/product_cat?post=28515"},{"taxonomy":"product_tag","embeddable":true,"href":"https:\/\/www.dvc.video\/sl\/wp-json\/wp\/v2\/product_tag?post=28515"}],"curies":[{"name":"wp","href":"https:\/\/api.w.org\/{rel}","templated":true}]}}