{"id":28508,"date":"2021-05-18T12:35:00","date_gmt":"2021-05-18T10:35:00","guid":{"rendered":"https:\/\/www.dvc.video\/proizvod\/Bez%20kategorije\/dvc-821f-3x2-2\/"},"modified":"2026-04-27T09:01:43","modified_gmt":"2026-04-27T07:01:43","slug":"dvc-821f-3x2-2","status":"publish","type":"product","link":"https:\/\/www.dvc.video\/sl\/produkt\/domofoni-in-video-domofoni\/okvirji-ohisja\/dvc-821f-3x2-2\/","title":{"rendered":"DVC 821\/3X2-F"},"content":{"rendered":"","protected":false},"excerpt":{"rendered":"<p>EOL, NADOME\u0160\u010cA GA DVC 821F\/3X2 V2. Okvir serije DVC 821 za namestitev 3 modulov v dveh stolpcih (skupaj 6), sprednji del iz nerjave\u010dega jekla, ohi\u0161je in okvir za za\u0161\u010dito pred de\u017ejem, podometna vgradnja.<br \/>\nMere podometne doze: DOZA \u0160\/V\/G: 24cm\/29cm\/5cm. DOZA Z OKVIRJEM \u0160\/V\/G: 25,6 cm\/31,6 cm\/5,2 cm<\/p>\n","protected":false},"featured_media":10966,"template":"","meta":{"_et_pb_use_builder":"","_et_pb_old_content":"","_et_gb_content_width":""},"product_brand":[],"product_cat":[6289,6295],"product_tag":[],"class_list":{"0":"post-28508","1":"product","2":"type-product","3":"status-publish","4":"has-post-thumbnail","6":"product_cat-domofoni-in-video-domofoni","7":"product_cat-okvirji-ohisja","9":"first","10":"instock","11":"shipping-taxable","12":"product-type-simple"},"_links":{"self":[{"href":"https:\/\/www.dvc.video\/sl\/wp-json\/wp\/v2\/product\/28508","targetHints":{"allow":["GET"]}}],"collection":[{"href":"https:\/\/www.dvc.video\/sl\/wp-json\/wp\/v2\/product"}],"about":[{"href":"https:\/\/www.dvc.video\/sl\/wp-json\/wp\/v2\/types\/product"}],"wp:featuredmedia":[{"embeddable":true,"href":"https:\/\/www.dvc.video\/sl\/wp-json\/wp\/v2\/media\/10966"}],"wp:attachment":[{"href":"https:\/\/www.dvc.video\/sl\/wp-json\/wp\/v2\/media?parent=28508"}],"wp:term":[{"taxonomy":"product_brand","embeddable":true,"href":"https:\/\/www.dvc.video\/sl\/wp-json\/wp\/v2\/product_brand?post=28508"},{"taxonomy":"product_cat","embeddable":true,"href":"https:\/\/www.dvc.video\/sl\/wp-json\/wp\/v2\/product_cat?post=28508"},{"taxonomy":"product_tag","embeddable":true,"href":"https:\/\/www.dvc.video\/sl\/wp-json\/wp\/v2\/product_tag?post=28508"}],"curies":[{"name":"wp","href":"https:\/\/api.w.org\/{rel}","templated":true}]}}