{"id":28501,"date":"2021-05-18T12:35:19","date_gmt":"2021-05-18T10:35:19","guid":{"rendered":"https:\/\/www.dvc.video\/proizvod\/Bez%20kategorije\/dvc-dt437-2\/"},"modified":"2026-04-11T05:57:04","modified_gmt":"2026-04-11T03:57:04","slug":"dvc-dt437-2","status":"publish","type":"product","link":"https:\/\/www.dvc.video\/sl\/produkt\/domofoni-in-video-domofoni\/notranje-enote\/dvc-dt437-2\/","title":{"rendered":"DVC DT437"},"content":{"rendered":"","protected":false},"excerpt":{"rendered":"<p>10,1 cm (4.3&#8243;)  TFT hands-free monitor za DVC video domofonske sisteme. Tanko ohi\u0161je bele barve, tipke ob\u010dutljive na dotik. Mo\u017enost preusmeritve poziva na aplikacijo in zunanji video spomin preko dodatnega DVC DT-IPG v2 modula. Vmesnik v angle\u0161kem jeziku.<\/p>\n","protected":false},"featured_media":10996,"template":"","meta":{"_et_pb_use_builder":"","_et_pb_old_content":"","_et_gb_content_width":""},"product_brand":[],"product_cat":[6289,6296],"product_tag":[],"class_list":{"0":"post-28501","1":"product","2":"type-product","3":"status-publish","4":"has-post-thumbnail","6":"product_cat-domofoni-in-video-domofoni","7":"product_cat-notranje-enote","9":"first","10":"instock","11":"shipping-taxable","12":"product-type-simple"},"_links":{"self":[{"href":"https:\/\/www.dvc.video\/sl\/wp-json\/wp\/v2\/product\/28501","targetHints":{"allow":["GET"]}}],"collection":[{"href":"https:\/\/www.dvc.video\/sl\/wp-json\/wp\/v2\/product"}],"about":[{"href":"https:\/\/www.dvc.video\/sl\/wp-json\/wp\/v2\/types\/product"}],"wp:featuredmedia":[{"embeddable":true,"href":"https:\/\/www.dvc.video\/sl\/wp-json\/wp\/v2\/media\/10996"}],"wp:attachment":[{"href":"https:\/\/www.dvc.video\/sl\/wp-json\/wp\/v2\/media?parent=28501"}],"wp:term":[{"taxonomy":"product_brand","embeddable":true,"href":"https:\/\/www.dvc.video\/sl\/wp-json\/wp\/v2\/product_brand?post=28501"},{"taxonomy":"product_cat","embeddable":true,"href":"https:\/\/www.dvc.video\/sl\/wp-json\/wp\/v2\/product_cat?post=28501"},{"taxonomy":"product_tag","embeddable":true,"href":"https:\/\/www.dvc.video\/sl\/wp-json\/wp\/v2\/product_tag?post=28501"}],"curies":[{"name":"wp","href":"https:\/\/api.w.org\/{rel}","templated":true}]}}