{"id":28473,"date":"2021-05-18T12:37:56","date_gmt":"2021-05-18T10:37:56","guid":{"rendered":"https:\/\/www.dvc.video\/proizvod\/Bez kategorije\/dvc-dt607-fe-id-s1-rh-2\/"},"modified":"2026-04-27T09:00:55","modified_gmt":"2026-04-27T07:00:55","slug":"dvc-dt607-fe-id-s1-rh-2","status":"publish","type":"product","link":"https:\/\/www.dvc.video\/sl\/produkt\/domofoni-in-video-domofoni\/zunanje-enote\/dvc-dt607-fe-id-s1-rh-2\/","title":{"rendered":"DVC DT607\/FE\/ID\/S1\/RH"},"content":{"rendered":"","protected":false},"excerpt":{"rendered":"<p>Zunanja pozivna enota s Fisheye barvno kamero (170\u00b0) in 1 pozivno tipko. Izvedba iz nerjave\u010dega jekla. IP54 za\u0161\u010dita. Vgrajen RFID \u010ditalnik (125 kHz),  v kompletu s sedmimi RFID obeski. Nadometna vgradnja. Napajanje 24 VDC.<\/p>\n","protected":false},"featured_media":11002,"template":"","meta":{"_et_pb_use_builder":"","_et_pb_old_content":"","_et_gb_content_width":""},"product_brand":[],"product_cat":[6289,6297],"product_tag":[],"class_list":{"0":"post-28473","1":"product","2":"type-product","3":"status-publish","4":"has-post-thumbnail","6":"product_cat-domofoni-in-video-domofoni","7":"product_cat-zunanje-enote","9":"first","10":"instock","11":"shipping-taxable","12":"product-type-simple"},"_links":{"self":[{"href":"https:\/\/www.dvc.video\/sl\/wp-json\/wp\/v2\/product\/28473","targetHints":{"allow":["GET"]}}],"collection":[{"href":"https:\/\/www.dvc.video\/sl\/wp-json\/wp\/v2\/product"}],"about":[{"href":"https:\/\/www.dvc.video\/sl\/wp-json\/wp\/v2\/types\/product"}],"wp:featuredmedia":[{"embeddable":true,"href":"https:\/\/www.dvc.video\/sl\/wp-json\/wp\/v2\/media\/11002"}],"wp:attachment":[{"href":"https:\/\/www.dvc.video\/sl\/wp-json\/wp\/v2\/media?parent=28473"}],"wp:term":[{"taxonomy":"product_brand","embeddable":true,"href":"https:\/\/www.dvc.video\/sl\/wp-json\/wp\/v2\/product_brand?post=28473"},{"taxonomy":"product_cat","embeddable":true,"href":"https:\/\/www.dvc.video\/sl\/wp-json\/wp\/v2\/product_cat?post=28473"},{"taxonomy":"product_tag","embeddable":true,"href":"https:\/\/www.dvc.video\/sl\/wp-json\/wp\/v2\/product_tag?post=28473"}],"curies":[{"name":"wp","href":"https:\/\/api.w.org\/{rel}","templated":true}]}}