{"id":28445,"date":"2021-05-18T12:38:47","date_gmt":"2021-05-18T10:38:47","guid":{"rendered":"https:\/\/www.dvc.video\/proizvod\/Bez kategorije\/dvc-dt607c-s1-rh-2\/"},"modified":"2026-05-09T05:30:42","modified_gmt":"2026-05-09T03:30:42","slug":"dvc-dt607c-s1-rh-2","status":"publish","type":"product","link":"https:\/\/www.dvc.video\/sl\/produkt\/domofoni-in-video-domofoni\/zunanje-enote\/dvc-dt607c-s1-rh-2\/","title":{"rendered":"DVC DT607C\/S1\/RH"},"content":{"rendered":"","protected":false},"excerpt":{"rendered":"<p>Zunanja pozivna enota s \u0161irokokotno barvno kamero (Fisheye &#8211; 170\u00b0) in 1 pozivno tipko. Izdelana iz nerjave\u010dega jekla. IP54 za\u0161\u010dita. Nadometna vgradnja. Napajanje 24 VDC.<\/p>\n","protected":false},"featured_media":11010,"template":"","meta":{"_et_pb_use_builder":"","_et_pb_old_content":"","_et_gb_content_width":""},"product_brand":[],"product_cat":[6289,6297],"product_tag":[],"class_list":{"0":"post-28445","1":"product","2":"type-product","3":"status-publish","4":"has-post-thumbnail","6":"product_cat-domofoni-in-video-domofoni","7":"product_cat-zunanje-enote","9":"first","10":"instock","11":"shipping-taxable","12":"product-type-simple"},"_links":{"self":[{"href":"https:\/\/www.dvc.video\/sl\/wp-json\/wp\/v2\/product\/28445","targetHints":{"allow":["GET"]}}],"collection":[{"href":"https:\/\/www.dvc.video\/sl\/wp-json\/wp\/v2\/product"}],"about":[{"href":"https:\/\/www.dvc.video\/sl\/wp-json\/wp\/v2\/types\/product"}],"wp:featuredmedia":[{"embeddable":true,"href":"https:\/\/www.dvc.video\/sl\/wp-json\/wp\/v2\/media\/11010"}],"wp:attachment":[{"href":"https:\/\/www.dvc.video\/sl\/wp-json\/wp\/v2\/media?parent=28445"}],"wp:term":[{"taxonomy":"product_brand","embeddable":true,"href":"https:\/\/www.dvc.video\/sl\/wp-json\/wp\/v2\/product_brand?post=28445"},{"taxonomy":"product_cat","embeddable":true,"href":"https:\/\/www.dvc.video\/sl\/wp-json\/wp\/v2\/product_cat?post=28445"},{"taxonomy":"product_tag","embeddable":true,"href":"https:\/\/www.dvc.video\/sl\/wp-json\/wp\/v2\/product_tag?post=28445"}],"curies":[{"name":"wp","href":"https:\/\/api.w.org\/{rel}","templated":true}]}}