{"id":28417,"date":"2021-05-18T12:40:34","date_gmt":"2021-05-18T10:40:34","guid":{"rendered":"https:\/\/www.dvc.video\/proizvod\/Bez kategorije\/dvc-ix610-2\/"},"modified":"2026-04-04T05:37:22","modified_gmt":"2026-04-04T03:37:22","slug":"dvc-ix610-2","status":"publish","type":"product","link":"https:\/\/www.dvc.video\/sl\/produkt\/domofoni-in-video-domofoni\/zunanje-enote\/dvc-ix610-2\/","title":{"rendered":"DVC IX610"},"content":{"rendered":"","protected":false},"excerpt":{"rendered":"<p>Zunanja IP klicna enota kompaktnega dizajna s Fish-Eye barvno kamero in veliko osvjetljeno klicno tipko. IP54 za\u0161\u010dita. Nadometna vgradnja. Komunikacija avdio in video, povezovanje Ethernet, napajanje PoE, na\u010din upravljanja z klju\u010davnico napetostno 12VDC, 250mA) ali relejni izhod. Dimenzije 160(V)x60(\u0160)x31,5(G)mm<\/p>\n","protected":false},"featured_media":11042,"template":"","meta":{"_et_pb_use_builder":"","_et_pb_old_content":"","_et_gb_content_width":""},"product_brand":[],"product_cat":[6289,6297],"product_tag":[],"class_list":{"0":"post-28417","1":"product","2":"type-product","3":"status-publish","4":"has-post-thumbnail","6":"product_cat-domofoni-in-video-domofoni","7":"product_cat-zunanje-enote","9":"first","10":"instock","11":"shipping-taxable","12":"product-type-simple"},"_links":{"self":[{"href":"https:\/\/www.dvc.video\/sl\/wp-json\/wp\/v2\/product\/28417","targetHints":{"allow":["GET"]}}],"collection":[{"href":"https:\/\/www.dvc.video\/sl\/wp-json\/wp\/v2\/product"}],"about":[{"href":"https:\/\/www.dvc.video\/sl\/wp-json\/wp\/v2\/types\/product"}],"wp:featuredmedia":[{"embeddable":true,"href":"https:\/\/www.dvc.video\/sl\/wp-json\/wp\/v2\/media\/11042"}],"wp:attachment":[{"href":"https:\/\/www.dvc.video\/sl\/wp-json\/wp\/v2\/media?parent=28417"}],"wp:term":[{"taxonomy":"product_brand","embeddable":true,"href":"https:\/\/www.dvc.video\/sl\/wp-json\/wp\/v2\/product_brand?post=28417"},{"taxonomy":"product_cat","embeddable":true,"href":"https:\/\/www.dvc.video\/sl\/wp-json\/wp\/v2\/product_cat?post=28417"},{"taxonomy":"product_tag","embeddable":true,"href":"https:\/\/www.dvc.video\/sl\/wp-json\/wp\/v2\/product_tag?post=28417"}],"curies":[{"name":"wp","href":"https:\/\/api.w.org\/{rel}","templated":true}]}}