{"id":27983,"date":"2023-06-05T10:32:43","date_gmt":"2023-06-05T08:32:43","guid":{"rendered":"https:\/\/www.dvc.video\/proizvod\/Bez%20kategorije\/don-73v2-2\/"},"modified":"2026-04-27T08:52:48","modified_gmt":"2026-04-27T06:52:48","slug":"don-73v2-2","status":"publish","type":"product","link":"https:\/\/www.dvc.video\/sl\/produkt\/video-nadzor\/strezniki-in-oprema\/don-73v2-2\/","title":{"rendered":"DON-73V2"},"content":{"rendered":"","protected":false},"excerpt":{"rendered":"<p>DVC ve\u010dnamenski stre\u017enik z vgrajenim NVMS2.0 STANDARDOM, podpora za do 2048 kanalov (raz\u0161irljivo za dodatnih 10000 kanalov prek prenosnega stre\u017enika), 300 snemalnikov, 500 IP kamer neposredno.<\/p>\n","protected":false},"featured_media":20914,"template":"","meta":{"_et_pb_use_builder":"","_et_pb_old_content":"","_et_gb_content_width":""},"product_brand":[],"product_cat":[6309,6298],"product_tag":[],"class_list":{"0":"post-27983","1":"product","2":"type-product","3":"status-publish","4":"has-post-thumbnail","6":"product_cat-strezniki-in-oprema","7":"product_cat-video-nadzor","9":"first","10":"instock","11":"shipping-taxable","12":"product-type-simple"},"_links":{"self":[{"href":"https:\/\/www.dvc.video\/sl\/wp-json\/wp\/v2\/product\/27983","targetHints":{"allow":["GET"]}}],"collection":[{"href":"https:\/\/www.dvc.video\/sl\/wp-json\/wp\/v2\/product"}],"about":[{"href":"https:\/\/www.dvc.video\/sl\/wp-json\/wp\/v2\/types\/product"}],"wp:featuredmedia":[{"embeddable":true,"href":"https:\/\/www.dvc.video\/sl\/wp-json\/wp\/v2\/media\/20914"}],"wp:attachment":[{"href":"https:\/\/www.dvc.video\/sl\/wp-json\/wp\/v2\/media?parent=27983"}],"wp:term":[{"taxonomy":"product_brand","embeddable":true,"href":"https:\/\/www.dvc.video\/sl\/wp-json\/wp\/v2\/product_brand?post=27983"},{"taxonomy":"product_cat","embeddable":true,"href":"https:\/\/www.dvc.video\/sl\/wp-json\/wp\/v2\/product_cat?post=27983"},{"taxonomy":"product_tag","embeddable":true,"href":"https:\/\/www.dvc.video\/sl\/wp-json\/wp\/v2\/product_tag?post=27983"}],"curies":[{"name":"wp","href":"https:\/\/api.w.org\/{rel}","templated":true}]}}