{"id":27654,"date":"2023-06-05T10:34:06","date_gmt":"2023-06-05T08:34:06","guid":{"rendered":"https:\/\/www.dvc.video\/proizvod\/Bez%20kategorije\/dab-0182-pair\/"},"modified":"2026-04-27T08:46:36","modified_gmt":"2026-04-27T06:46:36","slug":"dab-0182-pair","status":"publish","type":"product","link":"https:\/\/www.dvc.video\/sl\/produkt\/video-nadzor\/video-pribor-sl\/dab-0182-pair\/","title":{"rendered":"DAB-0182 (pair)"},"content":{"rendered":"","protected":false},"excerpt":{"rendered":"<p>1 par video balun konektorjev za 2 zasukani \u017eici \/ BNC konektor. Zdru\u017eljiv z AHD, TVI, CVI. Napetostna za\u0161\u010dita do 4KV.<\/p>\n","protected":false},"featured_media":21618,"template":"","meta":{"_et_pb_use_builder":"","_et_pb_old_content":"","_et_gb_content_width":""},"product_brand":[],"product_cat":[6298,6311],"product_tag":[],"class_list":{"0":"post-27654","1":"product","2":"type-product","3":"status-publish","4":"has-post-thumbnail","6":"product_cat-video-nadzor","7":"product_cat-video-pribor-sl","9":"first","10":"instock","11":"shipping-taxable","12":"product-type-simple"},"_links":{"self":[{"href":"https:\/\/www.dvc.video\/sl\/wp-json\/wp\/v2\/product\/27654","targetHints":{"allow":["GET"]}}],"collection":[{"href":"https:\/\/www.dvc.video\/sl\/wp-json\/wp\/v2\/product"}],"about":[{"href":"https:\/\/www.dvc.video\/sl\/wp-json\/wp\/v2\/types\/product"}],"wp:featuredmedia":[{"embeddable":true,"href":"https:\/\/www.dvc.video\/sl\/wp-json\/wp\/v2\/media\/21618"}],"wp:attachment":[{"href":"https:\/\/www.dvc.video\/sl\/wp-json\/wp\/v2\/media?parent=27654"}],"wp:term":[{"taxonomy":"product_brand","embeddable":true,"href":"https:\/\/www.dvc.video\/sl\/wp-json\/wp\/v2\/product_brand?post=27654"},{"taxonomy":"product_cat","embeddable":true,"href":"https:\/\/www.dvc.video\/sl\/wp-json\/wp\/v2\/product_cat?post=27654"},{"taxonomy":"product_tag","embeddable":true,"href":"https:\/\/www.dvc.video\/sl\/wp-json\/wp\/v2\/product_tag?post=27654"}],"curies":[{"name":"wp","href":"https:\/\/api.w.org\/{rel}","templated":true}]}}