{"id":27647,"date":"2023-06-05T10:34:08","date_gmt":"2023-06-05T08:34:08","guid":{"rendered":"https:\/\/www.dvc.video\/proizvod\/Bez%20kategorije\/dab-0182p-cable-pair\/"},"modified":"2026-04-11T05:41:14","modified_gmt":"2026-04-11T03:41:14","slug":"dab-0182p-cable-pair","status":"publish","type":"product","link":"https:\/\/www.dvc.video\/sl\/produkt\/video-nadzor\/video-pribor-sl\/dab-0182p-cable-pair\/","title":{"rendered":"DAB-0182P \/ cable (pair)"},"content":{"rendered":"","protected":false},"excerpt":{"rendered":"<p>1 par balun video konektorjev za 2 zasukani \u017eici \/ BNC konektor na kablu. Zdru\u017eljiv z AHD, TVI, CVI. Napetostna za\u0161\u010dita do 4KV.<\/p>\n","protected":false},"featured_media":21629,"template":"","meta":{"_et_pb_use_builder":"","_et_pb_old_content":"","_et_gb_content_width":""},"product_brand":[],"product_cat":[6298,6311],"product_tag":[],"class_list":{"0":"post-27647","1":"product","2":"type-product","3":"status-publish","4":"has-post-thumbnail","6":"product_cat-video-nadzor","7":"product_cat-video-pribor-sl","9":"first","10":"instock","11":"shipping-taxable","12":"product-type-simple"},"_links":{"self":[{"href":"https:\/\/www.dvc.video\/sl\/wp-json\/wp\/v2\/product\/27647","targetHints":{"allow":["GET"]}}],"collection":[{"href":"https:\/\/www.dvc.video\/sl\/wp-json\/wp\/v2\/product"}],"about":[{"href":"https:\/\/www.dvc.video\/sl\/wp-json\/wp\/v2\/types\/product"}],"wp:featuredmedia":[{"embeddable":true,"href":"https:\/\/www.dvc.video\/sl\/wp-json\/wp\/v2\/media\/21629"}],"wp:attachment":[{"href":"https:\/\/www.dvc.video\/sl\/wp-json\/wp\/v2\/media?parent=27647"}],"wp:term":[{"taxonomy":"product_brand","embeddable":true,"href":"https:\/\/www.dvc.video\/sl\/wp-json\/wp\/v2\/product_brand?post=27647"},{"taxonomy":"product_cat","embeddable":true,"href":"https:\/\/www.dvc.video\/sl\/wp-json\/wp\/v2\/product_cat?post=27647"},{"taxonomy":"product_tag","embeddable":true,"href":"https:\/\/www.dvc.video\/sl\/wp-json\/wp\/v2\/product_tag?post=27647"}],"curies":[{"name":"wp","href":"https:\/\/api.w.org\/{rel}","templated":true}]}}