{"id":27591,"date":"2023-06-05T10:34:24","date_gmt":"2023-06-05T08:34:24","guid":{"rendered":"https:\/\/www.dvc.video\/proizvod\/Bez%20kategorije\/dvc-dt-dj9b-2\/"},"modified":"2026-04-25T05:38:09","modified_gmt":"2026-04-25T03:38:09","slug":"dvc-dt-dj9b-2","status":"publish","type":"product","link":"https:\/\/www.dvc.video\/sl\/produkt\/domofoni-in-video-domofoni\/notranje-enote\/dvc-dt-dj9b-2\/","title":{"rendered":"DVC DT-DJ9B"},"content":{"rendered":"","protected":false},"excerpt":{"rendered":"<p>Prostoro\u010dna notranja avdio enota za DVC domofonske sisteme, s tremi tipkami, mo\u017enost odklepanja. Mo\u017enost upravljanja do dveh elektri\u010dnih klju\u010davnic, interfonski poziv znotraj stanovanja. \u010crne barve. Za nastavitev potreben programator DVC DT-PG1.Menja model DVC DT-DJ7A.<\/p>\n","protected":false},"featured_media":21750,"template":"","meta":{"_et_pb_use_builder":"","_et_pb_old_content":"","_et_gb_content_width":""},"product_brand":[],"product_cat":[6289,6296],"product_tag":[],"class_list":{"0":"post-27591","1":"product","2":"type-product","3":"status-publish","4":"has-post-thumbnail","6":"product_cat-domofoni-in-video-domofoni","7":"product_cat-notranje-enote","9":"first","10":"instock","11":"shipping-taxable","12":"product-type-simple"},"_links":{"self":[{"href":"https:\/\/www.dvc.video\/sl\/wp-json\/wp\/v2\/product\/27591","targetHints":{"allow":["GET"]}}],"collection":[{"href":"https:\/\/www.dvc.video\/sl\/wp-json\/wp\/v2\/product"}],"about":[{"href":"https:\/\/www.dvc.video\/sl\/wp-json\/wp\/v2\/types\/product"}],"wp:featuredmedia":[{"embeddable":true,"href":"https:\/\/www.dvc.video\/sl\/wp-json\/wp\/v2\/media\/21750"}],"wp:attachment":[{"href":"https:\/\/www.dvc.video\/sl\/wp-json\/wp\/v2\/media?parent=27591"}],"wp:term":[{"taxonomy":"product_brand","embeddable":true,"href":"https:\/\/www.dvc.video\/sl\/wp-json\/wp\/v2\/product_brand?post=27591"},{"taxonomy":"product_cat","embeddable":true,"href":"https:\/\/www.dvc.video\/sl\/wp-json\/wp\/v2\/product_cat?post=27591"},{"taxonomy":"product_tag","embeddable":true,"href":"https:\/\/www.dvc.video\/sl\/wp-json\/wp\/v2\/product_tag?post=27591"}],"curies":[{"name":"wp","href":"https:\/\/api.w.org\/{rel}","templated":true}]}}