{"id":27570,"date":"2023-06-05T10:34:27","date_gmt":"2023-06-05T08:34:27","guid":{"rendered":"https:\/\/www.dvc.video\/proizvod\/Bez%20kategorije\/dvc-dx470-2\/"},"modified":"2026-04-25T05:37:31","modified_gmt":"2026-04-25T03:37:31","slug":"dvc-dx470-2","status":"publish","type":"product","link":"https:\/\/www.dvc.video\/sl\/produkt\/domofoni-in-video-domofoni\/notranje-enote\/dvc-dx470-2\/","title":{"rendered":"DVC DX470"},"content":{"rendered":"","protected":false},"excerpt":{"rendered":"<p>17,7 cm (7&#8243;)  hands-free monitor za DVC 2-\u017eilne video domofonske sisteme. Interni spomin za klice. Mo\u017enos raz\u0161iritve spomina z SD kartico. Mo\u017enost horizontalne ali vertikalne vgradnje. Podpira funkcijo slike v sliki in quad view. Direktno povezovanje na internet preko WiFi-a.  Mo\u017enost preusmeritve poziva na aplikacijo. Aplikacija za Android telefone ne deluje stabilno.<\/p>\n","protected":false},"featured_media":21783,"template":"","meta":{"_et_pb_use_builder":"","_et_pb_old_content":"","_et_gb_content_width":""},"product_brand":[],"product_cat":[6289,6296],"product_tag":[],"class_list":{"0":"post-27570","1":"product","2":"type-product","3":"status-publish","4":"has-post-thumbnail","6":"product_cat-domofoni-in-video-domofoni","7":"product_cat-notranje-enote","9":"first","10":"instock","11":"shipping-taxable","12":"product-type-simple"},"_links":{"self":[{"href":"https:\/\/www.dvc.video\/sl\/wp-json\/wp\/v2\/product\/27570","targetHints":{"allow":["GET"]}}],"collection":[{"href":"https:\/\/www.dvc.video\/sl\/wp-json\/wp\/v2\/product"}],"about":[{"href":"https:\/\/www.dvc.video\/sl\/wp-json\/wp\/v2\/types\/product"}],"wp:featuredmedia":[{"embeddable":true,"href":"https:\/\/www.dvc.video\/sl\/wp-json\/wp\/v2\/media\/21783"}],"wp:attachment":[{"href":"https:\/\/www.dvc.video\/sl\/wp-json\/wp\/v2\/media?parent=27570"}],"wp:term":[{"taxonomy":"product_brand","embeddable":true,"href":"https:\/\/www.dvc.video\/sl\/wp-json\/wp\/v2\/product_brand?post=27570"},{"taxonomy":"product_cat","embeddable":true,"href":"https:\/\/www.dvc.video\/sl\/wp-json\/wp\/v2\/product_cat?post=27570"},{"taxonomy":"product_tag","embeddable":true,"href":"https:\/\/www.dvc.video\/sl\/wp-json\/wp\/v2\/product_tag?post=27570"}],"curies":[{"name":"wp","href":"https:\/\/api.w.org\/{rel}","templated":true}]}}