{"id":27563,"date":"2023-06-05T10:34:28","date_gmt":"2023-06-05T08:34:28","guid":{"rendered":"https:\/\/www.dvc.video\/proizvod\/Bez%20kategorije\/dvc-dt-rlc-mini-2\/"},"modified":"2026-04-27T08:45:04","modified_gmt":"2026-04-27T06:45:04","slug":"dvc-dt-rlc-mini-2","status":"publish","type":"product","link":"https:\/\/www.dvc.video\/sl\/produkt\/domofoni-in-video-domofoni\/komponente-sistema-sl\/dvc-dt-rlc-mini-2\/","title":{"rendered":"DVC DT-RLC mini"},"content":{"rendered":"","protected":false},"excerpt":{"rendered":"<p>Relejni modul (raz\u0161iritev) za dodatno elektri\u010dno klju\u010davnico ali za pri\u017eig lu\u010di za 2 \u017eilne sisteme. Izhodni kontakt breznapetostni NO\/NC. Nima izhodne napetosti.\u010cas odklepanja od 1-30s.<\/p>\n","protected":false},"featured_media":21794,"template":"","meta":{"_et_pb_use_builder":"","_et_pb_old_content":"","_et_gb_content_width":""},"product_brand":[],"product_cat":[6289,6292],"product_tag":[],"class_list":{"0":"post-27563","1":"product","2":"type-product","3":"status-publish","4":"has-post-thumbnail","6":"product_cat-domofoni-in-video-domofoni","7":"product_cat-komponente-sistema-sl","9":"first","10":"instock","11":"shipping-taxable","12":"product-type-simple"},"_links":{"self":[{"href":"https:\/\/www.dvc.video\/sl\/wp-json\/wp\/v2\/product\/27563","targetHints":{"allow":["GET"]}}],"collection":[{"href":"https:\/\/www.dvc.video\/sl\/wp-json\/wp\/v2\/product"}],"about":[{"href":"https:\/\/www.dvc.video\/sl\/wp-json\/wp\/v2\/types\/product"}],"wp:featuredmedia":[{"embeddable":true,"href":"https:\/\/www.dvc.video\/sl\/wp-json\/wp\/v2\/media\/21794"}],"wp:attachment":[{"href":"https:\/\/www.dvc.video\/sl\/wp-json\/wp\/v2\/media?parent=27563"}],"wp:term":[{"taxonomy":"product_brand","embeddable":true,"href":"https:\/\/www.dvc.video\/sl\/wp-json\/wp\/v2\/product_brand?post=27563"},{"taxonomy":"product_cat","embeddable":true,"href":"https:\/\/www.dvc.video\/sl\/wp-json\/wp\/v2\/product_cat?post=27563"},{"taxonomy":"product_tag","embeddable":true,"href":"https:\/\/www.dvc.video\/sl\/wp-json\/wp\/v2\/product_tag?post=27563"}],"curies":[{"name":"wp","href":"https:\/\/api.w.org\/{rel}","templated":true}]}}