{"id":27471,"date":"2024-02-20T09:45:08","date_gmt":"2024-02-20T08:45:08","guid":{"rendered":"https:\/\/www.dvc.video\/proizvod\/\u043d\u0435\u043a\u0430\u0442\u0435\u0433\u043e\u0440\u0438\u0437\u043e\u0432\u0430\u043d\u043e\/drn-1682rp2\/"},"modified":"2026-04-27T08:44:57","modified_gmt":"2026-04-27T06:44:57","slug":"drn-1682rp2","status":"publish","type":"product","link":"https:\/\/www.dvc.video\/sl\/produkt\/video-nadzor\/snemalniki\/drn-1682rp2\/","title":{"rendered":"DRN-1682RP2"},"content":{"rendered":"<p><a href=\"https:\/\/b2b.alarmautomatika.com\/documentation\/Video_nadzor\/7_IP_video_nadzor\/Korisni\u010dke_upute_i_softwari_za_panteon\/DVC data sheets\/DRN-1682RP2.pdf?utm_source=dvc&amp;utm_medium=web&amp;utm_campaign=datasheet&amp;utm_term=DRN-1682RP2\" target=\"_blank\" class=\"button-datasheet\" rel=\"noopener\">Datasheet<\/a><\/p>\n","protected":false},"excerpt":{"rendered":"<p>Samostojni 16-kanalni NVR, vgrajen 16 x PoE switch, podpira 8Mpx\/5Mpx\/4Mpx\/3Mpx\/1080p DVC IP kamere, 2 x HDD (max. 2x8TB), bandwith stream vhodni 160Mbps \/ izhodni 160Mbps hitrost snemanja, quadpleks, H.264\/H.265+ kompresija, hitrost snemanja 8Mpx\/25fps; 5Mpx\/25fps; 4Mpx\/25fps; 3Mpx\/25fps; 1080p\/25fps, RS485, HDMI 4K in VGA video izhod, P2P, LAN, DHCP, DDNS, spletni vmesnik, mobilni klient, dvojni video pretok, napajanje DC 48V, Onvif kompatibilen, rack ohi\u0161je, FULL VCA AI video analitika: Pre\u010dkanje linije (\u010dlovek ali vozilo), vdor (\u010dlovek ali vozilo), odstranitev predmeta, \u0161tetje vozil , \u0161tetje ljudi, sledenje osebi, zaznava zameglitve slike, zaznava spremembe kadra, zaznava pokritja kamere, prepoznava in zajem obrazov, prepoznava gne\u010de oseb (umetna inteligenca), z mi\u0161ko in daljincem, brez diskov, 3 leta garancije. <\/p>\n","protected":false},"featured_media":28812,"template":"","meta":{"_et_pb_use_builder":"","_et_pb_old_content":"","_et_gb_content_width":""},"product_brand":[],"product_cat":[6310,6298],"product_tag":[],"class_list":{"0":"post-27471","1":"product","2":"type-product","3":"status-publish","4":"has-post-thumbnail","6":"product_cat-snemalniki","7":"product_cat-video-nadzor","9":"first","10":"instock","11":"shipping-taxable","12":"product-type-simple"},"_links":{"self":[{"href":"https:\/\/www.dvc.video\/sl\/wp-json\/wp\/v2\/product\/27471","targetHints":{"allow":["GET"]}}],"collection":[{"href":"https:\/\/www.dvc.video\/sl\/wp-json\/wp\/v2\/product"}],"about":[{"href":"https:\/\/www.dvc.video\/sl\/wp-json\/wp\/v2\/types\/product"}],"wp:featuredmedia":[{"embeddable":true,"href":"https:\/\/www.dvc.video\/sl\/wp-json\/wp\/v2\/media\/28812"}],"wp:attachment":[{"href":"https:\/\/www.dvc.video\/sl\/wp-json\/wp\/v2\/media?parent=27471"}],"wp:term":[{"taxonomy":"product_brand","embeddable":true,"href":"https:\/\/www.dvc.video\/sl\/wp-json\/wp\/v2\/product_brand?post=27471"},{"taxonomy":"product_cat","embeddable":true,"href":"https:\/\/www.dvc.video\/sl\/wp-json\/wp\/v2\/product_cat?post=27471"},{"taxonomy":"product_tag","embeddable":true,"href":"https:\/\/www.dvc.video\/sl\/wp-json\/wp\/v2\/product_tag?post=27471"}],"curies":[{"name":"wp","href":"https:\/\/api.w.org\/{rel}","templated":true}]}}