{"id":27467,"date":"2024-02-20T09:45:32","date_gmt":"2024-02-20T08:45:32","guid":{"rendered":"https:\/\/www.dvc.video\/proizvod\/\u043d\u0435\u043a\u0430\u0442\u0435\u0433\u043e\u0440\u0438\u0437\u043e\u0432\u0430\u043d\u043e\/drn-1281216rr2\/"},"modified":"2026-04-25T05:25:30","modified_gmt":"2026-04-25T03:25:30","slug":"drn-1281216rr2","status":"publish","type":"product","link":"https:\/\/www.dvc.video\/sl\/produkt\/video-nadzor\/snemalniki\/drn-1281216rr2\/","title":{"rendered":"DRN-1281216RR2"},"content":{"rendered":"<p><a href=\"https:\/\/b2b.alarmautomatika.com\/documentation\/Video_nadzor\/7_IP_video_nadzor\/Korisni\u010dke_upute_i_softwari_za_panteon\/DVC data sheets\/DRN-1281216RR2.pdf?utm_source=dvc&amp;utm_medium=web&amp;utm_campaign=datasheet&amp;utm_term=DRN-1281216RR2\" target=\"_blank\" class=\"button-datasheet\" rel=\"noopener\">Datasheet<\/a><\/p>\n","protected":false},"excerpt":{"rendered":"<p>Samostojni 128-kanalni NVR, podpira12MP\/8MP\/6MP\/5MP\/4MP\/3MP\/1080p DVC IP kamere, 16 x HDD do 10TB, RAID 0,1,5,6,10; quadpleks, H.264\/H.265 kompresija, hitrost snemanja 12Mpx, 8Mpx, 5Mpx, 4Mpx, 3Mpx, 1080p@25fps, RS485, 3 x HDMI 4K in 1x HDMI 2K ali  1x  VGA video izhod Full HD,network Bandwith pasovna vhodna\/izhodna \u0161irina 768 Mbps,2x LAN Giga Ethernet, P2P, DHCP, DDNS, spletni vmesnik, mobilni klient, dvojni video pretok, napajanje 230 VAC., Onvif kompatibilen, FULL VCA AI video analitika: Pre\u010dkanje linije (\u010dlovek ali vozilo), vdor (\u010dlovek ali vozilo), odstranitev predmeta, \u0161tetje vozil , \u0161tetje ljudi, sledenje osebi, zaznava zameglitve slike, zaznava spremembe kadra, zaznava pokritja kamere, prepoznava in zajem obrazov, prepoznava gne\u010de oseb (umetna inteligenca), dewarping za fisheye, prepoznava obraza, branje in prepoznava avto registrskih tablic (LPR), 2U rack ohi\u0161je, z mi\u0161ko in daljincem, brez diskov, napajanje 230 VAC,3 leta garancije. <\/p>\n","protected":false},"featured_media":28732,"template":"","meta":{"_et_pb_use_builder":"","_et_pb_old_content":"","_et_gb_content_width":""},"product_brand":[],"product_cat":[6310,6298],"product_tag":[],"class_list":{"0":"post-27467","1":"product","2":"type-product","3":"status-publish","4":"has-post-thumbnail","6":"product_cat-snemalniki","7":"product_cat-video-nadzor","9":"first","10":"instock","11":"shipping-taxable","12":"product-type-simple"},"_links":{"self":[{"href":"https:\/\/www.dvc.video\/sl\/wp-json\/wp\/v2\/product\/27467","targetHints":{"allow":["GET"]}}],"collection":[{"href":"https:\/\/www.dvc.video\/sl\/wp-json\/wp\/v2\/product"}],"about":[{"href":"https:\/\/www.dvc.video\/sl\/wp-json\/wp\/v2\/types\/product"}],"wp:featuredmedia":[{"embeddable":true,"href":"https:\/\/www.dvc.video\/sl\/wp-json\/wp\/v2\/media\/28732"}],"wp:attachment":[{"href":"https:\/\/www.dvc.video\/sl\/wp-json\/wp\/v2\/media?parent=27467"}],"wp:term":[{"taxonomy":"product_brand","embeddable":true,"href":"https:\/\/www.dvc.video\/sl\/wp-json\/wp\/v2\/product_brand?post=27467"},{"taxonomy":"product_cat","embeddable":true,"href":"https:\/\/www.dvc.video\/sl\/wp-json\/wp\/v2\/product_cat?post=27467"},{"taxonomy":"product_tag","embeddable":true,"href":"https:\/\/www.dvc.video\/sl\/wp-json\/wp\/v2\/product_tag?post=27467"}],"curies":[{"name":"wp","href":"https:\/\/api.w.org\/{rel}","templated":true}]}}