{"id":27465,"date":"2024-02-20T09:45:16","date_gmt":"2024-02-20T08:45:16","guid":{"rendered":"https:\/\/www.dvc.video\/proizvod\/\u043d\u0435\u043a\u0430\u0442\u0435\u0433\u043e\u0440\u0438\u0437\u043e\u0432\u0430\u043d\u043e\/drn-0881r2\/"},"modified":"2026-04-27T08:40:22","modified_gmt":"2026-04-27T06:40:22","slug":"drn-0881r2","status":"publish","type":"product","link":"https:\/\/www.dvc.video\/sl\/produkt\/video-nadzor\/snemalniki\/drn-0881r2\/","title":{"rendered":"DRN-0881R2"},"content":{"rendered":"<p><a href=\"https:\/\/b2b.alarmautomatika.com\/documentation\/Video_nadzor\/7_IP_video_nadzor\/Korisni\u010dke_upute_i_softwari_za_panteon\/DVC data sheets\/DRN-0881R2.pdf?utm_source=dvc&amp;utm_medium=web&amp;utm_campaign=datasheet&amp;utm_term=DRN-0881R2\" target=\"_blank\" class=\"button-datasheet\" rel=\"noopener\">Datasheet<\/a><\/p>\n","protected":false},"excerpt":{"rendered":"<p>Samostojni 8-kanalni NVR, podpira 8Mpx\/6Mpx\/5Mpx\/4Mpx\/3Mpx\/1080p DVC IP kamere, 1 x HDD 1 SATA 3.0. (1 x 10 TB max.),1 x RJ-45 (1000 Mbps),pasovna \u0161irina vhodna 80Mbps \/ izhodna 80 Mbps, quadpleks, H.264\/H.265+ kompresija, hitrost snemanja 8Mpx\/25fps; 5Mpx\/25fps; 4Mpx\/25fps; 3Mpx\/25fps; 1080p\/25fps,1x  HDMI 4K in VGA video izhod, P2P, LAN, DHCP, DDNS, spletni vmesnik, mobilni klient, dvojni video pretok, napajanje 12 VDC \/1,5A, napajalnik v kompletu, brez ventilatorja, Onvif kompatibilen, FULL VCA video analitika:  Pre\u010dkanje linije (\u010dlovek ali vozilo), vdor (\u010dlovek ali vozilo), odstranitev predmeta, \u0161tetje vozil , \u0161tetje ljudi, sledenje osebi, zaznava zameglitve slike, zaznava spremembe kadra, zaznava pokritja kamere, prepoznava in zajem obrazov, prepoznava gne\u010de oseb (umetna inteligenca), z mi\u0161ko in daljincem, brez diska. 3 leta garancije. Nadome\u0161\u010da snemalnik DRN-0881R<\/p>\n","protected":false},"featured_media":28772,"template":"","meta":{"_et_pb_use_builder":"","_et_pb_old_content":"","_et_gb_content_width":""},"product_brand":[],"product_cat":[6310,6298],"product_tag":[],"class_list":{"0":"post-27465","1":"product","2":"type-product","3":"status-publish","4":"has-post-thumbnail","6":"product_cat-snemalniki","7":"product_cat-video-nadzor","9":"first","10":"instock","11":"shipping-taxable","12":"product-type-simple"},"_links":{"self":[{"href":"https:\/\/www.dvc.video\/sl\/wp-json\/wp\/v2\/product\/27465","targetHints":{"allow":["GET"]}}],"collection":[{"href":"https:\/\/www.dvc.video\/sl\/wp-json\/wp\/v2\/product"}],"about":[{"href":"https:\/\/www.dvc.video\/sl\/wp-json\/wp\/v2\/types\/product"}],"wp:featuredmedia":[{"embeddable":true,"href":"https:\/\/www.dvc.video\/sl\/wp-json\/wp\/v2\/media\/28772"}],"wp:attachment":[{"href":"https:\/\/www.dvc.video\/sl\/wp-json\/wp\/v2\/media?parent=27465"}],"wp:term":[{"taxonomy":"product_brand","embeddable":true,"href":"https:\/\/www.dvc.video\/sl\/wp-json\/wp\/v2\/product_brand?post=27465"},{"taxonomy":"product_cat","embeddable":true,"href":"https:\/\/www.dvc.video\/sl\/wp-json\/wp\/v2\/product_cat?post=27465"},{"taxonomy":"product_tag","embeddable":true,"href":"https:\/\/www.dvc.video\/sl\/wp-json\/wp\/v2\/product_tag?post=27465"}],"curies":[{"name":"wp","href":"https:\/\/api.w.org\/{rel}","templated":true}]}}