{"id":27463,"date":"2024-02-20T09:45:26","date_gmt":"2024-02-20T08:45:26","guid":{"rendered":"https:\/\/www.dvc.video\/proizvod\/\u043d\u0435\u043a\u0430\u0442\u0435\u0433\u043e\u0440\u0438\u0437\u043e\u0432\u0430\u043d\u043e\/drn-0461rpn2\/"},"modified":"2026-04-27T08:36:53","modified_gmt":"2026-04-27T06:36:53","slug":"drn-0461rpn2","status":"publish","type":"product","link":"https:\/\/www.dvc.video\/sl\/produkt\/video-nadzor\/snemalniki\/drn-0461rpn2\/","title":{"rendered":"DRN-0461RPN2"},"content":{"rendered":"<p><a href=\"https:\/\/b2b.alarmautomatika.com\/documentation\/Video_nadzor\/7_IP_video_nadzor\/Korisni\u010dke_upute_i_softwari_za_panteon\/DVC data sheets\/DRN-0461RPN2.pdf?utm_source=dvc&amp;utm_medium=web&amp;utm_campaign=datasheet&amp;utm_term=DRN-0461RPN2\" target=\"_blank\" class=\"button-datasheet\" rel=\"noopener\">Datasheet<\/a><\/p>\n","protected":false},"excerpt":{"rendered":"<p>Samostojni 4-kanalni NVR, 4 x PoE stikalo, podpira 6Mpx, 5Mpx\/4Mpx\/3Mpx\/1080p DVC IP kamere, 1 x HDD 1 SATA (1 x 10 TB max.),1 x RJ-45 (100 Mbps), 4 x POE ports (100 Mbps)pasovna \u0161irina vhodna 40Mbps \/ izhodna 64 Mbps, quadplex, H.264\/H.265 stiskanje, hitrost snemanja 6Mpx, 5Mpx, 4Mpx, 3Mpx, 1080p @25fps na kanal, 1x  HDMI ,1x VGA, USB 2.0. x 2, P2P, LAN, DHCP, DDNS, SPLETNI stre\u017enik, mobilni odjemalec, dvojni tok, napajanje 48 VDC, napajalnik vklju\u010den. 3 leta garancije. Nadome\u0161\u010da snemalnik DRN-0451RP in DRN-0461RPN.<\/p>\n","protected":false},"featured_media":28832,"template":"","meta":{"_et_pb_use_builder":"","_et_pb_old_content":"","_et_gb_content_width":""},"product_brand":[],"product_cat":[6310,6298],"product_tag":[],"class_list":{"0":"post-27463","1":"product","2":"type-product","3":"status-publish","4":"has-post-thumbnail","6":"product_cat-snemalniki","7":"product_cat-video-nadzor","9":"first","10":"instock","11":"shipping-taxable","12":"product-type-simple"},"_links":{"self":[{"href":"https:\/\/www.dvc.video\/sl\/wp-json\/wp\/v2\/product\/27463","targetHints":{"allow":["GET"]}}],"collection":[{"href":"https:\/\/www.dvc.video\/sl\/wp-json\/wp\/v2\/product"}],"about":[{"href":"https:\/\/www.dvc.video\/sl\/wp-json\/wp\/v2\/types\/product"}],"wp:featuredmedia":[{"embeddable":true,"href":"https:\/\/www.dvc.video\/sl\/wp-json\/wp\/v2\/media\/28832"}],"wp:attachment":[{"href":"https:\/\/www.dvc.video\/sl\/wp-json\/wp\/v2\/media?parent=27463"}],"wp:term":[{"taxonomy":"product_brand","embeddable":true,"href":"https:\/\/www.dvc.video\/sl\/wp-json\/wp\/v2\/product_brand?post=27463"},{"taxonomy":"product_cat","embeddable":true,"href":"https:\/\/www.dvc.video\/sl\/wp-json\/wp\/v2\/product_cat?post=27463"},{"taxonomy":"product_tag","embeddable":true,"href":"https:\/\/www.dvc.video\/sl\/wp-json\/wp\/v2\/product_tag?post=27463"}],"curies":[{"name":"wp","href":"https:\/\/api.w.org\/{rel}","templated":true}]}}