{"id":27451,"date":"2024-02-20T09:45:13","date_gmt":"2024-02-20T08:45:13","guid":{"rendered":"https:\/\/www.dvc.video\/proizvod\/\u043d\u0435\u043a\u0430\u0442\u0435\u0433\u043e\u0440\u0438\u0437\u043e\u0432\u0430\u043d\u043e\/dcn-tf6283ai-dl\/"},"modified":"2026-04-27T08:42:00","modified_gmt":"2026-04-27T06:42:00","slug":"dcn-tf6283ai-dl","status":"publish","type":"product","link":"https:\/\/www.dvc.video\/sl\/produkt\/video-nadzor\/kamere-sl\/dcn-tf6283ai-dl\/","title":{"rendered":"DCN-TF6283AI-DL"},"content":{"rendered":"<p><a href=\"https:\/\/b2b.alarmautomatika.com\/documentation\/Video_nadzor\/7_IP_video_nadzor\/Korisni\u010dke_upute_i_softwari_za_panteon\/DVC data sheets\/DCN-TF6283AI-DL.pdf?utm_source=dvc&amp;utm_medium=web&amp;utm_campaign=datasheet&amp;utm_term=DCN-TF6283AI-DL\" target=\"_blank\" class=\"button-datasheet\" rel=\"noopener\">Datasheet<\/a><\/p>\n","protected":false},"excerpt":{"rendered":"<p>6Mpx Turret IP video kamera, resolucije 6Mpx\/25fps, objektiv 2.8mm, H.265+ \/H.265 \/H.264+ \/H.264\/MJPEG, dvojna svetloba, domet bele svetlobe 20-30m  in domet LED IR 20-30m , IP67, 12VDC\/PoE, 6,5W,  &#8211; 30 \u00b0C ~ 65\u00b0C, WDR 120dB, SD slot do 256GB Onvif, IP67 a\u0161\u010dita,podpira P2P funkcijo za povezavo kamere  direktno na mobilno aplikacijo DVC Connect, FULL VCA AI video analitika: Pre\u010dkanje linije (\u010dlovek ali vozilo), vdor (\u010dlovek ali vozilo), \u0161tetje ljudi, sledenje osebi, zaznava zameglitve slike, zaznava spremembe kadra, zaznava pokritja kamere, prepoznava in zajem obrazov, prepoznava gne\u010de oseb (umetna inteligenca), vgrajen mikrofon. Podno\u017eje H-8 (za modele DAJ-38, DAJ-40, L nosilec DAM-32; potrebno dodatno naro\u010dilo).  3 leta garancije. NDAA kompatibilen. Ustrezna podno\u017eja H8 (DAJ-33, DAJ-38, DAJ-40, DAM-32 in DAM-35).Nadome\u0161\u010da kamero DCN-TF5283AIN.<\/p>\n","protected":false},"featured_media":29072,"template":"","meta":{"_et_pb_use_builder":"","_et_pb_old_content":"","_et_gb_content_width":""},"product_brand":[],"product_cat":[6301,6298],"product_tag":[],"class_list":{"0":"post-27451","1":"product","2":"type-product","3":"status-publish","4":"has-post-thumbnail","6":"product_cat-kamere-sl","7":"product_cat-video-nadzor","9":"first","10":"instock","11":"shipping-taxable","12":"product-type-simple"},"_links":{"self":[{"href":"https:\/\/www.dvc.video\/sl\/wp-json\/wp\/v2\/product\/27451","targetHints":{"allow":["GET"]}}],"collection":[{"href":"https:\/\/www.dvc.video\/sl\/wp-json\/wp\/v2\/product"}],"about":[{"href":"https:\/\/www.dvc.video\/sl\/wp-json\/wp\/v2\/types\/product"}],"wp:featuredmedia":[{"embeddable":true,"href":"https:\/\/www.dvc.video\/sl\/wp-json\/wp\/v2\/media\/29072"}],"wp:attachment":[{"href":"https:\/\/www.dvc.video\/sl\/wp-json\/wp\/v2\/media?parent=27451"}],"wp:term":[{"taxonomy":"product_brand","embeddable":true,"href":"https:\/\/www.dvc.video\/sl\/wp-json\/wp\/v2\/product_brand?post=27451"},{"taxonomy":"product_cat","embeddable":true,"href":"https:\/\/www.dvc.video\/sl\/wp-json\/wp\/v2\/product_cat?post=27451"},{"taxonomy":"product_tag","embeddable":true,"href":"https:\/\/www.dvc.video\/sl\/wp-json\/wp\/v2\/product_tag?post=27451"}],"curies":[{"name":"wp","href":"https:\/\/api.w.org\/{rel}","templated":true}]}}