{"id":27442,"date":"2024-02-20T09:45:23","date_gmt":"2024-02-20T08:45:23","guid":{"rendered":"https:\/\/www.dvc.video\/proizvod\/\u043d\u0435\u043a\u0430\u0442\u0435\u0433\u043e\u0440\u0438\u0437\u043e\u0432\u0430\u043d\u043e\/dcn-bm6125ai-dl\/"},"modified":"2026-04-11T05:31:47","modified_gmt":"2026-04-11T03:31:47","slug":"dcn-bm6125ai-dl","status":"publish","type":"product","link":"https:\/\/www.dvc.video\/sl\/produkt\/video-nadzor\/kamere-sl\/dcn-bm6125ai-dl\/","title":{"rendered":"DCN-BM6125AI-DL"},"content":{"rendered":"<p><a href=\"https:\/\/b2b.alarmautomatika.com\/documentation\/Video_nadzor\/7_IP_video_nadzor\/Korisni\u010dke_upute_i_softwari_za_panteon\/DVC data sheets\/DCN-BM6125AI-DL.pdf?utm_source=dvc&amp;utm_medium=web&amp;utm_campaign=datasheet&amp;utm_term=DCN-BM6125AI-DL\" target=\"_blank\" class=\"button-datasheet\" rel=\"noopener\">Datasheet<\/a><\/p>\n","protected":false},"excerpt":{"rendered":"<p>6Mpx Bullet IP video kamera, resolucije 6Mpx\/25fps, objektiv 2,8 &#8211; 12mm moto zoom, H.265+ \/H.265 \/H.264+ \/H.264\/MJPEG, dvojna svetloba, domet bele svetlobe 30-50m  in domet LED IR 30-50m , IP67, 12VDC\/PoE, 6,5W,  &#8211; 30 \u00b0C ~ 65\u00b0C, WDR 120dB, SD slot do 256GB Onvif, AI VCA, IP67 za\u0161\u010dita. Podno\u017eje H-2 (za modele DAJ-38, DAJ-40, L nosilec DAM-32; potrebno dodatno naro\u010dilo). Nadome\u0161\u010da kamero DCN-BM5125AIN.<\/p>\n","protected":false},"featured_media":29324,"template":"","meta":{"_et_pb_use_builder":"","_et_pb_old_content":"","_et_gb_content_width":""},"product_brand":[],"product_cat":[6301,6298],"product_tag":[],"class_list":{"0":"post-27442","1":"product","2":"type-product","3":"status-publish","4":"has-post-thumbnail","6":"product_cat-kamere-sl","7":"product_cat-video-nadzor","9":"first","10":"instock","11":"shipping-taxable","12":"product-type-simple"},"_links":{"self":[{"href":"https:\/\/www.dvc.video\/sl\/wp-json\/wp\/v2\/product\/27442","targetHints":{"allow":["GET"]}}],"collection":[{"href":"https:\/\/www.dvc.video\/sl\/wp-json\/wp\/v2\/product"}],"about":[{"href":"https:\/\/www.dvc.video\/sl\/wp-json\/wp\/v2\/types\/product"}],"wp:featuredmedia":[{"embeddable":true,"href":"https:\/\/www.dvc.video\/sl\/wp-json\/wp\/v2\/media\/29324"}],"wp:attachment":[{"href":"https:\/\/www.dvc.video\/sl\/wp-json\/wp\/v2\/media?parent=27442"}],"wp:term":[{"taxonomy":"product_brand","embeddable":true,"href":"https:\/\/www.dvc.video\/sl\/wp-json\/wp\/v2\/product_brand?post=27442"},{"taxonomy":"product_cat","embeddable":true,"href":"https:\/\/www.dvc.video\/sl\/wp-json\/wp\/v2\/product_cat?post=27442"},{"taxonomy":"product_tag","embeddable":true,"href":"https:\/\/www.dvc.video\/sl\/wp-json\/wp\/v2\/product_tag?post=27442"}],"curies":[{"name":"wp","href":"https:\/\/api.w.org\/{rel}","templated":true}]}}